{"id":12707,"date":"2025-06-29T14:36:16","date_gmt":"2025-06-29T12:36:16","guid":{"rendered":"https:\/\/uj.adatbank.ro\/lexikon\/termek\/korosi-istvan\/"},"modified":"2025-06-29T14:36:16","modified_gmt":"2025-06-29T12:36:16","slug":"korosi-istvan","status":"publish","type":"product","link":"https:\/\/uj.adatbank.ro\/lexikon\/termek\/korosi-istvan\/","title":{"rendered":"K\u00d6R\u00d6SI Istv\u00e1n"},"content":{"rendered":"<p>? \u2020 ?: sz\u00e1zados. \u2013 Cs. k. kamar\u00e1s, honv\u00e9dsz\u00e1zados. Mv.-en a Sz\u00e9kely T\u00e1rsas\u00e1g (1901\u2013) rendez\u0151bizotts\u00e1gi tagja \u00e9s t\u00e1mogat\u00e1s\u00e1val sz\u00e1mtalan kiadv\u00e1nyt jelentetett meg t\u00f6bb ezer p\u00e9ld\u00e1nyban. <br \/><strong>Irod.:<\/strong> Balaton Petra: A sz\u00e9kely t\u00e1rsadalom \u00f6nszervez\u0151d\u00e9se: A Sz\u00e9kely T\u00e1rsas\u00e1gok (I.-iI.): T\u00f6rekv\u00e9sek Sz\u00e9kelyf\u00f6ld felz\u00e1rk\u00f3ztat\u00e1s\u00e1ra a 20. sz\u00e1zad elej\u00e9n (Korunk, 1. sz., 2010. jan.; 2. sz., 2010. febr.)<\/br><\/p>\n","protected":false},"excerpt":{"rendered":"<p>? \u2020 ?: sz\u00e1zados. \u2013 Cs. k. kamar\u00e1s, honv\u00e9dsz\u00e1zados. Mv.-en a Sz\u00e9kely T\u00e1rsas\u00e1g (1901\u2013) rendez\u0151bizotts\u00e1gi tagja \u00e9s t\u00e1mogat\u00e1s\u00e1val sz\u00e1mtalan kiadv\u00e1nyt jelentetett meg t\u00f6bb ezer p\u00e9ld\u00e1nyban. Irod.: Balaton Petra: A sz\u00e9kely t\u00e1rsadalom \u00f6nszervez\u0151d\u00e9se: A Sz\u00e9kely T\u00e1rsas\u00e1gok (I.-iI.): T\u00f6rekv\u00e9sek Sz\u00e9kelyf\u00f6ld felz\u00e1rk\u00f3ztat\u00e1s\u00e1ra a 20. sz\u00e1zad elej\u00e9n (Korunk, 1. sz., 2010. jan.; 2. sz., 2010. febr.)<\/p>\n","protected":false},"featured_media":0,"comment_status":"open","ping_status":"closed","template":"","meta":[],"product_brand":[],"product_cat":[137],"product_tag":[],"class_list":{"0":"post-12707","1":"product","2":"type-product","3":"status-publish","5":"product_cat-maros-megyei-eletrajzi-lexikon","7":"first","8":"instock","9":"shipping-taxable","10":"product-type-simple"},"_links":{"self":[{"href":"https:\/\/uj.adatbank.ro\/lexikon\/wp-json\/wp\/v2\/product\/12707","targetHints":{"allow":["GET"]}}],"collection":[{"href":"https:\/\/uj.adatbank.ro\/lexikon\/wp-json\/wp\/v2\/product"}],"about":[{"href":"https:\/\/uj.adatbank.ro\/lexikon\/wp-json\/wp\/v2\/types\/product"}],"replies":[{"embeddable":true,"href":"https:\/\/uj.adatbank.ro\/lexikon\/wp-json\/wp\/v2\/comments?post=12707"}],"wp:attachment":[{"href":"https:\/\/uj.adatbank.ro\/lexikon\/wp-json\/wp\/v2\/media?parent=12707"}],"wp:term":[{"taxonomy":"product_brand","embeddable":true,"href":"https:\/\/uj.adatbank.ro\/lexikon\/wp-json\/wp\/v2\/product_brand?post=12707"},{"taxonomy":"product_cat","embeddable":true,"href":"https:\/\/uj.adatbank.ro\/lexikon\/wp-json\/wp\/v2\/product_cat?post=12707"},{"taxonomy":"product_tag","embeddable":true,"href":"https:\/\/uj.adatbank.ro\/lexikon\/wp-json\/wp\/v2\/product_tag?post=12707"}],"curies":[{"name":"wp","href":"https:\/\/api.w.org\/{rel}","templated":true}]}}