{"id":12709,"date":"2025-06-29T14:36:23","date_gmt":"2025-06-29T12:36:23","guid":{"rendered":"https:\/\/uj.adatbank.ro\/lexikon\/termek\/korosi-jozsef-bonyhai-korosi-josephus-de-bonyha\/"},"modified":"2025-06-29T14:36:23","modified_gmt":"2025-06-29T12:36:23","slug":"korosi-jozsef-bonyhai-korosi-josephus-de-bonyha","status":"publish","type":"product","link":"https:\/\/uj.adatbank.ro\/lexikon\/termek\/korosi-jozsef-bonyhai-korosi-josephus-de-bonyha\/","title":{"rendered":"K\u00d6R\u00d6SI J\u00f3zsef, bonyhai, K\u00f6r\u00f6si Josephus de Bonyha"},"content":{"rendered":"<p>Bonyha, 1821., \u2020 ?: mez\u0151gazd\u00e1sz. \u2013K. J\u00f3zsef \u00e9s Birgler M\u00e1ria fia. \u2013 Apja gazdatiszt volt Bethlen \u00c1d\u00e1m gr. udvar\u00e1ban. \u2013 Mv.-en tanult jogot, azut\u00e1n Keszthelyen mez\u0151gazd\u00e1szatot is v\u00e9gzett (1845\u201346). A Kir. T\u00e1bl\u00e1n \u00edrnok lett. <br \/><strong>Irod.:<\/strong> Szab\u00f3 Mikl\u00f3s 2005<\/br><\/p>\n","protected":false},"excerpt":{"rendered":"<p>Bonyha, 1821., \u2020 ?: mez\u0151gazd\u00e1sz. \u2013K. J\u00f3zsef \u00e9s Birgler M\u00e1ria fia. \u2013 Apja gazdatiszt volt Bethlen \u00c1d\u00e1m gr. udvar\u00e1ban. \u2013 Mv.-en tanult jogot, azut\u00e1n Keszthelyen mez\u0151gazd\u00e1szatot is v\u00e9gzett (1845\u201346). A Kir. T\u00e1bl\u00e1n \u00edrnok lett. Irod.: Szab\u00f3 Mikl\u00f3s 2005<\/p>\n","protected":false},"featured_media":0,"comment_status":"open","ping_status":"closed","template":"","meta":[],"product_brand":[],"product_cat":[137],"product_tag":[],"class_list":{"0":"post-12709","1":"product","2":"type-product","3":"status-publish","5":"product_cat-maros-megyei-eletrajzi-lexikon","7":"first","8":"instock","9":"shipping-taxable","10":"product-type-simple"},"_links":{"self":[{"href":"https:\/\/uj.adatbank.ro\/lexikon\/wp-json\/wp\/v2\/product\/12709","targetHints":{"allow":["GET"]}}],"collection":[{"href":"https:\/\/uj.adatbank.ro\/lexikon\/wp-json\/wp\/v2\/product"}],"about":[{"href":"https:\/\/uj.adatbank.ro\/lexikon\/wp-json\/wp\/v2\/types\/product"}],"replies":[{"embeddable":true,"href":"https:\/\/uj.adatbank.ro\/lexikon\/wp-json\/wp\/v2\/comments?post=12709"}],"wp:attachment":[{"href":"https:\/\/uj.adatbank.ro\/lexikon\/wp-json\/wp\/v2\/media?parent=12709"}],"wp:term":[{"taxonomy":"product_brand","embeddable":true,"href":"https:\/\/uj.adatbank.ro\/lexikon\/wp-json\/wp\/v2\/product_brand?post=12709"},{"taxonomy":"product_cat","embeddable":true,"href":"https:\/\/uj.adatbank.ro\/lexikon\/wp-json\/wp\/v2\/product_cat?post=12709"},{"taxonomy":"product_tag","embeddable":true,"href":"https:\/\/uj.adatbank.ro\/lexikon\/wp-json\/wp\/v2\/product_tag?post=12709"}],"curies":[{"name":"wp","href":"https:\/\/api.w.org\/{rel}","templated":true}]}}