{"id":12710,"date":"2025-06-29T14:36:26","date_gmt":"2025-06-29T12:36:26","guid":{"rendered":"https:\/\/uj.adatbank.ro\/lexikon\/termek\/korosi-jozsef-magyarpeterlaki\/"},"modified":"2025-06-29T14:36:26","modified_gmt":"2025-06-29T12:36:26","slug":"korosi-jozsef-magyarpeterlaki","status":"publish","type":"product","link":"https:\/\/uj.adatbank.ro\/lexikon\/termek\/korosi-jozsef-magyarpeterlaki\/","title":{"rendered":"K\u00d6R\u00d6SI J\u00f3zsef, magyarp\u00e9terlaki"},"content":{"rendered":"<p>1875., \u2020 Magyarp\u00e9terlaka, 1926. szept. 4.: Testv\u00e9rei: K. Erzs\u00e9bet Rosnyay Ferencn\u00e9; K. Gy\u00f6rgy; K. Albert, feles\u00e9ge Farkas Sarolta; K. Margit, dr. d\u00e1lnoki Kov\u00e1cs Endr\u00e9n\u00e9; K. Erzs\u00e9bet dr. csikzs\u00f6g\u00f6di Mik\u00f3 K\u00e1rolyn\u00e9. Feles\u00e9ge: munk\u00e1csi Jo\u00f3 Irma. Gyermekeik: Mikl\u00f3s, J\u00f3zsef, Irma \u00e9s Istv\u00e1n. <br \/><strong>Irod.:<\/strong> Gy\u00e1szjelent\u0151<\/br><\/p>\n","protected":false},"excerpt":{"rendered":"<p>1875., \u2020 Magyarp\u00e9terlaka, 1926. szept. 4.: Testv\u00e9rei: K. Erzs\u00e9bet Rosnyay Ferencn\u00e9; K. Gy\u00f6rgy; K. Albert, feles\u00e9ge Farkas Sarolta; K. Margit, dr. d\u00e1lnoki Kov\u00e1cs Endr\u00e9n\u00e9; K. Erzs\u00e9bet dr. csikzs\u00f6g\u00f6di Mik\u00f3 K\u00e1rolyn\u00e9. Feles\u00e9ge: munk\u00e1csi Jo\u00f3 Irma. Gyermekeik: Mikl\u00f3s, J\u00f3zsef, Irma \u00e9s Istv\u00e1n. Irod.: Gy\u00e1szjelent\u0151<\/p>\n","protected":false},"featured_media":0,"comment_status":"open","ping_status":"closed","template":"","meta":[],"product_brand":[],"product_cat":[137],"product_tag":[],"class_list":{"0":"post-12710","1":"product","2":"type-product","3":"status-publish","5":"product_cat-maros-megyei-eletrajzi-lexikon","7":"first","8":"instock","9":"shipping-taxable","10":"product-type-simple"},"_links":{"self":[{"href":"https:\/\/uj.adatbank.ro\/lexikon\/wp-json\/wp\/v2\/product\/12710","targetHints":{"allow":["GET"]}}],"collection":[{"href":"https:\/\/uj.adatbank.ro\/lexikon\/wp-json\/wp\/v2\/product"}],"about":[{"href":"https:\/\/uj.adatbank.ro\/lexikon\/wp-json\/wp\/v2\/types\/product"}],"replies":[{"embeddable":true,"href":"https:\/\/uj.adatbank.ro\/lexikon\/wp-json\/wp\/v2\/comments?post=12710"}],"wp:attachment":[{"href":"https:\/\/uj.adatbank.ro\/lexikon\/wp-json\/wp\/v2\/media?parent=12710"}],"wp:term":[{"taxonomy":"product_brand","embeddable":true,"href":"https:\/\/uj.adatbank.ro\/lexikon\/wp-json\/wp\/v2\/product_brand?post=12710"},{"taxonomy":"product_cat","embeddable":true,"href":"https:\/\/uj.adatbank.ro\/lexikon\/wp-json\/wp\/v2\/product_cat?post=12710"},{"taxonomy":"product_tag","embeddable":true,"href":"https:\/\/uj.adatbank.ro\/lexikon\/wp-json\/wp\/v2\/product_tag?post=12710"}],"curies":[{"name":"wp","href":"https:\/\/api.w.org\/{rel}","templated":true}]}}