{"id":12715,"date":"2025-06-29T14:36:36","date_gmt":"2025-06-29T12:36:36","guid":{"rendered":"https:\/\/uj.adatbank.ro\/lexikon\/termek\/korosi-samuel-crisan\/"},"modified":"2025-06-29T14:36:36","modified_gmt":"2025-06-29T12:36:36","slug":"korosi-samuel-crisan","status":"publish","type":"product","link":"https:\/\/uj.adatbank.ro\/lexikon\/termek\/korosi-samuel-crisan\/","title":{"rendered":"K\u0150R\u00d6SI S\u00e1muel; Cri\u015fan"},"content":{"rendered":"<p>? \u2020 ?: tan\u00e1r a ref Koll. -ban. \u2013 <strong>F. m.:<\/strong> Ortografia latino-valachica; Lexicon valachic-latin-maghiar. <br \/><strong>Irod.:<\/strong> L\u0103z\u0103riciu, Ioan : Istoria literaturei rom\u00e2ne (Sibiu, 1892)<\/br><\/p>\n","protected":false},"excerpt":{"rendered":"<p>? \u2020 ?: tan\u00e1r a ref Koll. -ban. \u2013 F. m.: Ortografia latino-valachica; Lexicon valachic-latin-maghiar. Irod.: L\u0103z\u0103riciu, Ioan : Istoria literaturei rom\u00e2ne (Sibiu, 1892)<\/p>\n","protected":false},"featured_media":0,"comment_status":"open","ping_status":"closed","template":"","meta":[],"product_brand":[],"product_cat":[137],"product_tag":[],"class_list":{"0":"post-12715","1":"product","2":"type-product","3":"status-publish","5":"product_cat-maros-megyei-eletrajzi-lexikon","7":"first","8":"instock","9":"shipping-taxable","10":"product-type-simple"},"_links":{"self":[{"href":"https:\/\/uj.adatbank.ro\/lexikon\/wp-json\/wp\/v2\/product\/12715","targetHints":{"allow":["GET"]}}],"collection":[{"href":"https:\/\/uj.adatbank.ro\/lexikon\/wp-json\/wp\/v2\/product"}],"about":[{"href":"https:\/\/uj.adatbank.ro\/lexikon\/wp-json\/wp\/v2\/types\/product"}],"replies":[{"embeddable":true,"href":"https:\/\/uj.adatbank.ro\/lexikon\/wp-json\/wp\/v2\/comments?post=12715"}],"wp:attachment":[{"href":"https:\/\/uj.adatbank.ro\/lexikon\/wp-json\/wp\/v2\/media?parent=12715"}],"wp:term":[{"taxonomy":"product_brand","embeddable":true,"href":"https:\/\/uj.adatbank.ro\/lexikon\/wp-json\/wp\/v2\/product_brand?post=12715"},{"taxonomy":"product_cat","embeddable":true,"href":"https:\/\/uj.adatbank.ro\/lexikon\/wp-json\/wp\/v2\/product_cat?post=12715"},{"taxonomy":"product_tag","embeddable":true,"href":"https:\/\/uj.adatbank.ro\/lexikon\/wp-json\/wp\/v2\/product_tag?post=12715"}],"curies":[{"name":"wp","href":"https:\/\/api.w.org\/{rel}","templated":true}]}}