{"id":12716,"date":"2025-06-29T14:36:38","date_gmt":"2025-06-29T12:36:38","guid":{"rendered":"https:\/\/uj.adatbank.ro\/lexikon\/termek\/korosi-stefan-crisan\/"},"modified":"2025-06-29T14:36:38","modified_gmt":"2025-06-29T12:36:38","slug":"korosi-stefan-crisan","status":"publish","type":"product","link":"https:\/\/uj.adatbank.ro\/lexikon\/termek\/korosi-stefan-crisan\/","title":{"rendered":"K\u0150R\u00d6SI \u015etefan; Cri\u015fan"},"content":{"rendered":"<p>? \u2020 ?: tan\u00e1r a mv.-i Rf. Koll.-ban \u2013 Irod : Iorga, Nicolae : Istoria literaturii rom\u00e2ne\u015fti (Buc., 1933)<\/br><\/p>\n","protected":false},"excerpt":{"rendered":"<p>? \u2020 ?: tan\u00e1r a mv.-i Rf. Koll.-ban \u2013 Irod : Iorga, Nicolae : Istoria literaturii rom\u00e2ne\u015fti (Buc., 1933)<\/p>\n","protected":false},"featured_media":0,"comment_status":"open","ping_status":"closed","template":"","meta":[],"product_brand":[],"product_cat":[137],"product_tag":[],"class_list":{"0":"post-12716","1":"product","2":"type-product","3":"status-publish","5":"product_cat-maros-megyei-eletrajzi-lexikon","7":"first","8":"instock","9":"shipping-taxable","10":"product-type-simple"},"_links":{"self":[{"href":"https:\/\/uj.adatbank.ro\/lexikon\/wp-json\/wp\/v2\/product\/12716","targetHints":{"allow":["GET"]}}],"collection":[{"href":"https:\/\/uj.adatbank.ro\/lexikon\/wp-json\/wp\/v2\/product"}],"about":[{"href":"https:\/\/uj.adatbank.ro\/lexikon\/wp-json\/wp\/v2\/types\/product"}],"replies":[{"embeddable":true,"href":"https:\/\/uj.adatbank.ro\/lexikon\/wp-json\/wp\/v2\/comments?post=12716"}],"wp:attachment":[{"href":"https:\/\/uj.adatbank.ro\/lexikon\/wp-json\/wp\/v2\/media?parent=12716"}],"wp:term":[{"taxonomy":"product_brand","embeddable":true,"href":"https:\/\/uj.adatbank.ro\/lexikon\/wp-json\/wp\/v2\/product_brand?post=12716"},{"taxonomy":"product_cat","embeddable":true,"href":"https:\/\/uj.adatbank.ro\/lexikon\/wp-json\/wp\/v2\/product_cat?post=12716"},{"taxonomy":"product_tag","embeddable":true,"href":"https:\/\/uj.adatbank.ro\/lexikon\/wp-json\/wp\/v2\/product_tag?post=12716"}],"curies":[{"name":"wp","href":"https:\/\/api.w.org\/{rel}","templated":true}]}}