{"id":12717,"date":"2025-06-29T14:36:41","date_gmt":"2025-06-29T12:36:41","guid":{"rendered":"https:\/\/uj.adatbank.ro\/lexikon\/termek\/korospataki-janos-korospataki-bedo-janos-korospataki-b-janos\/"},"modified":"2025-06-29T14:36:41","modified_gmt":"2025-06-29T12:36:41","slug":"korospataki-janos-korospataki-bedo-janos-korospataki-b-janos","status":"publish","type":"product","link":"https:\/\/uj.adatbank.ro\/lexikon\/termek\/korospataki-janos-korospataki-bedo-janos-korospataki-b-janos\/","title":{"rendered":"K\u0150R\u00d6SPATAKI J\u00e1nos, K\u0151r\u00f6spataki Bed\u0151 J\u00e1nos, K\u00f6r\u00f6spataki B. J\u00e1nos"},"content":{"rendered":"<p>K\u00f6r\u00f6spatak, 1620. k. \u2020 Mez\u0151cs\u00e1v\u00e1s (Maros), 1661 : lelk\u00e9sz, histori\u00e1s\u00e9nek szerz\u0151. \u2013 Val\u00f3sz\u00edn\u0171leg a k\u00f6r\u00f6spataki Bed\u0151 csal\u00e1d sarja, azonos a fejedelmi kancell\u00e1ri\u00e1n m\u0171k\u00f6d\u0151 (1643) \u00edrnokkal. Mez\u0151cs\u00e1v\u00e1si ref. lelk\u00e9sz (1653\u201358), a telep\u00fcl\u00e9s t\u00f6r\u00f6k\u00f6k \u00e1ltali elpuszt\u00edt\u00e1s\u00e1nak val\u00f3sz\u00edn\u0171leg \u0151 is \u00e1ldozata lett (1661). II R\u00e1k\u00f3czi Gy\u00f6rgy hadj\u00e1ratait meg\u00f6r\u00f6k\u00edt\u0151 hist\u00f3ri\u00e1s \u00e9nekei nyomtat\u00e1sban is megjelentek. Ebben hiteles tanuk\u00e9nt \u00edrta le Erd\u00e9ly pusztul\u00e1s\u00e1t \u00e9s m\u00e9ltatta Mv. v\u00e1ros\u00e1nak a pusztul\u00e1st\u00f3l val\u00f3 megmenek\u00fcl\u00e9s\u00e9t (1658), ami ellentmond Orb\u00e1n Bal\u00e1zs \u00e9s m\u00e1sok le\u00edr\u00e1s\u00e1nak. Lupuj vajd\u00e1r\u00f3l val\u00f3 \u00e9nek c\u00edm\u0171 k\u00f6ltem\u00e9nye arr\u00f3l sz\u00f3l, hogy II. R\u00e1k\u00f3czi Gy\u00f6rgy \u00e9s hadserege mik\u00e9nt seg\u00edti meg Matei Basarab havasalf\u00f6ldi vajd\u00e1t a t\u00fals\u00e1gosan \u00f6ntelt \u00e9s hatalomra t\u00f6r\u0151 Vasile Lupu moldvai fejedelem t\u00e1mad\u00e1s\u00e1val szemben: A szerz\u0151 \u2013 ak\u00e1rcsak a lengyel p\u00e1rti fejedelem \u2013 egy\u00e9rtelm\u0171en a v\u00e9dekez\u0151 M\u00e1t\u00e9 vajda mell\u00e9 \u00e1ll, szemben a koz\u00e1k csapatokkal t\u00e1mad\u00f3 Lupujjal. \u2013 <strong>F. m.:<\/strong> Lupuj Vaidarol val\u00f3 \u00c9nek mid\u0151n Maga Fel-fuvalkodotts\u00e1g\u00e1ban, Havasalf\u00f6ldi M\u00e1th\u00e9 Vajd\u00e1ra ment\u00e9be, Isten tsud\u00e1latos-k\u00e9ppen meg-b\u00fcntette, \u00e9s nagy sz\u00e9gyenbe hozta M\u00e1th\u00e9 Vajda \u00e9s ez erd\u00e9lyi fejedelem \u00e1ltal. (L\u0151tse, 1655). Egyetlen p\u00e9ld\u00e1nya az erd\u00e9lyi M\u00fazeumban; A havasalf\u00f6ldi harcr\u00f3l val\u00f3 hist\u00f3ria (h. n., 1656); Erd\u00e9lynek \u00e9s Magyarorsz\u00e1gnak sz\u00f6rny\u0171 roml\u00e1s\u00e1t\u00f3l \u00e9s a n\u00e9peknek rabs\u00e1gba vitel\u00e9r\u0151l val\u00f3 r\u00f6vid hist\u00f3ria (h. n. 1660); <strong>antol\u00f3g.:<\/strong> Be\u00f6thy: A magyar nemzeti irodalom t\u00f6rt\u00e9neti ismertet\u00e9se (Bp., 1883); A magyar k\u00f6lt\u00e9szet kincsesh\u00e1za (Bp., 1895); A r\u00e9gi magyar k\u00f6lt\u00e9szet remekei (Bp., 1903); Versekben t\u00fcnd\u00f6kl\u0151 Erd\u00e9ly (Kv., 1941); Szigetek a Holttengerben (Mv., 1998). <br \/><strong>Irod.:<\/strong> Benk\u0151: Transilvania; Be\u00f6thy; Bi\u00e1s Istv\u00e1n: Unit\u00e1rius egyh\u00e1zt\u00f6rt\u00e9neti adatok (Mv., 1910); Bod P\u00e9ter: Magyar Athenas; Bodn\u00e1r; D\u00e9zsi Lajos: Magyar t\u00f6rt\u00e9neti t\u00e1rgy\u00fa sz\u00e9pirodalom (Bp., 1927); Ferenczy-Danielik; Hor\u00e1nyi; MAM\u0170L; Maros megye; MIL; P\u00e1l-Antal 2003; P\u00e1l-Antal 2009; Pint\u00e9r; RMK; Rugonfalvi Kiss; Szinnyei; Szinnyei J.; Toldy; T\u00f3th Istv\u00e1n: Mv. irodalmi m\u0171velts\u00e9g\u00e9r\u0151l 8. (N\u00fa., M\u00fazsa., 455 sz., 2000. aug. 19; M\u00fazsa 458. szept. 9), \u00daIL, Veress<\/br><\/p>\n","protected":false},"excerpt":{"rendered":"<p>K\u00f6r\u00f6spatak, 1620. k. \u2020 Mez\u0151cs\u00e1v\u00e1s (Maros), 1661 : lelk\u00e9sz, histori\u00e1s\u00e9nek szerz\u0151. \u2013 Val\u00f3sz\u00edn\u0171leg a k\u00f6r\u00f6spataki Bed\u0151 csal\u00e1d sarja, azonos a fejedelmi kancell\u00e1ri\u00e1n m\u0171k\u00f6d\u0151 (1643) \u00edrnokkal. Mez\u0151cs\u00e1v\u00e1si ref. lelk\u00e9sz (1653\u201358), a telep\u00fcl\u00e9s t\u00f6r\u00f6k\u00f6k \u00e1ltali elpuszt\u00edt\u00e1s\u00e1nak val\u00f3sz\u00edn\u0171leg \u0151 is \u00e1ldozata lett (1661). II R\u00e1k\u00f3czi Gy\u00f6rgy hadj\u00e1ratait meg\u00f6r\u00f6k\u00edt\u0151 hist\u00f3ri\u00e1s \u00e9nekei nyomtat\u00e1sban is megjelentek. Ebben hiteles tanuk\u00e9nt \u00edrta le [&hellip;]<\/p>\n","protected":false},"featured_media":0,"comment_status":"open","ping_status":"closed","template":"","meta":[],"product_brand":[],"product_cat":[137],"product_tag":[],"class_list":{"0":"post-12717","1":"product","2":"type-product","3":"status-publish","5":"product_cat-maros-megyei-eletrajzi-lexikon","7":"first","8":"instock","9":"shipping-taxable","10":"product-type-simple"},"_links":{"self":[{"href":"https:\/\/uj.adatbank.ro\/lexikon\/wp-json\/wp\/v2\/product\/12717","targetHints":{"allow":["GET"]}}],"collection":[{"href":"https:\/\/uj.adatbank.ro\/lexikon\/wp-json\/wp\/v2\/product"}],"about":[{"href":"https:\/\/uj.adatbank.ro\/lexikon\/wp-json\/wp\/v2\/types\/product"}],"replies":[{"embeddable":true,"href":"https:\/\/uj.adatbank.ro\/lexikon\/wp-json\/wp\/v2\/comments?post=12717"}],"wp:attachment":[{"href":"https:\/\/uj.adatbank.ro\/lexikon\/wp-json\/wp\/v2\/media?parent=12717"}],"wp:term":[{"taxonomy":"product_brand","embeddable":true,"href":"https:\/\/uj.adatbank.ro\/lexikon\/wp-json\/wp\/v2\/product_brand?post=12717"},{"taxonomy":"product_cat","embeddable":true,"href":"https:\/\/uj.adatbank.ro\/lexikon\/wp-json\/wp\/v2\/product_cat?post=12717"},{"taxonomy":"product_tag","embeddable":true,"href":"https:\/\/uj.adatbank.ro\/lexikon\/wp-json\/wp\/v2\/product_tag?post=12717"}],"curies":[{"name":"wp","href":"https:\/\/api.w.org\/{rel}","templated":true}]}}