{"id":12718,"date":"2025-06-29T14:36:44","date_gmt":"2025-06-29T12:36:44","guid":{"rendered":"https:\/\/uj.adatbank.ro\/lexikon\/termek\/korospataki-mihaly-korospataki-mihaly-deak\/"},"modified":"2025-06-29T14:36:44","modified_gmt":"2025-06-29T12:36:44","slug":"korospataki-mihaly-korospataki-mihaly-deak","status":"publish","type":"product","link":"https:\/\/uj.adatbank.ro\/lexikon\/termek\/korospataki-mihaly-korospataki-mihaly-deak\/","title":{"rendered":"K\u0150R\u00d6SPATAKI Mih\u00e1ly, K\u0151r\u00f6spataki Mih\u00e1ly De\u00e1k"},"content":{"rendered":"<p>? \u2020 ? : tan\u00edt\u00f3. \u2013 A Ny\u00e1r\u00e1dszentm\u00e1rtoni unit. iskola tan\u00edt\u00f3ja (1602); Marosbog\u00e1ton tan\u00edtott (1649). <br \/><strong>Irod.:<\/strong> Cs\u00edkfalva; K\u00fck\u00fcll\u0151i Ref. Egyh\u00e1zm. 3.<\/br><\/p>\n","protected":false},"excerpt":{"rendered":"<p>? \u2020 ? : tan\u00edt\u00f3. \u2013 A Ny\u00e1r\u00e1dszentm\u00e1rtoni unit. iskola tan\u00edt\u00f3ja (1602); Marosbog\u00e1ton tan\u00edtott (1649). Irod.: Cs\u00edkfalva; K\u00fck\u00fcll\u0151i Ref. Egyh\u00e1zm. 3.<\/p>\n","protected":false},"featured_media":0,"comment_status":"open","ping_status":"closed","template":"","meta":[],"product_brand":[],"product_cat":[137],"product_tag":[],"class_list":{"0":"post-12718","1":"product","2":"type-product","3":"status-publish","5":"product_cat-maros-megyei-eletrajzi-lexikon","7":"first","8":"instock","9":"shipping-taxable","10":"product-type-simple"},"_links":{"self":[{"href":"https:\/\/uj.adatbank.ro\/lexikon\/wp-json\/wp\/v2\/product\/12718","targetHints":{"allow":["GET"]}}],"collection":[{"href":"https:\/\/uj.adatbank.ro\/lexikon\/wp-json\/wp\/v2\/product"}],"about":[{"href":"https:\/\/uj.adatbank.ro\/lexikon\/wp-json\/wp\/v2\/types\/product"}],"replies":[{"embeddable":true,"href":"https:\/\/uj.adatbank.ro\/lexikon\/wp-json\/wp\/v2\/comments?post=12718"}],"wp:attachment":[{"href":"https:\/\/uj.adatbank.ro\/lexikon\/wp-json\/wp\/v2\/media?parent=12718"}],"wp:term":[{"taxonomy":"product_brand","embeddable":true,"href":"https:\/\/uj.adatbank.ro\/lexikon\/wp-json\/wp\/v2\/product_brand?post=12718"},{"taxonomy":"product_cat","embeddable":true,"href":"https:\/\/uj.adatbank.ro\/lexikon\/wp-json\/wp\/v2\/product_cat?post=12718"},{"taxonomy":"product_tag","embeddable":true,"href":"https:\/\/uj.adatbank.ro\/lexikon\/wp-json\/wp\/v2\/product_tag?post=12718"}],"curies":[{"name":"wp","href":"https:\/\/api.w.org\/{rel}","templated":true}]}}