{"id":12720,"date":"2025-06-29T14:36:46","date_gmt":"2025-06-29T12:36:46","guid":{"rendered":"https:\/\/uj.adatbank.ro\/lexikon\/termek\/korossy-albert-kalman-korosi\/"},"modified":"2025-06-29T14:36:46","modified_gmt":"2025-06-29T12:36:46","slug":"korossy-albert-kalman-korosi","status":"publish","type":"product","link":"https:\/\/uj.adatbank.ro\/lexikon\/termek\/korossy-albert-kalman-korosi\/","title":{"rendered":"K\u0150R\u00d6SSY Albert K\u00e1lm\u00e1n, K\u0151r\u00f6si"},"content":{"rendered":"<p>1869., \u20201955.: \u00e9p\u00edt\u00e9szm\u00e9rn\u00f6k. \u2013 Bp.-en dolgozott. Az \u0151 tervei alapj\u00e1n \u00e9p\u00fclt a mv.-i R\u00f3mai Kat. F\u0151gimn. \u00e9s Szemin\u00e1rium \u00e9p\u00fclete (1904\u201305, 1908 tanul\u00f3 otthon). <br \/><strong>Irod.:<\/strong> Id\u0151t\u00e1r 2; Keresztes; Mv.-i R. K. okt.<\/br><\/p>\n","protected":false},"excerpt":{"rendered":"<p>1869., \u20201955.: \u00e9p\u00edt\u00e9szm\u00e9rn\u00f6k. \u2013 Bp.-en dolgozott. Az \u0151 tervei alapj\u00e1n \u00e9p\u00fclt a mv.-i R\u00f3mai Kat. F\u0151gimn. \u00e9s Szemin\u00e1rium \u00e9p\u00fclete (1904\u201305, 1908 tanul\u00f3 otthon). Irod.: Id\u0151t\u00e1r 2; Keresztes; Mv.-i R. K. okt.<\/p>\n","protected":false},"featured_media":0,"comment_status":"open","ping_status":"closed","template":"","meta":[],"product_brand":[],"product_cat":[137],"product_tag":[],"class_list":{"0":"post-12720","1":"product","2":"type-product","3":"status-publish","5":"product_cat-maros-megyei-eletrajzi-lexikon","7":"first","8":"instock","9":"shipping-taxable","10":"product-type-simple"},"_links":{"self":[{"href":"https:\/\/uj.adatbank.ro\/lexikon\/wp-json\/wp\/v2\/product\/12720","targetHints":{"allow":["GET"]}}],"collection":[{"href":"https:\/\/uj.adatbank.ro\/lexikon\/wp-json\/wp\/v2\/product"}],"about":[{"href":"https:\/\/uj.adatbank.ro\/lexikon\/wp-json\/wp\/v2\/types\/product"}],"replies":[{"embeddable":true,"href":"https:\/\/uj.adatbank.ro\/lexikon\/wp-json\/wp\/v2\/comments?post=12720"}],"wp:attachment":[{"href":"https:\/\/uj.adatbank.ro\/lexikon\/wp-json\/wp\/v2\/media?parent=12720"}],"wp:term":[{"taxonomy":"product_brand","embeddable":true,"href":"https:\/\/uj.adatbank.ro\/lexikon\/wp-json\/wp\/v2\/product_brand?post=12720"},{"taxonomy":"product_cat","embeddable":true,"href":"https:\/\/uj.adatbank.ro\/lexikon\/wp-json\/wp\/v2\/product_cat?post=12720"},{"taxonomy":"product_tag","embeddable":true,"href":"https:\/\/uj.adatbank.ro\/lexikon\/wp-json\/wp\/v2\/product_tag?post=12720"}],"curies":[{"name":"wp","href":"https:\/\/api.w.org\/{rel}","templated":true}]}}