{"id":12722,"date":"2025-06-29T14:36:54","date_gmt":"2025-06-29T12:36:54","guid":{"rendered":"https:\/\/uj.adatbank.ro\/lexikon\/termek\/korossy-albert-magyarpeterlaki\/"},"modified":"2025-06-29T14:36:54","modified_gmt":"2025-06-29T12:36:54","slug":"korossy-albert-magyarpeterlaki","status":"publish","type":"product","link":"https:\/\/uj.adatbank.ro\/lexikon\/termek\/korossy-albert-magyarpeterlaki\/","title":{"rendered":"K\u0150R\u00d6SSY Albert, magyarp\u00e9terlaki"},"content":{"rendered":"<p>a csal\u00e1d Biharv\u00e1rmegy\u00e9b\u0151l telep\u00fclt Erd\u00e9lybe, az 1600. \u00e9vt\u0151l kezdve Mv.-en laktak. K. J\u00e1nos, a sz\u00e9kely gyalogs\u00e1g vez\u00e9re, a koronkai mez\u0151n tartott lustr\u00e1n (1636), az el\u0151kel\u0151 nemess\u00e9ghez tartozott. A csal\u00e1d igazolta nemss\u00e9g\u00e9t \u00e9s elismert\u00e9k a marosv\u00e1s\u00e1rhelyi \u00e9s magyarp\u00e9terlaki el\u0151nev\u00e9t ((1776. m\u00e1rc. 11.). <br \/><strong>Irod.:<\/strong> P\u00e1lmay<\/br><\/p>\n","protected":false},"excerpt":{"rendered":"<p>a csal\u00e1d Biharv\u00e1rmegy\u00e9b\u0151l telep\u00fclt Erd\u00e9lybe, az 1600. \u00e9vt\u0151l kezdve Mv.-en laktak. K. J\u00e1nos, a sz\u00e9kely gyalogs\u00e1g vez\u00e9re, a koronkai mez\u0151n tartott lustr\u00e1n (1636), az el\u0151kel\u0151 nemess\u00e9ghez tartozott. A csal\u00e1d igazolta nemss\u00e9g\u00e9t \u00e9s elismert\u00e9k a marosv\u00e1s\u00e1rhelyi \u00e9s magyarp\u00e9terlaki el\u0151nev\u00e9t ((1776. m\u00e1rc. 11.). Irod.: P\u00e1lmay<\/p>\n","protected":false},"featured_media":0,"comment_status":"open","ping_status":"closed","template":"","meta":[],"product_brand":[],"product_cat":[137],"product_tag":[],"class_list":{"0":"post-12722","1":"product","2":"type-product","3":"status-publish","5":"product_cat-maros-megyei-eletrajzi-lexikon","7":"first","8":"instock","9":"shipping-taxable","10":"product-type-simple"},"_links":{"self":[{"href":"https:\/\/uj.adatbank.ro\/lexikon\/wp-json\/wp\/v2\/product\/12722","targetHints":{"allow":["GET"]}}],"collection":[{"href":"https:\/\/uj.adatbank.ro\/lexikon\/wp-json\/wp\/v2\/product"}],"about":[{"href":"https:\/\/uj.adatbank.ro\/lexikon\/wp-json\/wp\/v2\/types\/product"}],"replies":[{"embeddable":true,"href":"https:\/\/uj.adatbank.ro\/lexikon\/wp-json\/wp\/v2\/comments?post=12722"}],"wp:attachment":[{"href":"https:\/\/uj.adatbank.ro\/lexikon\/wp-json\/wp\/v2\/media?parent=12722"}],"wp:term":[{"taxonomy":"product_brand","embeddable":true,"href":"https:\/\/uj.adatbank.ro\/lexikon\/wp-json\/wp\/v2\/product_brand?post=12722"},{"taxonomy":"product_cat","embeddable":true,"href":"https:\/\/uj.adatbank.ro\/lexikon\/wp-json\/wp\/v2\/product_cat?post=12722"},{"taxonomy":"product_tag","embeddable":true,"href":"https:\/\/uj.adatbank.ro\/lexikon\/wp-json\/wp\/v2\/product_tag?post=12722"}],"curies":[{"name":"wp","href":"https:\/\/api.w.org\/{rel}","templated":true}]}}