{"id":12723,"date":"2025-06-29T14:36:57","date_gmt":"2025-06-29T12:36:57","guid":{"rendered":"https:\/\/uj.adatbank.ro\/lexikon\/termek\/korossy-albert-magyarpeterlaki-2\/"},"modified":"2025-06-29T14:36:57","modified_gmt":"2025-06-29T12:36:57","slug":"korossy-albert-magyarpeterlaki-2","status":"publish","type":"product","link":"https:\/\/uj.adatbank.ro\/lexikon\/termek\/korossy-albert-magyarpeterlaki-2\/","title":{"rendered":"K\u0150R\u00d6SSY Albert, magyarp\u00e9terlaki"},"content":{"rendered":"<p>Magyarp\u00e9terlaka, 1878., \u2020 ? : f\u0151szolgab\u00edr\u00f3, birtokos. \u2013 K\u00f6z\u00e9piskol\u00e1it Mv.-en, az egyetemet Kv.-on v\u00e9gezte, majd a k\u00f6zigazgat\u00e1si p\u00e1ly\u00e1ra l\u00e9pett Mv.-en, ahol el\u0151bb mint joggyakornok, majd aljegyz\u0151, f\u0151szolgab\u00edr\u00f3k\u00e9nt m\u0171k\u00f6d\u00f6tt (\u20131919), amikor \u00e1ll\u00e1s\u00e1b\u00f3l felf\u00fcggesztett\u00e9k. Jelen volt Rudolf tr\u00f3n\u00f6r\u00f6k\u00f6s g\u00f6rg\u00e9nyszentimrei vad\u00e1szat\u00e1n. A MP tagja volt. Az els\u0151 vh.-ban a 22. gy. e.-ben Galici\u00e1ban szolg\u00e1lt. Nyugd\u00edjaz\u00e1sa ut\u00e1n Sz\u00e1szr\u00e9genben \u00e9lt. <br \/><strong>Irod.:<\/strong> P\u00e1lmay; Sz\u00e9kelyf\u00f6ld \u00ed. k.<\/br><\/p>\n","protected":false},"excerpt":{"rendered":"<p>Magyarp\u00e9terlaka, 1878., \u2020 ? : f\u0151szolgab\u00edr\u00f3, birtokos. \u2013 K\u00f6z\u00e9piskol\u00e1it Mv.-en, az egyetemet Kv.-on v\u00e9gezte, majd a k\u00f6zigazgat\u00e1si p\u00e1ly\u00e1ra l\u00e9pett Mv.-en, ahol el\u0151bb mint joggyakornok, majd aljegyz\u0151, f\u0151szolgab\u00edr\u00f3k\u00e9nt m\u0171k\u00f6d\u00f6tt (\u20131919), amikor \u00e1ll\u00e1s\u00e1b\u00f3l felf\u00fcggesztett\u00e9k. Jelen volt Rudolf tr\u00f3n\u00f6r\u00f6k\u00f6s g\u00f6rg\u00e9nyszentimrei vad\u00e1szat\u00e1n. A MP tagja volt. Az els\u0151 vh.-ban a 22. gy. e.-ben Galici\u00e1ban szolg\u00e1lt. Nyugd\u00edjaz\u00e1sa ut\u00e1n Sz\u00e1szr\u00e9genben \u00e9lt. [&hellip;]<\/p>\n","protected":false},"featured_media":0,"comment_status":"open","ping_status":"closed","template":"","meta":[],"product_brand":[],"product_cat":[137],"product_tag":[],"class_list":{"0":"post-12723","1":"product","2":"type-product","3":"status-publish","5":"product_cat-maros-megyei-eletrajzi-lexikon","7":"first","8":"instock","9":"shipping-taxable","10":"product-type-simple"},"_links":{"self":[{"href":"https:\/\/uj.adatbank.ro\/lexikon\/wp-json\/wp\/v2\/product\/12723","targetHints":{"allow":["GET"]}}],"collection":[{"href":"https:\/\/uj.adatbank.ro\/lexikon\/wp-json\/wp\/v2\/product"}],"about":[{"href":"https:\/\/uj.adatbank.ro\/lexikon\/wp-json\/wp\/v2\/types\/product"}],"replies":[{"embeddable":true,"href":"https:\/\/uj.adatbank.ro\/lexikon\/wp-json\/wp\/v2\/comments?post=12723"}],"wp:attachment":[{"href":"https:\/\/uj.adatbank.ro\/lexikon\/wp-json\/wp\/v2\/media?parent=12723"}],"wp:term":[{"taxonomy":"product_brand","embeddable":true,"href":"https:\/\/uj.adatbank.ro\/lexikon\/wp-json\/wp\/v2\/product_brand?post=12723"},{"taxonomy":"product_cat","embeddable":true,"href":"https:\/\/uj.adatbank.ro\/lexikon\/wp-json\/wp\/v2\/product_cat?post=12723"},{"taxonomy":"product_tag","embeddable":true,"href":"https:\/\/uj.adatbank.ro\/lexikon\/wp-json\/wp\/v2\/product_tag?post=12723"}],"curies":[{"name":"wp","href":"https:\/\/api.w.org\/{rel}","templated":true}]}}