{"id":12724,"date":"2025-06-29T14:36:58","date_gmt":"2025-06-29T12:36:58","guid":{"rendered":"https:\/\/uj.adatbank.ro\/lexikon\/termek\/korossy-ferenc-korosy-magyarpeterlaki\/"},"modified":"2025-06-29T14:36:58","modified_gmt":"2025-06-29T12:36:58","slug":"korossy-ferenc-korosy-magyarpeterlaki","status":"publish","type":"product","link":"https:\/\/uj.adatbank.ro\/lexikon\/termek\/korossy-ferenc-korosy-magyarpeterlaki\/","title":{"rendered":"K\u0150R\u00d6SSY Ferenc, K\u00f6r\u00f6sy magyarp\u00e9terlaki,"},"content":{"rendered":"<p>Magyarp\u00e9terlaka, 1841., \u2020 1908.? : ref. lelk\u00e9sz, f\u00f6ldbirtokos. \u2013 Feles\u00e9ge: Fogarassy Zsuzs\u00e1nna (1843., \u2020 Magyarp\u00e9terlaka, 1930. m\u00e1rc. 2.). Gyermekeik: K. Gizella dr. Nagy S\u00e1ndorn\u00e9; K. R\u00f3sa; K. Ilona; K. G\u00e1bor, feles\u00e9ge Sz\u00f6glethy Jol\u00e1n. \u2013 K\u00f6z\u00e9piskol\u00e1it Mv.-en, a teol\u00f3gi\u00e1t Kv.-on \u00e9s Nagyenyeden v\u00e9gezte, majd a berlini \u00e9s a genfi akad\u00e9mi\u00e1kon folytatta tanulm\u00e1nyait. V\u00e1mosg\u00e1lfalv\u00e1n volt ref. lelk\u00e9sz (1865\u201372), majd a magyarp\u00e9terlaki birtok\u00e1n \u00e9lt (1870\u20131903-ban is). T\u00f6bb alkalommal adom\u00e1nyozott mag\u00e1nk\u00f6nyvt\u00e1r\u00e1b\u00f3l \u00e9rt\u00e9kes k\u00f6nyveket a Mv.-i Ref. Koll. -nak: 87 k\u00f6tetet (1905), majd 62 k\u00f6tetet \u2013 teol\u00f3giai, filoz\u00f3fiai \u00e9s t\u00f6rt\u00e9nelmi munk\u00e1t (1906), \u00e9s m\u00e9g 28 k\u00f6tetet (1911). \u2013 <strong>F. m.:<\/strong> Szabadelm\u0171 egyh\u00e1zi besz\u00e9dek (Mv., 1870). <br \/><strong>Irod.:<\/strong> Gy\u00e1szjelent\u0151; P\u00e1lmay; Sebesty\u00e9n; Szinnyei<\/br><\/p>\n","protected":false},"excerpt":{"rendered":"<p>Magyarp\u00e9terlaka, 1841., \u2020 1908.? : ref. lelk\u00e9sz, f\u00f6ldbirtokos. \u2013 Feles\u00e9ge: Fogarassy Zsuzs\u00e1nna (1843., \u2020 Magyarp\u00e9terlaka, 1930. m\u00e1rc. 2.). Gyermekeik: K. Gizella dr. Nagy S\u00e1ndorn\u00e9; K. R\u00f3sa; K. Ilona; K. G\u00e1bor, feles\u00e9ge Sz\u00f6glethy Jol\u00e1n. \u2013 K\u00f6z\u00e9piskol\u00e1it Mv.-en, a teol\u00f3gi\u00e1t Kv.-on \u00e9s Nagyenyeden v\u00e9gezte, majd a berlini \u00e9s a genfi akad\u00e9mi\u00e1kon folytatta tanulm\u00e1nyait. V\u00e1mosg\u00e1lfalv\u00e1n volt ref. lelk\u00e9sz [&hellip;]<\/p>\n","protected":false},"featured_media":0,"comment_status":"open","ping_status":"closed","template":"","meta":[],"product_brand":[],"product_cat":[137],"product_tag":[],"class_list":{"0":"post-12724","1":"product","2":"type-product","3":"status-publish","5":"product_cat-maros-megyei-eletrajzi-lexikon","7":"first","8":"instock","9":"shipping-taxable","10":"product-type-simple"},"_links":{"self":[{"href":"https:\/\/uj.adatbank.ro\/lexikon\/wp-json\/wp\/v2\/product\/12724","targetHints":{"allow":["GET"]}}],"collection":[{"href":"https:\/\/uj.adatbank.ro\/lexikon\/wp-json\/wp\/v2\/product"}],"about":[{"href":"https:\/\/uj.adatbank.ro\/lexikon\/wp-json\/wp\/v2\/types\/product"}],"replies":[{"embeddable":true,"href":"https:\/\/uj.adatbank.ro\/lexikon\/wp-json\/wp\/v2\/comments?post=12724"}],"wp:attachment":[{"href":"https:\/\/uj.adatbank.ro\/lexikon\/wp-json\/wp\/v2\/media?parent=12724"}],"wp:term":[{"taxonomy":"product_brand","embeddable":true,"href":"https:\/\/uj.adatbank.ro\/lexikon\/wp-json\/wp\/v2\/product_brand?post=12724"},{"taxonomy":"product_cat","embeddable":true,"href":"https:\/\/uj.adatbank.ro\/lexikon\/wp-json\/wp\/v2\/product_cat?post=12724"},{"taxonomy":"product_tag","embeddable":true,"href":"https:\/\/uj.adatbank.ro\/lexikon\/wp-json\/wp\/v2\/product_tag?post=12724"}],"curies":[{"name":"wp","href":"https:\/\/api.w.org\/{rel}","templated":true}]}}