{"id":12728,"date":"2025-06-29T14:37:09","date_gmt":"2025-06-29T12:37:09","guid":{"rendered":"https:\/\/uj.adatbank.ro\/lexikon\/termek\/korossy-istvan-magyarpeterlaki\/"},"modified":"2025-06-29T14:37:09","modified_gmt":"2025-06-29T12:37:09","slug":"korossy-istvan-magyarpeterlaki","status":"publish","type":"product","link":"https:\/\/uj.adatbank.ro\/lexikon\/termek\/korossy-istvan-magyarpeterlaki\/","title":{"rendered":"K\u0150R\u00d6SSY Istv\u00e1n, magyarp\u00e9terlaki"},"content":{"rendered":"<p>? \u2020 ? : f\u00f6ldbirtokos, kir. kamar\u00e1s, honv\u00e9dsz\u00e1zados. \u2013 Apja M\u00e1rton, anyja Simonffi Judit. \u2013 A R\u00e1k\u00f3czi forradalom alatt v\u00e9rzett el Mv.-en. \u00c9rt\u00e9kes k\u00f6nyveket adom\u00e1nyozott a Mv.-i Ref. Koll. -nak: 87 k\u00f6tet francia, n\u00e9met \u00e9s latin jogi \u00e9s gazdas\u00e1gi munk\u00e1t. Eml\u00e9k\u00e9re annak idej\u00e9n a v\u00e1ros v\u00e9g\u00e9n szobrot emeltek, de az osztr\u00e1k uralom azt elt\u0171ntette. <br \/><strong>Irod.:<\/strong> H\u00edres polg\u00e1rok; Kr\u00f3n. F\u00fcz. (1940. 4\/10)<\/br><\/p>\n","protected":false},"excerpt":{"rendered":"<p>? \u2020 ? : f\u00f6ldbirtokos, kir. kamar\u00e1s, honv\u00e9dsz\u00e1zados. \u2013 Apja M\u00e1rton, anyja Simonffi Judit. \u2013 A R\u00e1k\u00f3czi forradalom alatt v\u00e9rzett el Mv.-en. \u00c9rt\u00e9kes k\u00f6nyveket adom\u00e1nyozott a Mv.-i Ref. Koll. -nak: 87 k\u00f6tet francia, n\u00e9met \u00e9s latin jogi \u00e9s gazdas\u00e1gi munk\u00e1t. Eml\u00e9k\u00e9re annak idej\u00e9n a v\u00e1ros v\u00e9g\u00e9n szobrot emeltek, de az osztr\u00e1k uralom azt elt\u0171ntette. Irod.: [&hellip;]<\/p>\n","protected":false},"featured_media":0,"comment_status":"open","ping_status":"closed","template":"","meta":[],"product_brand":[],"product_cat":[137],"product_tag":[],"class_list":{"0":"post-12728","1":"product","2":"type-product","3":"status-publish","5":"product_cat-maros-megyei-eletrajzi-lexikon","7":"first","8":"instock","9":"shipping-taxable","10":"product-type-simple"},"_links":{"self":[{"href":"https:\/\/uj.adatbank.ro\/lexikon\/wp-json\/wp\/v2\/product\/12728","targetHints":{"allow":["GET"]}}],"collection":[{"href":"https:\/\/uj.adatbank.ro\/lexikon\/wp-json\/wp\/v2\/product"}],"about":[{"href":"https:\/\/uj.adatbank.ro\/lexikon\/wp-json\/wp\/v2\/types\/product"}],"replies":[{"embeddable":true,"href":"https:\/\/uj.adatbank.ro\/lexikon\/wp-json\/wp\/v2\/comments?post=12728"}],"wp:attachment":[{"href":"https:\/\/uj.adatbank.ro\/lexikon\/wp-json\/wp\/v2\/media?parent=12728"}],"wp:term":[{"taxonomy":"product_brand","embeddable":true,"href":"https:\/\/uj.adatbank.ro\/lexikon\/wp-json\/wp\/v2\/product_brand?post=12728"},{"taxonomy":"product_cat","embeddable":true,"href":"https:\/\/uj.adatbank.ro\/lexikon\/wp-json\/wp\/v2\/product_cat?post=12728"},{"taxonomy":"product_tag","embeddable":true,"href":"https:\/\/uj.adatbank.ro\/lexikon\/wp-json\/wp\/v2\/product_tag?post=12728"}],"curies":[{"name":"wp","href":"https:\/\/api.w.org\/{rel}","templated":true}]}}