{"id":12730,"date":"2025-06-29T14:37:12","date_gmt":"2025-06-29T12:37:12","guid":{"rendered":"https:\/\/uj.adatbank.ro\/lexikon\/termek\/korossy-marton-magyarpeterlaki-ifj\/"},"modified":"2025-06-29T14:37:12","modified_gmt":"2025-06-29T12:37:12","slug":"korossy-marton-magyarpeterlaki-ifj","status":"publish","type":"product","link":"https:\/\/uj.adatbank.ro\/lexikon\/termek\/korossy-marton-magyarpeterlaki-ifj\/","title":{"rendered":"K\u0150R\u00d6SSY M\u00e1rton, magyarp\u00e9terlaki, ifj."},"content":{"rendered":"<p>? \u2020 ? : szen\u00e1tor. \u2013 Feles\u00e9ge Simonffi Judit, Simonffi Mih\u00e1ly \u00edt\u00e9l\u0151mester le\u00e1nya. Gyermekeik: Gy\u00f6rgy, erd\u00e9lyi fiscalis-direktor (neje: vajdaszentiv\u00e1ni Bodoni Zsuzsa) \u00e9s Istv\u00e1n; mindketten II. R\u00e1k\u00f3czi Ferenc vit\u00e9z h\u00edvei. Mv. v\u00e1ros szen\u00e1tora (1720 k.), hasonnev\u0171 v\u00e1rosi szen\u00e1tor fia. <br \/><strong>Irod.:<\/strong> Kr\u00f3n. F\u00fcz. (1940. 4\/10)<\/br><\/p>\n","protected":false},"excerpt":{"rendered":"<p>? \u2020 ? : szen\u00e1tor. \u2013 Feles\u00e9ge Simonffi Judit, Simonffi Mih\u00e1ly \u00edt\u00e9l\u0151mester le\u00e1nya. Gyermekeik: Gy\u00f6rgy, erd\u00e9lyi fiscalis-direktor (neje: vajdaszentiv\u00e1ni Bodoni Zsuzsa) \u00e9s Istv\u00e1n; mindketten II. R\u00e1k\u00f3czi Ferenc vit\u00e9z h\u00edvei. Mv. v\u00e1ros szen\u00e1tora (1720 k.), hasonnev\u0171 v\u00e1rosi szen\u00e1tor fia. Irod.: Kr\u00f3n. F\u00fcz. (1940. 4\/10)<\/p>\n","protected":false},"featured_media":0,"comment_status":"open","ping_status":"closed","template":"","meta":[],"product_brand":[],"product_cat":[137],"product_tag":[],"class_list":{"0":"post-12730","1":"product","2":"type-product","3":"status-publish","5":"product_cat-maros-megyei-eletrajzi-lexikon","7":"first","8":"instock","9":"shipping-taxable","10":"product-type-simple"},"_links":{"self":[{"href":"https:\/\/uj.adatbank.ro\/lexikon\/wp-json\/wp\/v2\/product\/12730","targetHints":{"allow":["GET"]}}],"collection":[{"href":"https:\/\/uj.adatbank.ro\/lexikon\/wp-json\/wp\/v2\/product"}],"about":[{"href":"https:\/\/uj.adatbank.ro\/lexikon\/wp-json\/wp\/v2\/types\/product"}],"replies":[{"embeddable":true,"href":"https:\/\/uj.adatbank.ro\/lexikon\/wp-json\/wp\/v2\/comments?post=12730"}],"wp:attachment":[{"href":"https:\/\/uj.adatbank.ro\/lexikon\/wp-json\/wp\/v2\/media?parent=12730"}],"wp:term":[{"taxonomy":"product_brand","embeddable":true,"href":"https:\/\/uj.adatbank.ro\/lexikon\/wp-json\/wp\/v2\/product_brand?post=12730"},{"taxonomy":"product_cat","embeddable":true,"href":"https:\/\/uj.adatbank.ro\/lexikon\/wp-json\/wp\/v2\/product_cat?post=12730"},{"taxonomy":"product_tag","embeddable":true,"href":"https:\/\/uj.adatbank.ro\/lexikon\/wp-json\/wp\/v2\/product_tag?post=12730"}],"curies":[{"name":"wp","href":"https:\/\/api.w.org\/{rel}","templated":true}]}}