{"id":12732,"date":"2025-06-29T14:37:18","date_gmt":"2025-06-29T12:37:18","guid":{"rendered":"https:\/\/uj.adatbank.ro\/lexikon\/termek\/korossy-tibor-%c2%a7\/"},"modified":"2025-06-29T14:37:18","modified_gmt":"2025-06-29T12:37:18","slug":"korossy-tibor-%c2%a7","status":"publish","type":"product","link":"https:\/\/uj.adatbank.ro\/lexikon\/termek\/korossy-tibor-%c2%a7\/","title":{"rendered":"K\u00d6R\u00d6SSY Tibor, \u00a7"},"content":{"rendered":"<p>Magyarp\u00e9terlaka, 1914. j\u00fal. 17., \u2020 Cs\u00edkszereda, 1995. \u00e1pr. 18.: gy\u00f3gyszer\u00e9sz. \u2013 Feles\u00e9ge: P\u00f3tsa Ir\u00e9n. \u2013 Iskol\u00e1it a mv.-i Ref. Koll.-ban v\u00e9gezte (1931), a kv.-i I. Ferdin\u00e1nd kir\u00e1ly rom\u00e1n tannyelv\u0171 egyetem gy\u00f3gyszer\u00e9sz kar\u00e1n annak megsz\u0171n\u00e9s\u00e9ig tanult (1934), Buk.-ben folytatta \u00e9s diplom\u00e1zott (1937). Gyimesb\u00fckk\u00f6n gy\u00f3gyszer\u00e9sz P\u00f3tsa S\u00e1ndor gy\u00f3gyszert\u00e1r\u00e1ban, akinek feles\u00e9g\u00fcl vette a l\u00e1ny\u00e1t \u00e9s vezette a gy\u00f3gyszert\u00e1rat (1944-ig). Rom\u00e1n katonai \u00e1tk\u00e9pz\u00e9sen vett r\u00e9sz (1939) \u00e9s m. \u00e1tk\u00e9pz\u00e9sen (1941), gy\u00f3gyszer\u00e9sz Nyiregyh\u00e1z\u00e1n a 9. hely\u00f6rs\u00e9gi k\u00f3rh\u00e1zban (1944. okt. 6. \u2013), majd N\u00e9meto. -ba jutott a hadsereggel, fogs\u00e1gba ker\u00fclt Belgiumban, majd az angol-amerikai fogolyt\u00e1borban (1945. m\u00e1j. 1. \u2013 1946. nov.). \u00dajb\u00f3l gy\u00f3gyszert\u00e1rnyit\u00e1si jogot k\u00e9rt \u00e9s kapott Gyimesb\u00fckkre \u00e9s az \u00e1llamos\u00edt\u00e1sig (1953). Cs\u00edkszered\u00e1ban gy\u00f3gyszer\u00e9sz nyugd\u00edjaz\u00e1s\u00e1ig (1953\u201376). <br \/><strong>Irod.:<\/strong> P\u00e9ter H. M.; P\u00e9ter H. M. 2013<\/br><\/p>\n","protected":false},"excerpt":{"rendered":"<p>Magyarp\u00e9terlaka, 1914. j\u00fal. 17., \u2020 Cs\u00edkszereda, 1995. \u00e1pr. 18.: gy\u00f3gyszer\u00e9sz. \u2013 Feles\u00e9ge: P\u00f3tsa Ir\u00e9n. \u2013 Iskol\u00e1it a mv.-i Ref. Koll.-ban v\u00e9gezte (1931), a kv.-i I. Ferdin\u00e1nd kir\u00e1ly rom\u00e1n tannyelv\u0171 egyetem gy\u00f3gyszer\u00e9sz kar\u00e1n annak megsz\u0171n\u00e9s\u00e9ig tanult (1934), Buk.-ben folytatta \u00e9s diplom\u00e1zott (1937). Gyimesb\u00fckk\u00f6n gy\u00f3gyszer\u00e9sz P\u00f3tsa S\u00e1ndor gy\u00f3gyszert\u00e1r\u00e1ban, akinek feles\u00e9g\u00fcl vette a l\u00e1ny\u00e1t \u00e9s vezette a gy\u00f3gyszert\u00e1rat [&hellip;]<\/p>\n","protected":false},"featured_media":0,"comment_status":"open","ping_status":"closed","template":"","meta":[],"product_brand":[],"product_cat":[137],"product_tag":[],"class_list":{"0":"post-12732","1":"product","2":"type-product","3":"status-publish","5":"product_cat-maros-megyei-eletrajzi-lexikon","7":"first","8":"instock","9":"shipping-taxable","10":"product-type-simple"},"_links":{"self":[{"href":"https:\/\/uj.adatbank.ro\/lexikon\/wp-json\/wp\/v2\/product\/12732","targetHints":{"allow":["GET"]}}],"collection":[{"href":"https:\/\/uj.adatbank.ro\/lexikon\/wp-json\/wp\/v2\/product"}],"about":[{"href":"https:\/\/uj.adatbank.ro\/lexikon\/wp-json\/wp\/v2\/types\/product"}],"replies":[{"embeddable":true,"href":"https:\/\/uj.adatbank.ro\/lexikon\/wp-json\/wp\/v2\/comments?post=12732"}],"wp:attachment":[{"href":"https:\/\/uj.adatbank.ro\/lexikon\/wp-json\/wp\/v2\/media?parent=12732"}],"wp:term":[{"taxonomy":"product_brand","embeddable":true,"href":"https:\/\/uj.adatbank.ro\/lexikon\/wp-json\/wp\/v2\/product_brand?post=12732"},{"taxonomy":"product_cat","embeddable":true,"href":"https:\/\/uj.adatbank.ro\/lexikon\/wp-json\/wp\/v2\/product_cat?post=12732"},{"taxonomy":"product_tag","embeddable":true,"href":"https:\/\/uj.adatbank.ro\/lexikon\/wp-json\/wp\/v2\/product_tag?post=12732"}],"curies":[{"name":"wp","href":"https:\/\/api.w.org\/{rel}","templated":true}]}}