{"id":12733,"date":"2025-06-29T14:37:19","date_gmt":"2025-06-29T12:37:19","guid":{"rendered":"https:\/\/uj.adatbank.ro\/lexikon\/termek\/korosy-karoly\/"},"modified":"2025-06-29T14:37:19","modified_gmt":"2025-06-29T12:37:19","slug":"korosy-karoly","status":"publish","type":"product","link":"https:\/\/uj.adatbank.ro\/lexikon\/termek\/korosy-karoly\/","title":{"rendered":"K\u00d6R\u00d6SY K\u00e1roly"},"content":{"rendered":"<p>Mv., 1885., \u2020 ?: vend\u00e9gl\u0151s. \u2013 Iskol\u00e1i elv\u00e9gz\u00e9se ujt\u00e1n az asztalosipart tanulta, 25 \u00e9veig a bp.-i Neuschloss-Lichtig rep\u00fcl\u0151g\u00e9pgy\u00e1rban munkavezet\u0151 volt. Az els\u0151 vh.-ban a 62. gy. e. -elaz orosz fronton harcolt, megsebes\u00fclt \u00e9s mint tizedes szerelt le A pestszentl\u0151rinci vas\u00fat\u00e1llom\u00e1s vend\u00e9gl\u0151se volt. <br \/><strong>Irod.:<\/strong> Sz\u00e9kelyf\u00f6ld \u00ed. k.<\/br><\/p>\n","protected":false},"excerpt":{"rendered":"<p>Mv., 1885., \u2020 ?: vend\u00e9gl\u0151s. \u2013 Iskol\u00e1i elv\u00e9gz\u00e9se ujt\u00e1n az asztalosipart tanulta, 25 \u00e9veig a bp.-i Neuschloss-Lichtig rep\u00fcl\u0151g\u00e9pgy\u00e1rban munkavezet\u0151 volt. Az els\u0151 vh.-ban a 62. gy. e. -elaz orosz fronton harcolt, megsebes\u00fclt \u00e9s mint tizedes szerelt le A pestszentl\u0151rinci vas\u00fat\u00e1llom\u00e1s vend\u00e9gl\u0151se volt. Irod.: Sz\u00e9kelyf\u00f6ld \u00ed. k.<\/p>\n","protected":false},"featured_media":0,"comment_status":"open","ping_status":"closed","template":"","meta":[],"product_brand":[],"product_cat":[137],"product_tag":[],"class_list":{"0":"post-12733","1":"product","2":"type-product","3":"status-publish","5":"product_cat-maros-megyei-eletrajzi-lexikon","7":"first","8":"instock","9":"shipping-taxable","10":"product-type-simple"},"_links":{"self":[{"href":"https:\/\/uj.adatbank.ro\/lexikon\/wp-json\/wp\/v2\/product\/12733","targetHints":{"allow":["GET"]}}],"collection":[{"href":"https:\/\/uj.adatbank.ro\/lexikon\/wp-json\/wp\/v2\/product"}],"about":[{"href":"https:\/\/uj.adatbank.ro\/lexikon\/wp-json\/wp\/v2\/types\/product"}],"replies":[{"embeddable":true,"href":"https:\/\/uj.adatbank.ro\/lexikon\/wp-json\/wp\/v2\/comments?post=12733"}],"wp:attachment":[{"href":"https:\/\/uj.adatbank.ro\/lexikon\/wp-json\/wp\/v2\/media?parent=12733"}],"wp:term":[{"taxonomy":"product_brand","embeddable":true,"href":"https:\/\/uj.adatbank.ro\/lexikon\/wp-json\/wp\/v2\/product_brand?post=12733"},{"taxonomy":"product_cat","embeddable":true,"href":"https:\/\/uj.adatbank.ro\/lexikon\/wp-json\/wp\/v2\/product_cat?post=12733"},{"taxonomy":"product_tag","embeddable":true,"href":"https:\/\/uj.adatbank.ro\/lexikon\/wp-json\/wp\/v2\/product_tag?post=12733"}],"curies":[{"name":"wp","href":"https:\/\/api.w.org\/{rel}","templated":true}]}}