{"id":12734,"date":"2025-06-29T14:37:22","date_gmt":"2025-06-29T12:37:22","guid":{"rendered":"https:\/\/uj.adatbank.ro\/lexikon\/termek\/korparich-ede\/"},"modified":"2025-06-29T14:37:22","modified_gmt":"2025-06-29T12:37:22","slug":"korparich-ede","status":"publish","type":"product","link":"https:\/\/uj.adatbank.ro\/lexikon\/termek\/korparich-ede\/","title":{"rendered":"KORPARICH Ede"},"content":{"rendered":"<p>Mostar, 1893, \u2020 Geretsried (N\u00e9meto.), 1984: kapit\u00e1ny, sz\u00e1zados. &#8211; Az Osztr\u00e1k-Magyar tenger\u00e9szet kapit\u00e1nya. A k\u00e9t vh. k\u00f6z\u00f6tt, az erd\u00e9lyi Hangya (Kal\u00e1ka) Sz\u0151vetkezeti K\u00f6zpont igazgat\u00f3s\u00e1gi eln\u00f6ke (1940\u20131947). Az Erd\u00e9lyi Gazdas\u00e1gi Tan\u00e1cs tagja (1940\u2013). A Mv.-i Kaszin\u00f3 v\u00e1lasztm\u00e1nyi tagja (1947). Az Egyetem \u2013bar\u00e1tok egyes\u00fclet\u00e9nek tagjak\u00e9nt erk\u00f6lcsileg \u00e9s anyagilag is t\u00e1mogatta a Mv. -re k\u00f6lt\u00f6ztetett orvosi egyetemet (1946). A M\u00e1rton \u00c1ron p\u00fcsp\u00f6k nev\u00e9vel f\u00e9mjelzett koncepci\u00f3s perben 4 \u00e9vi szigor\u00edtott fegyh\u00e1zb\u00fcntet\u00e9sre \u00e9s 3 polg\u00e1ri jogveszt\u00e9sre \u00edt\u00e9lt\u00e9k. Azzal v\u00e1dolt\u00e1k, hogy kapcsolatban \u00e1ll az angol \u00e9s sv\u00e1jci diplom\u00e1ciai k\u00f6r\u00f6kkel (1946), hogy leford\u00edtotta az erd\u00e9lyi magyars\u00e1g memorandum\u00e1t, amelyet a p\u00e1rizsi b\u00e9ket\u00e1rgyal\u00e1son kellett volna bemutatni, \u00e9s amelyben Erd\u00e9ly auton\u00f3mi\u00e1t vagy rom\u00e1n-m. perszon\u00e1luni\u00f3t k\u00e9rtek. 5 \u00e9v neh\u00e9z b\u00f6rt\u00f6nre \u00edt\u00e9lt\u00e9k (1951. aug. 7.). Kiszabadul\u00e1sa ut\u00e1n az NSZK-ba emigr\u00e1lt. <br \/><strong>Irod.:<\/strong> Autonom magyarok; De\u00e9 Nagy Anik\u00f3 2007; Id\u0151t\u00e1r 3; Katona Szab\u00f3; Komj\u00e1tszegi S\u00e1ndor: In memoriam Dr. Fekete Andor (N\u00fa., 2001., aug., 18); T\u00f3falvi Zolt\u00e1n: Az \u00e9rmih\u00e1lyfalvi csoport pere (II. r\u00e9sz) (Sz\u00e9kelyf\u00f6ld, 7. sz., 2007. j\u00fal.)<\/br><\/p>\n","protected":false},"excerpt":{"rendered":"<p>Mostar, 1893, \u2020 Geretsried (N\u00e9meto.), 1984: kapit\u00e1ny, sz\u00e1zados. &#8211; Az Osztr\u00e1k-Magyar tenger\u00e9szet kapit\u00e1nya. A k\u00e9t vh. k\u00f6z\u00f6tt, az erd\u00e9lyi Hangya (Kal\u00e1ka) Sz\u0151vetkezeti K\u00f6zpont igazgat\u00f3s\u00e1gi eln\u00f6ke (1940\u20131947). Az Erd\u00e9lyi Gazdas\u00e1gi Tan\u00e1cs tagja (1940\u2013). A Mv.-i Kaszin\u00f3 v\u00e1lasztm\u00e1nyi tagja (1947). Az Egyetem \u2013bar\u00e1tok egyes\u00fclet\u00e9nek tagjak\u00e9nt erk\u00f6lcsileg \u00e9s anyagilag is t\u00e1mogatta a Mv. -re k\u00f6lt\u00f6ztetett orvosi egyetemet (1946). [&hellip;]<\/p>\n","protected":false},"featured_media":0,"comment_status":"open","ping_status":"closed","template":"","meta":[],"product_brand":[],"product_cat":[137],"product_tag":[],"class_list":{"0":"post-12734","1":"product","2":"type-product","3":"status-publish","5":"product_cat-maros-megyei-eletrajzi-lexikon","7":"first","8":"instock","9":"shipping-taxable","10":"product-type-simple"},"_links":{"self":[{"href":"https:\/\/uj.adatbank.ro\/lexikon\/wp-json\/wp\/v2\/product\/12734","targetHints":{"allow":["GET"]}}],"collection":[{"href":"https:\/\/uj.adatbank.ro\/lexikon\/wp-json\/wp\/v2\/product"}],"about":[{"href":"https:\/\/uj.adatbank.ro\/lexikon\/wp-json\/wp\/v2\/types\/product"}],"replies":[{"embeddable":true,"href":"https:\/\/uj.adatbank.ro\/lexikon\/wp-json\/wp\/v2\/comments?post=12734"}],"wp:attachment":[{"href":"https:\/\/uj.adatbank.ro\/lexikon\/wp-json\/wp\/v2\/media?parent=12734"}],"wp:term":[{"taxonomy":"product_brand","embeddable":true,"href":"https:\/\/uj.adatbank.ro\/lexikon\/wp-json\/wp\/v2\/product_brand?post=12734"},{"taxonomy":"product_cat","embeddable":true,"href":"https:\/\/uj.adatbank.ro\/lexikon\/wp-json\/wp\/v2\/product_cat?post=12734"},{"taxonomy":"product_tag","embeddable":true,"href":"https:\/\/uj.adatbank.ro\/lexikon\/wp-json\/wp\/v2\/product_tag?post=12734"}],"curies":[{"name":"wp","href":"https:\/\/api.w.org\/{rel}","templated":true}]}}