{"id":12736,"date":"2025-06-29T14:37:26","date_gmt":"2025-06-29T12:37:26","guid":{"rendered":"https:\/\/uj.adatbank.ro\/lexikon\/termek\/korpos-sandor\/"},"modified":"2025-06-29T14:37:26","modified_gmt":"2025-06-29T12:37:26","slug":"korpos-sandor","status":"publish","type":"product","link":"https:\/\/uj.adatbank.ro\/lexikon\/termek\/korpos-sandor\/","title":{"rendered":"KORPOS S\u00e1ndor"},"content":{"rendered":"<p>1930., \u2020 Bp., 2007 dec. 9.: m\u00e9rn\u00f6k. K\u00f6z\u00e9piskol\u00e1t Mv.-en a Bolyai Farkas Ref. Koll.-ban \/ Ranghec \/Bolyai-ban (1950), m\u0171szaki egyetemet Buk.-ben (1955) v\u00e9gezte. <br \/><strong>Irod.:<\/strong><\/br><\/p>\n","protected":false},"excerpt":{"rendered":"<p>1930., \u2020 Bp., 2007 dec. 9.: m\u00e9rn\u00f6k. K\u00f6z\u00e9piskol\u00e1t Mv.-en a Bolyai Farkas Ref. Koll.-ban \/ Ranghec \/Bolyai-ban (1950), m\u0171szaki egyetemet Buk.-ben (1955) v\u00e9gezte. Irod.:<\/p>\n","protected":false},"featured_media":0,"comment_status":"open","ping_status":"closed","template":"","meta":[],"product_brand":[],"product_cat":[137],"product_tag":[],"class_list":{"0":"post-12736","1":"product","2":"type-product","3":"status-publish","5":"product_cat-maros-megyei-eletrajzi-lexikon","7":"first","8":"instock","9":"shipping-taxable","10":"product-type-simple"},"_links":{"self":[{"href":"https:\/\/uj.adatbank.ro\/lexikon\/wp-json\/wp\/v2\/product\/12736","targetHints":{"allow":["GET"]}}],"collection":[{"href":"https:\/\/uj.adatbank.ro\/lexikon\/wp-json\/wp\/v2\/product"}],"about":[{"href":"https:\/\/uj.adatbank.ro\/lexikon\/wp-json\/wp\/v2\/types\/product"}],"replies":[{"embeddable":true,"href":"https:\/\/uj.adatbank.ro\/lexikon\/wp-json\/wp\/v2\/comments?post=12736"}],"wp:attachment":[{"href":"https:\/\/uj.adatbank.ro\/lexikon\/wp-json\/wp\/v2\/media?parent=12736"}],"wp:term":[{"taxonomy":"product_brand","embeddable":true,"href":"https:\/\/uj.adatbank.ro\/lexikon\/wp-json\/wp\/v2\/product_brand?post=12736"},{"taxonomy":"product_cat","embeddable":true,"href":"https:\/\/uj.adatbank.ro\/lexikon\/wp-json\/wp\/v2\/product_cat?post=12736"},{"taxonomy":"product_tag","embeddable":true,"href":"https:\/\/uj.adatbank.ro\/lexikon\/wp-json\/wp\/v2\/product_tag?post=12736"}],"curies":[{"name":"wp","href":"https:\/\/api.w.org\/{rel}","templated":true}]}}