{"id":12737,"date":"2025-06-29T14:37:28","date_gmt":"2025-06-29T12:37:28","guid":{"rendered":"https:\/\/uj.adatbank.ro\/lexikon\/termek\/korrey-gyorgy\/"},"modified":"2025-06-29T14:37:28","modified_gmt":"2025-06-29T12:37:28","slug":"korrey-gyorgy","status":"publish","type":"product","link":"https:\/\/uj.adatbank.ro\/lexikon\/termek\/korrey-gyorgy\/","title":{"rendered":"KORREY Gy\u0151rgy"},"content":{"rendered":"<p>T\u00f3tmegyer, 1811., \u2020 Segesv\u00e1r, 1880) : olt\u00e1rk\u00e9pfest\u0151. \u2013 Tanult Bp.-en, B\u00e9csben. Segesv\u00e1ron dolgozott (1858\u2013). <br \/><strong>Irod.:<\/strong> \u00c9ber; Moln\u00e1r<\/br><\/p>\n","protected":false},"excerpt":{"rendered":"<p>T\u00f3tmegyer, 1811., \u2020 Segesv\u00e1r, 1880) : olt\u00e1rk\u00e9pfest\u0151. \u2013 Tanult Bp.-en, B\u00e9csben. Segesv\u00e1ron dolgozott (1858\u2013). Irod.: \u00c9ber; Moln\u00e1r<\/p>\n","protected":false},"featured_media":0,"comment_status":"open","ping_status":"closed","template":"","meta":[],"product_brand":[],"product_cat":[137],"product_tag":[],"class_list":{"0":"post-12737","1":"product","2":"type-product","3":"status-publish","5":"product_cat-maros-megyei-eletrajzi-lexikon","7":"first","8":"instock","9":"shipping-taxable","10":"product-type-simple"},"_links":{"self":[{"href":"https:\/\/uj.adatbank.ro\/lexikon\/wp-json\/wp\/v2\/product\/12737","targetHints":{"allow":["GET"]}}],"collection":[{"href":"https:\/\/uj.adatbank.ro\/lexikon\/wp-json\/wp\/v2\/product"}],"about":[{"href":"https:\/\/uj.adatbank.ro\/lexikon\/wp-json\/wp\/v2\/types\/product"}],"replies":[{"embeddable":true,"href":"https:\/\/uj.adatbank.ro\/lexikon\/wp-json\/wp\/v2\/comments?post=12737"}],"wp:attachment":[{"href":"https:\/\/uj.adatbank.ro\/lexikon\/wp-json\/wp\/v2\/media?parent=12737"}],"wp:term":[{"taxonomy":"product_brand","embeddable":true,"href":"https:\/\/uj.adatbank.ro\/lexikon\/wp-json\/wp\/v2\/product_brand?post=12737"},{"taxonomy":"product_cat","embeddable":true,"href":"https:\/\/uj.adatbank.ro\/lexikon\/wp-json\/wp\/v2\/product_cat?post=12737"},{"taxonomy":"product_tag","embeddable":true,"href":"https:\/\/uj.adatbank.ro\/lexikon\/wp-json\/wp\/v2\/product_tag?post=12737"}],"curies":[{"name":"wp","href":"https:\/\/api.w.org\/{rel}","templated":true}]}}