{"id":12739,"date":"2025-06-29T14:37:32","date_gmt":"2025-06-29T12:37:32","guid":{"rendered":"https:\/\/uj.adatbank.ro\/lexikon\/termek\/korscher-janos\/"},"modified":"2025-06-29T14:37:32","modified_gmt":"2025-06-29T12:37:32","slug":"korscher-janos","status":"publish","type":"product","link":"https:\/\/uj.adatbank.ro\/lexikon\/termek\/korscher-janos\/","title":{"rendered":"KORSCHER J\u00e1nos"},"content":{"rendered":"<p>? \u2020 ? : sz\u00e1szr\u00e9geni v\u00e1llalkoz\u00f3. <br \/><strong>Irod.:<\/strong> A Magyar Korona orsz\u00e1gainak kivitelk\u00e9pes ipartelepei (Bp., 1897)<\/br><\/p>\n","protected":false},"excerpt":{"rendered":"<p>? \u2020 ? : sz\u00e1szr\u00e9geni v\u00e1llalkoz\u00f3. Irod.: A Magyar Korona orsz\u00e1gainak kivitelk\u00e9pes ipartelepei (Bp., 1897)<\/p>\n","protected":false},"featured_media":0,"comment_status":"open","ping_status":"closed","template":"","meta":[],"product_brand":[],"product_cat":[137],"product_tag":[],"class_list":{"0":"post-12739","1":"product","2":"type-product","3":"status-publish","5":"product_cat-maros-megyei-eletrajzi-lexikon","7":"first","8":"instock","9":"shipping-taxable","10":"product-type-simple"},"_links":{"self":[{"href":"https:\/\/uj.adatbank.ro\/lexikon\/wp-json\/wp\/v2\/product\/12739","targetHints":{"allow":["GET"]}}],"collection":[{"href":"https:\/\/uj.adatbank.ro\/lexikon\/wp-json\/wp\/v2\/product"}],"about":[{"href":"https:\/\/uj.adatbank.ro\/lexikon\/wp-json\/wp\/v2\/types\/product"}],"replies":[{"embeddable":true,"href":"https:\/\/uj.adatbank.ro\/lexikon\/wp-json\/wp\/v2\/comments?post=12739"}],"wp:attachment":[{"href":"https:\/\/uj.adatbank.ro\/lexikon\/wp-json\/wp\/v2\/media?parent=12739"}],"wp:term":[{"taxonomy":"product_brand","embeddable":true,"href":"https:\/\/uj.adatbank.ro\/lexikon\/wp-json\/wp\/v2\/product_brand?post=12739"},{"taxonomy":"product_cat","embeddable":true,"href":"https:\/\/uj.adatbank.ro\/lexikon\/wp-json\/wp\/v2\/product_cat?post=12739"},{"taxonomy":"product_tag","embeddable":true,"href":"https:\/\/uj.adatbank.ro\/lexikon\/wp-json\/wp\/v2\/product_tag?post=12739"}],"curies":[{"name":"wp","href":"https:\/\/api.w.org\/{rel}","templated":true}]}}