{"id":12741,"date":"2025-06-29T14:37:37","date_gmt":"2025-06-29T12:37:37","guid":{"rendered":"https:\/\/uj.adatbank.ro\/lexikon\/termek\/kos-karoly-%c2%a7\/"},"modified":"2025-06-29T14:37:37","modified_gmt":"2025-06-29T12:37:37","slug":"kos-karoly-%c2%a7","status":"publish","type":"product","link":"https:\/\/uj.adatbank.ro\/lexikon\/termek\/kos-karoly-%c2%a7\/","title":{"rendered":"K\u00d3S K\u00e1roly, \u00a7"},"content":{"rendered":"<p>Temesv\u00e1r, 1883. dec. 16., \u2020 Kv., 1977. aug. 24.: \u00e9p\u00edt\u00e9sz, grafikus, \u00edr\u00f3, kult\u00farpolitikus. \u2013 Tagja volt a mv.-i KZST-nek, sz\u00e9kfoglal\u00f3j\u00e1t Nemzeti m\u0171v\u00e9szet c. tartotta (1910. jan. 16.). Mv.-i alkot\u00e1sai: A K\u00f6z\u00fczemek k\u00f6zponti iroda\u00e9p\u00fclete (1910\u201313), emeletes lak\u00f3h\u00e1za, \u0151rlak\u00e1sa, m\u0171hely\u00e9p\u00fclete, a G\u00e1zgy\u00e1r a Kis\u00e1llom\u00e1s szomsz\u00e9ds\u00e1g\u00e1ban k\u00e9sz\u00fclt Bern\u00e1dy Gy\u00f6rgy megb\u00edz\u00e1s\u00e1b\u00f3l. Marosv\u00e9csen r\u00e9szt vett a br. Kem\u00e9ny J\u00e1nos \u00f6sszeh\u00edvta helikoni \u00edr\u00f3k\u00f6z\u00f6ss\u00e9g els\u0151 tal\u00e1lkoz\u00f3j\u00e1n (1926). Marosv\u00e9csen n\u00e9piskol\u00e1t tervezett. K. K. a barokkr\u00f3l = Sz\u00e9kelys\u00e9g t\u00f6rt. <br \/><strong>Irod.:<\/strong> Bede; Kov\u00e1cs Attila Zolt\u00e1n: Hiszem, hogy Erd\u00e9lyben nagyobb sz\u00fcks\u00e9g lesz re\u00e1m, mint Budapesten = Magyar. Erd\u00e9lyben<\/br><\/p>\n","protected":false},"excerpt":{"rendered":"<p>Temesv\u00e1r, 1883. dec. 16., \u2020 Kv., 1977. aug. 24.: \u00e9p\u00edt\u00e9sz, grafikus, \u00edr\u00f3, kult\u00farpolitikus. \u2013 Tagja volt a mv.-i KZST-nek, sz\u00e9kfoglal\u00f3j\u00e1t Nemzeti m\u0171v\u00e9szet c. tartotta (1910. jan. 16.). Mv.-i alkot\u00e1sai: A K\u00f6z\u00fczemek k\u00f6zponti iroda\u00e9p\u00fclete (1910\u201313), emeletes lak\u00f3h\u00e1za, \u0151rlak\u00e1sa, m\u0171hely\u00e9p\u00fclete, a G\u00e1zgy\u00e1r a Kis\u00e1llom\u00e1s szomsz\u00e9ds\u00e1g\u00e1ban k\u00e9sz\u00fclt Bern\u00e1dy Gy\u00f6rgy megb\u00edz\u00e1s\u00e1b\u00f3l. Marosv\u00e9csen r\u00e9szt vett a br. Kem\u00e9ny J\u00e1nos \u00f6sszeh\u00edvta [&hellip;]<\/p>\n","protected":false},"featured_media":0,"comment_status":"open","ping_status":"closed","template":"","meta":[],"product_brand":[],"product_cat":[137],"product_tag":[],"class_list":{"0":"post-12741","1":"product","2":"type-product","3":"status-publish","5":"product_cat-maros-megyei-eletrajzi-lexikon","7":"first","8":"instock","9":"shipping-taxable","10":"product-type-simple"},"_links":{"self":[{"href":"https:\/\/uj.adatbank.ro\/lexikon\/wp-json\/wp\/v2\/product\/12741","targetHints":{"allow":["GET"]}}],"collection":[{"href":"https:\/\/uj.adatbank.ro\/lexikon\/wp-json\/wp\/v2\/product"}],"about":[{"href":"https:\/\/uj.adatbank.ro\/lexikon\/wp-json\/wp\/v2\/types\/product"}],"replies":[{"embeddable":true,"href":"https:\/\/uj.adatbank.ro\/lexikon\/wp-json\/wp\/v2\/comments?post=12741"}],"wp:attachment":[{"href":"https:\/\/uj.adatbank.ro\/lexikon\/wp-json\/wp\/v2\/media?parent=12741"}],"wp:term":[{"taxonomy":"product_brand","embeddable":true,"href":"https:\/\/uj.adatbank.ro\/lexikon\/wp-json\/wp\/v2\/product_brand?post=12741"},{"taxonomy":"product_cat","embeddable":true,"href":"https:\/\/uj.adatbank.ro\/lexikon\/wp-json\/wp\/v2\/product_cat?post=12741"},{"taxonomy":"product_tag","embeddable":true,"href":"https:\/\/uj.adatbank.ro\/lexikon\/wp-json\/wp\/v2\/product_tag?post=12741"}],"curies":[{"name":"wp","href":"https:\/\/api.w.org\/{rel}","templated":true}]}}