{"id":12742,"date":"2025-06-29T14:37:39","date_gmt":"2025-06-29T12:37:39","guid":{"rendered":"https:\/\/uj.adatbank.ro\/lexikon\/termek\/kosa-barna\/"},"modified":"2025-06-29T14:37:39","modified_gmt":"2025-06-29T12:37:39","slug":"kosa-barna","status":"publish","type":"product","link":"https:\/\/uj.adatbank.ro\/lexikon\/termek\/kosa-barna\/","title":{"rendered":"K\u00d3SA Barna"},"content":{"rendered":"<p>Hossz\u00famez\u0151, 1918. nov. 23., \u2020 Mv., 2006. okt. 5.: agr\u00e1rm\u00e9rn\u00f6k, tan\u00e1r, mez\u0151gazdas\u00e1gi szak\u00edr\u00f3. \u2013 K\u00f6z\u00e9piskol\u00e1it a nagyenyedi Bethlen Koll.-ban v\u00e9gezte (1937), a kv.-i Mez\u0151gazdas\u00e1gi F\u0151iskol\u00e1n agr\u00e1rm\u00e9rn\u00f6ki diplom\u00e1t szerzett (1941), Kass\u00e1n egy\u00e9ves tan\u00e1rk\u00e9pz\u0151tanfolyamot v\u00e9gzett. R\u00e9szt vett a mv.-i K\u00f6z\u00e9pfok\u00fa Gazdas\u00e1gi Tanint\u00e9zet fel\u00e1ll\u00edt\u00e1s\u00e1ban (1942), majd harct\u00e9ri szolg\u00e1lat \u00e9s hadifogs\u00e1g ut\u00e1n az iskola m. tagozat\u00e1nak \u00fajj\u00e1szervez\u00e9s\u00e9ben, ahol a n\u00f6v\u00e9nytermeszt\u00e9s \u00e9s nemes\u00edt\u00e9s szakel\u0151ad\u00f3ja, a tangazdas\u00e1g vezet\u0151je, n\u00f6v\u00e9nyfajta bemutat\u00f3 kertje egyed\u00fcli volt az orsz\u00e1gban; tagja volt a Mez\u0151gazdas\u00e1gi \u00e9s Erd\u00e9szeti K\u00f6nyvkiad\u00f3 m. szerkeszt\u0151bizotts\u00e1g\u00e1nak; pedag\u00f3gia p\u00e1ly\u00e1j\u00e1t megszak\u00edtva \u00fczemvezet\u0151 m\u00e9rn\u00f6k Marosv\u00e9csen (1962\u201367), majd az Agrosem Vet\u0151magtermeltet\u0151 V\u00e1llalt, a mv.-i Vet\u0151magvizsg\u00e1l\u00f3 \u00c1llom\u00e1s, a brass\u00f3i Burgonya- \u00e9s Cukorr\u00e9pa Kutat\u00f3 Int\u00e9zet tudom\u00e1nyos munkat\u00e1rsa \u00e9s \u00fczemvezet\u0151 m\u00e9rn\u00f6k Meggyesfalv\u00e1n (1975\u201378). Cikkei : Szabad, Sz\u00f3, N\u00e9p\u00fajs\u00e1g, El\u0151re. \u2013 <strong>F. m.:<\/strong> A zab rermeszt\u00e9se (Buk., 1952); Az okszer\u0171 vet\u00e9sforg\u00f3 (Buk., 1956); Sz\u00e9nak\u00e9sz\u00edt\u00e9s (Buk., 1960); <strong>t\u00e1rssz.:<\/strong> A cukorr\u00e9pa termeszt\u00e9se \u00e9s magtermeszt\u00e9se (Buk., 1957, 1959); Takarm\u00e1nyn\u00f6v\u00e9nyek termeszt\u00e9se (Tam\u00e1s Lajossal; Buk., 1981). <br \/><strong>Irod.:<\/strong> RMIL; Szigethy\u2013\u00dajv\u00e1ri<\/br><\/p>\n","protected":false},"excerpt":{"rendered":"<p>Hossz\u00famez\u0151, 1918. nov. 23., \u2020 Mv., 2006. okt. 5.: agr\u00e1rm\u00e9rn\u00f6k, tan\u00e1r, mez\u0151gazdas\u00e1gi szak\u00edr\u00f3. \u2013 K\u00f6z\u00e9piskol\u00e1it a nagyenyedi Bethlen Koll.-ban v\u00e9gezte (1937), a kv.-i Mez\u0151gazdas\u00e1gi F\u0151iskol\u00e1n agr\u00e1rm\u00e9rn\u00f6ki diplom\u00e1t szerzett (1941), Kass\u00e1n egy\u00e9ves tan\u00e1rk\u00e9pz\u0151tanfolyamot v\u00e9gzett. R\u00e9szt vett a mv.-i K\u00f6z\u00e9pfok\u00fa Gazdas\u00e1gi Tanint\u00e9zet fel\u00e1ll\u00edt\u00e1s\u00e1ban (1942), majd harct\u00e9ri szolg\u00e1lat \u00e9s hadifogs\u00e1g ut\u00e1n az iskola m. tagozat\u00e1nak \u00fajj\u00e1szervez\u00e9s\u00e9ben, ahol a [&hellip;]<\/p>\n","protected":false},"featured_media":0,"comment_status":"open","ping_status":"closed","template":"","meta":[],"product_brand":[],"product_cat":[137],"product_tag":[],"class_list":{"0":"post-12742","1":"product","2":"type-product","3":"status-publish","5":"product_cat-maros-megyei-eletrajzi-lexikon","7":"first","8":"instock","9":"shipping-taxable","10":"product-type-simple"},"_links":{"self":[{"href":"https:\/\/uj.adatbank.ro\/lexikon\/wp-json\/wp\/v2\/product\/12742","targetHints":{"allow":["GET"]}}],"collection":[{"href":"https:\/\/uj.adatbank.ro\/lexikon\/wp-json\/wp\/v2\/product"}],"about":[{"href":"https:\/\/uj.adatbank.ro\/lexikon\/wp-json\/wp\/v2\/types\/product"}],"replies":[{"embeddable":true,"href":"https:\/\/uj.adatbank.ro\/lexikon\/wp-json\/wp\/v2\/comments?post=12742"}],"wp:attachment":[{"href":"https:\/\/uj.adatbank.ro\/lexikon\/wp-json\/wp\/v2\/media?parent=12742"}],"wp:term":[{"taxonomy":"product_brand","embeddable":true,"href":"https:\/\/uj.adatbank.ro\/lexikon\/wp-json\/wp\/v2\/product_brand?post=12742"},{"taxonomy":"product_cat","embeddable":true,"href":"https:\/\/uj.adatbank.ro\/lexikon\/wp-json\/wp\/v2\/product_cat?post=12742"},{"taxonomy":"product_tag","embeddable":true,"href":"https:\/\/uj.adatbank.ro\/lexikon\/wp-json\/wp\/v2\/product_tag?post=12742"}],"curies":[{"name":"wp","href":"https:\/\/api.w.org\/{rel}","templated":true}]}}