{"id":12743,"date":"2025-06-29T14:37:42","date_gmt":"2025-06-29T12:37:42","guid":{"rendered":"https:\/\/uj.adatbank.ro\/lexikon\/termek\/kosa-geza\/"},"modified":"2025-06-29T14:37:42","modified_gmt":"2025-06-29T12:37:42","slug":"kosa-geza","status":"publish","type":"product","link":"https:\/\/uj.adatbank.ro\/lexikon\/termek\/kosa-geza\/","title":{"rendered":"K\u00d3SA G\u00e9za"},"content":{"rendered":"<p>1928., \u2020 Mv., 2003 okt. 29., testnevel\u0151 tan\u00e1r, a Maros Megyei Sportuni\u00f3 munkat\u00e1rsa Feles\u00e9ge: K. Kl\u00e1ra, k\u00e9miatan\u00e1rn\u0151, \u2020 Mv., 2008. dec. 9., <br \/><strong>Irod.:<\/strong> [Nekrol\u00f3g] (N\u00fa., 2003. okt..)<\/br><\/p>\n","protected":false},"excerpt":{"rendered":"<p>1928., \u2020 Mv., 2003 okt. 29., testnevel\u0151 tan\u00e1r, a Maros Megyei Sportuni\u00f3 munkat\u00e1rsa Feles\u00e9ge: K. Kl\u00e1ra, k\u00e9miatan\u00e1rn\u0151, \u2020 Mv., 2008. dec. 9., Irod.: [Nekrol\u00f3g] (N\u00fa., 2003. okt..)<\/p>\n","protected":false},"featured_media":0,"comment_status":"open","ping_status":"closed","template":"","meta":[],"product_brand":[],"product_cat":[137],"product_tag":[],"class_list":{"0":"post-12743","1":"product","2":"type-product","3":"status-publish","5":"product_cat-maros-megyei-eletrajzi-lexikon","7":"first","8":"instock","9":"shipping-taxable","10":"product-type-simple"},"_links":{"self":[{"href":"https:\/\/uj.adatbank.ro\/lexikon\/wp-json\/wp\/v2\/product\/12743","targetHints":{"allow":["GET"]}}],"collection":[{"href":"https:\/\/uj.adatbank.ro\/lexikon\/wp-json\/wp\/v2\/product"}],"about":[{"href":"https:\/\/uj.adatbank.ro\/lexikon\/wp-json\/wp\/v2\/types\/product"}],"replies":[{"embeddable":true,"href":"https:\/\/uj.adatbank.ro\/lexikon\/wp-json\/wp\/v2\/comments?post=12743"}],"wp:attachment":[{"href":"https:\/\/uj.adatbank.ro\/lexikon\/wp-json\/wp\/v2\/media?parent=12743"}],"wp:term":[{"taxonomy":"product_brand","embeddable":true,"href":"https:\/\/uj.adatbank.ro\/lexikon\/wp-json\/wp\/v2\/product_brand?post=12743"},{"taxonomy":"product_cat","embeddable":true,"href":"https:\/\/uj.adatbank.ro\/lexikon\/wp-json\/wp\/v2\/product_cat?post=12743"},{"taxonomy":"product_tag","embeddable":true,"href":"https:\/\/uj.adatbank.ro\/lexikon\/wp-json\/wp\/v2\/product_tag?post=12743"}],"curies":[{"name":"wp","href":"https:\/\/api.w.org\/{rel}","templated":true}]}}