{"id":12745,"date":"2025-06-29T14:37:45","date_gmt":"2025-06-29T12:37:45","guid":{"rendered":"https:\/\/uj.adatbank.ro\/lexikon\/termek\/kosa-imre-2\/"},"modified":"2025-06-29T14:37:45","modified_gmt":"2025-06-29T12:37:45","slug":"kosa-imre-2","status":"publish","type":"product","link":"https:\/\/uj.adatbank.ro\/lexikon\/termek\/kosa-imre-2\/","title":{"rendered":"K\u00d3SA Imre"},"content":{"rendered":"<p>? \u2020 ? : zenetan\u00e1r. \u2013 A r\u00e9geni Sportfelszerel\u00e9seket Gy\u00e1rt\u00f3 V\u00e1llalat vegyeskar\u00e1nak vezet\u0151 karmestere lett (Jurian Alexandru, majd Magyarosi S\u00e1ndor ut\u00e1n). A le\u00e1nyk\u00f3rust vez\u00e9nyelte (1975 k. \u2013) \u00e9s seg\u00edtette a N\u00e9psz\u00ednh\u00e1z tev\u00e9kenys\u00e9g\u00e9t is. <br \/><strong>Irod.:<\/strong> B\u00edr\u00f3 Don\u00e1t; <\/br><\/p>\n","protected":false},"excerpt":{"rendered":"<p>? \u2020 ? : zenetan\u00e1r. \u2013 A r\u00e9geni Sportfelszerel\u00e9seket Gy\u00e1rt\u00f3 V\u00e1llalat vegyeskar\u00e1nak vezet\u0151 karmestere lett (Jurian Alexandru, majd Magyarosi S\u00e1ndor ut\u00e1n). A le\u00e1nyk\u00f3rust vez\u00e9nyelte (1975 k. \u2013) \u00e9s seg\u00edtette a N\u00e9psz\u00ednh\u00e1z tev\u00e9kenys\u00e9g\u00e9t is. Irod.: B\u00edr\u00f3 Don\u00e1t;<\/p>\n","protected":false},"featured_media":0,"comment_status":"open","ping_status":"closed","template":"","meta":[],"product_brand":[],"product_cat":[137],"product_tag":[],"class_list":{"0":"post-12745","1":"product","2":"type-product","3":"status-publish","5":"product_cat-maros-megyei-eletrajzi-lexikon","7":"first","8":"instock","9":"shipping-taxable","10":"product-type-simple"},"_links":{"self":[{"href":"https:\/\/uj.adatbank.ro\/lexikon\/wp-json\/wp\/v2\/product\/12745","targetHints":{"allow":["GET"]}}],"collection":[{"href":"https:\/\/uj.adatbank.ro\/lexikon\/wp-json\/wp\/v2\/product"}],"about":[{"href":"https:\/\/uj.adatbank.ro\/lexikon\/wp-json\/wp\/v2\/types\/product"}],"replies":[{"embeddable":true,"href":"https:\/\/uj.adatbank.ro\/lexikon\/wp-json\/wp\/v2\/comments?post=12745"}],"wp:attachment":[{"href":"https:\/\/uj.adatbank.ro\/lexikon\/wp-json\/wp\/v2\/media?parent=12745"}],"wp:term":[{"taxonomy":"product_brand","embeddable":true,"href":"https:\/\/uj.adatbank.ro\/lexikon\/wp-json\/wp\/v2\/product_brand?post=12745"},{"taxonomy":"product_cat","embeddable":true,"href":"https:\/\/uj.adatbank.ro\/lexikon\/wp-json\/wp\/v2\/product_cat?post=12745"},{"taxonomy":"product_tag","embeddable":true,"href":"https:\/\/uj.adatbank.ro\/lexikon\/wp-json\/wp\/v2\/product_tag?post=12745"}],"curies":[{"name":"wp","href":"https:\/\/api.w.org\/{rel}","templated":true}]}}