{"id":12746,"date":"2025-06-29T14:37:46","date_gmt":"2025-06-29T12:37:46","guid":{"rendered":"https:\/\/uj.adatbank.ro\/lexikon\/termek\/kosa-istvan\/"},"modified":"2025-06-29T14:37:46","modified_gmt":"2025-06-29T12:37:46","slug":"kosa-istvan","status":"publish","type":"product","link":"https:\/\/uj.adatbank.ro\/lexikon\/termek\/kosa-istvan\/","title":{"rendered":"K\u00d3SA Istv\u00e1n"},"content":{"rendered":"<p>Szil\u00e1gyp\u00e9r, 1918. okt. 6., \u2020 ?: tan\u00edt\u00f3. \u2013 Sz\u00e1rmaz\u00e1silag k\u00f6z\u00e9pajtai csal\u00e1db\u00f3l val\u00f3. Apja p\u00e1ly\u00e1j\u00e1t folytatta, anyja kor\u00e1n meghalt \u00edgy Sz\u00e9kelykereszt\u00faron tanult a tan\u00edt\u00f3k\u00e9pz\u0151ben. K\u00e9pes\u00edt\u00f3 ut\u00e1n nem kapott \u00e1ll\u00e1st inas volt a sz\u00e9kelykereszt\u00fari villanytelepen, mellette kitanulta a v\u00edz- \u00e9s g\u00e1zszerel\u00e9st is. Bevonult katon\u00e1nak (1938), Kisinyovb\u00f3l ker\u00fclt haza (1940). Tan\u00edt\u00f3i \u00e1ll\u00e1st kapott Magyarhidegk\u00faton, Rugonfalv\u00e1n, ahol k\u00e1ntortan\u00edt\u00f3 volt. R\u00e9szt vett a II. vh.-ban mint \u00fctegparancsnok, majd oszt\u00e1lyfelder\u00edt\u00f3 tiszt, a n\u00e9met vaskereszt kit\u00fcntetettje. N\u00e9gy \u00e9v hadifogs\u00e1g ut\u00e1n ker\u00fclt haza Rugonfalv\u00e1ra feles\u00e9g\u00e9hez \u00e9s gyermekeihez. Ezut\u00e1n Sz\u00e9kelyudvarhelyen oroszt tan\u00edtott majd kinevezt\u00e9k a kult\u00farotthonok megyei igazgat\u00f3j\u00e1v\u00e1, k\u00e9t \u00e9v m\u00falva Buk. ben a m\u0171vel\u0151d\u00e1si miniszt\u00e9riumban dolgozott (\u20131951) Mikor kider\u00fclt hogy nem p\u00e1rttag Okl\u00e1ndra ker\u00fclt tan\u00edtani \u00e9s a kult\u00farigazgat\u00f3s\u00e1got is v\u00e9gezte., majd Zetelak\u00e1n iskolaigazgat\u00f3 lett. Itt megkapta a Munka\u00e9rdemrend III. fokozat\u00e1t (1957). Csiksomly\u00f3n a gyermekotthon igazgat\u00f3ja, majd Szov\u00e1t\u00e1ra ker\u00fclt (1960). A faipari ismeretei r\u00e9v\u00e9n az iskolai m\u00fahelyek szakoktat\u00f3ja lett a faipari liceumban. Di\u00e1kjaival mindenf\u00e9le expedici\u00f3kon vett r\u00e9szt, a telepen a Bern\u00e1dy villa mellettei parkot a di\u00e1kjaival hozta l\u00e9tre. Rendszeresen mutatott be sz\u00edndarabokat tan\u00edtv\u00e1nyaival \u00e1s a kolleg\u00e1kkal. <br \/><strong>Irod.:<\/strong> B\u00f6l\u00f6ni Domokos: K\u00f3sa Istv\u00e1n mozgalmas \u00e9lete (N\u00fa 2000. aug. 30., szept 1)<\/br><\/p>\n","protected":false},"excerpt":{"rendered":"<p>Szil\u00e1gyp\u00e9r, 1918. okt. 6., \u2020 ?: tan\u00edt\u00f3. \u2013 Sz\u00e1rmaz\u00e1silag k\u00f6z\u00e9pajtai csal\u00e1db\u00f3l val\u00f3. Apja p\u00e1ly\u00e1j\u00e1t folytatta, anyja kor\u00e1n meghalt \u00edgy Sz\u00e9kelykereszt\u00faron tanult a tan\u00edt\u00f3k\u00e9pz\u0151ben. K\u00e9pes\u00edt\u00f3 ut\u00e1n nem kapott \u00e1ll\u00e1st inas volt a sz\u00e9kelykereszt\u00fari villanytelepen, mellette kitanulta a v\u00edz- \u00e9s g\u00e1zszerel\u00e9st is. Bevonult katon\u00e1nak (1938), Kisinyovb\u00f3l ker\u00fclt haza (1940). Tan\u00edt\u00f3i \u00e1ll\u00e1st kapott Magyarhidegk\u00faton, Rugonfalv\u00e1n, ahol k\u00e1ntortan\u00edt\u00f3 volt. [&hellip;]<\/p>\n","protected":false},"featured_media":0,"comment_status":"open","ping_status":"closed","template":"","meta":[],"product_brand":[],"product_cat":[137],"product_tag":[],"class_list":{"0":"post-12746","1":"product","2":"type-product","3":"status-publish","5":"product_cat-maros-megyei-eletrajzi-lexikon","7":"first","8":"instock","9":"shipping-taxable","10":"product-type-simple"},"_links":{"self":[{"href":"https:\/\/uj.adatbank.ro\/lexikon\/wp-json\/wp\/v2\/product\/12746","targetHints":{"allow":["GET"]}}],"collection":[{"href":"https:\/\/uj.adatbank.ro\/lexikon\/wp-json\/wp\/v2\/product"}],"about":[{"href":"https:\/\/uj.adatbank.ro\/lexikon\/wp-json\/wp\/v2\/types\/product"}],"replies":[{"embeddable":true,"href":"https:\/\/uj.adatbank.ro\/lexikon\/wp-json\/wp\/v2\/comments?post=12746"}],"wp:attachment":[{"href":"https:\/\/uj.adatbank.ro\/lexikon\/wp-json\/wp\/v2\/media?parent=12746"}],"wp:term":[{"taxonomy":"product_brand","embeddable":true,"href":"https:\/\/uj.adatbank.ro\/lexikon\/wp-json\/wp\/v2\/product_brand?post=12746"},{"taxonomy":"product_cat","embeddable":true,"href":"https:\/\/uj.adatbank.ro\/lexikon\/wp-json\/wp\/v2\/product_cat?post=12746"},{"taxonomy":"product_tag","embeddable":true,"href":"https:\/\/uj.adatbank.ro\/lexikon\/wp-json\/wp\/v2\/product_tag?post=12746"}],"curies":[{"name":"wp","href":"https:\/\/api.w.org\/{rel}","templated":true}]}}