{"id":12747,"date":"2025-06-29T14:37:48","date_gmt":"2025-06-29T12:37:48","guid":{"rendered":"https:\/\/uj.adatbank.ro\/lexikon\/termek\/kosa-janos\/"},"modified":"2025-06-29T14:37:48","modified_gmt":"2025-06-29T12:37:48","slug":"kosa-janos","status":"publish","type":"product","link":"https:\/\/uj.adatbank.ro\/lexikon\/termek\/kosa-janos\/","title":{"rendered":"K\u00d3SA J\u00e1nos"},"content":{"rendered":"<p>? \u2020 1801. m\u00e1rc. 26.: r. k. pap. \u2013 Kv.-on \u00e9s Gyulafeh\u00e9rv\u00e1ron (1776\u201379) tanult. Pl\u00e9b\u00e1nos \u00e9s ker\u00fcleti jegyz\u0151 Szov\u00e1t\u00e1n (1782\u2013). <br \/><strong>Irod.:<\/strong> Ferenczi S\u00e1ndor 2009<\/br><\/p>\n","protected":false},"excerpt":{"rendered":"<p>? \u2020 1801. m\u00e1rc. 26.: r. k. pap. \u2013 Kv.-on \u00e9s Gyulafeh\u00e9rv\u00e1ron (1776\u201379) tanult. Pl\u00e9b\u00e1nos \u00e9s ker\u00fcleti jegyz\u0151 Szov\u00e1t\u00e1n (1782\u2013). Irod.: Ferenczi S\u00e1ndor 2009<\/p>\n","protected":false},"featured_media":0,"comment_status":"open","ping_status":"closed","template":"","meta":[],"product_brand":[],"product_cat":[137],"product_tag":[],"class_list":{"0":"post-12747","1":"product","2":"type-product","3":"status-publish","5":"product_cat-maros-megyei-eletrajzi-lexikon","7":"first","8":"instock","9":"shipping-taxable","10":"product-type-simple"},"_links":{"self":[{"href":"https:\/\/uj.adatbank.ro\/lexikon\/wp-json\/wp\/v2\/product\/12747","targetHints":{"allow":["GET"]}}],"collection":[{"href":"https:\/\/uj.adatbank.ro\/lexikon\/wp-json\/wp\/v2\/product"}],"about":[{"href":"https:\/\/uj.adatbank.ro\/lexikon\/wp-json\/wp\/v2\/types\/product"}],"replies":[{"embeddable":true,"href":"https:\/\/uj.adatbank.ro\/lexikon\/wp-json\/wp\/v2\/comments?post=12747"}],"wp:attachment":[{"href":"https:\/\/uj.adatbank.ro\/lexikon\/wp-json\/wp\/v2\/media?parent=12747"}],"wp:term":[{"taxonomy":"product_brand","embeddable":true,"href":"https:\/\/uj.adatbank.ro\/lexikon\/wp-json\/wp\/v2\/product_brand?post=12747"},{"taxonomy":"product_cat","embeddable":true,"href":"https:\/\/uj.adatbank.ro\/lexikon\/wp-json\/wp\/v2\/product_cat?post=12747"},{"taxonomy":"product_tag","embeddable":true,"href":"https:\/\/uj.adatbank.ro\/lexikon\/wp-json\/wp\/v2\/product_tag?post=12747"}],"curies":[{"name":"wp","href":"https:\/\/api.w.org\/{rel}","templated":true}]}}