{"id":12748,"date":"2025-06-29T14:37:50","date_gmt":"2025-06-29T12:37:50","guid":{"rendered":"https:\/\/uj.adatbank.ro\/lexikon\/termek\/kosa-judit\/"},"modified":"2025-06-29T14:37:50","modified_gmt":"2025-06-29T12:37:50","slug":"kosa-judit","status":"publish","type":"product","link":"https:\/\/uj.adatbank.ro\/lexikon\/termek\/kosa-judit\/","title":{"rendered":"K\u00d3SA Judit"},"content":{"rendered":"<p>Sepsiszentgy\u00f6rgy, 1935., \u2020 Mv., 1999. m\u00e1j., 17.: tan\u00e1r. \u2013 A mv.-i az \u00c9p\u00edt\u00e9szeti L\u00edc. tan\u00e1rn\u0151je. <br \/><strong>Irod.:<\/strong> [Nekrol\u00f3g] (N\u00fa., 1999. m\u00e1j. 19.)<\/br><\/p>\n","protected":false},"excerpt":{"rendered":"<p>Sepsiszentgy\u00f6rgy, 1935., \u2020 Mv., 1999. m\u00e1j., 17.: tan\u00e1r. \u2013 A mv.-i az \u00c9p\u00edt\u00e9szeti L\u00edc. tan\u00e1rn\u0151je. Irod.: [Nekrol\u00f3g] (N\u00fa., 1999. m\u00e1j. 19.)<\/p>\n","protected":false},"featured_media":0,"comment_status":"open","ping_status":"closed","template":"","meta":[],"product_brand":[],"product_cat":[137],"product_tag":[],"class_list":{"0":"post-12748","1":"product","2":"type-product","3":"status-publish","5":"product_cat-maros-megyei-eletrajzi-lexikon","7":"first","8":"instock","9":"shipping-taxable","10":"product-type-simple"},"_links":{"self":[{"href":"https:\/\/uj.adatbank.ro\/lexikon\/wp-json\/wp\/v2\/product\/12748","targetHints":{"allow":["GET"]}}],"collection":[{"href":"https:\/\/uj.adatbank.ro\/lexikon\/wp-json\/wp\/v2\/product"}],"about":[{"href":"https:\/\/uj.adatbank.ro\/lexikon\/wp-json\/wp\/v2\/types\/product"}],"replies":[{"embeddable":true,"href":"https:\/\/uj.adatbank.ro\/lexikon\/wp-json\/wp\/v2\/comments?post=12748"}],"wp:attachment":[{"href":"https:\/\/uj.adatbank.ro\/lexikon\/wp-json\/wp\/v2\/media?parent=12748"}],"wp:term":[{"taxonomy":"product_brand","embeddable":true,"href":"https:\/\/uj.adatbank.ro\/lexikon\/wp-json\/wp\/v2\/product_brand?post=12748"},{"taxonomy":"product_cat","embeddable":true,"href":"https:\/\/uj.adatbank.ro\/lexikon\/wp-json\/wp\/v2\/product_cat?post=12748"},{"taxonomy":"product_tag","embeddable":true,"href":"https:\/\/uj.adatbank.ro\/lexikon\/wp-json\/wp\/v2\/product_tag?post=12748"}],"curies":[{"name":"wp","href":"https:\/\/api.w.org\/{rel}","templated":true}]}}