{"id":12750,"date":"2025-06-29T14:37:55","date_gmt":"2025-06-29T12:37:55","guid":{"rendered":"https:\/\/uj.adatbank.ro\/lexikon\/termek\/kosa-katalin\/"},"modified":"2025-06-29T14:37:55","modified_gmt":"2025-06-29T12:37:55","slug":"kosa-katalin","status":"publish","type":"product","link":"https:\/\/uj.adatbank.ro\/lexikon\/termek\/kosa-katalin\/","title":{"rendered":"K\u00d3SA Katalin"},"content":{"rendered":"<p>1939.? \u2020 Mv., 2008. j\u00fal. 12.: tan\u00e1rn\u0151. \u2013 Matematika tan\u00e1rn\u0151. <br \/><strong>Irod.:<\/strong> [Nekrol\u00f3g] (N\u00fa., 2008. j\u00fal. 14.)<\/br><\/p>\n","protected":false},"excerpt":{"rendered":"<p>1939.? \u2020 Mv., 2008. j\u00fal. 12.: tan\u00e1rn\u0151. \u2013 Matematika tan\u00e1rn\u0151. Irod.: [Nekrol\u00f3g] (N\u00fa., 2008. j\u00fal. 14.)<\/p>\n","protected":false},"featured_media":0,"comment_status":"open","ping_status":"closed","template":"","meta":[],"product_brand":[],"product_cat":[137],"product_tag":[],"class_list":{"0":"post-12750","1":"product","2":"type-product","3":"status-publish","5":"product_cat-maros-megyei-eletrajzi-lexikon","7":"first","8":"instock","9":"shipping-taxable","10":"product-type-simple"},"_links":{"self":[{"href":"https:\/\/uj.adatbank.ro\/lexikon\/wp-json\/wp\/v2\/product\/12750","targetHints":{"allow":["GET"]}}],"collection":[{"href":"https:\/\/uj.adatbank.ro\/lexikon\/wp-json\/wp\/v2\/product"}],"about":[{"href":"https:\/\/uj.adatbank.ro\/lexikon\/wp-json\/wp\/v2\/types\/product"}],"replies":[{"embeddable":true,"href":"https:\/\/uj.adatbank.ro\/lexikon\/wp-json\/wp\/v2\/comments?post=12750"}],"wp:attachment":[{"href":"https:\/\/uj.adatbank.ro\/lexikon\/wp-json\/wp\/v2\/media?parent=12750"}],"wp:term":[{"taxonomy":"product_brand","embeddable":true,"href":"https:\/\/uj.adatbank.ro\/lexikon\/wp-json\/wp\/v2\/product_brand?post=12750"},{"taxonomy":"product_cat","embeddable":true,"href":"https:\/\/uj.adatbank.ro\/lexikon\/wp-json\/wp\/v2\/product_cat?post=12750"},{"taxonomy":"product_tag","embeddable":true,"href":"https:\/\/uj.adatbank.ro\/lexikon\/wp-json\/wp\/v2\/product_tag?post=12750"}],"curies":[{"name":"wp","href":"https:\/\/api.w.org\/{rel}","templated":true}]}}