{"id":12751,"date":"2025-06-29T14:37:59","date_gmt":"2025-06-29T12:37:59","guid":{"rendered":"https:\/\/uj.adatbank.ro\/lexikon\/termek\/kosa-klara\/"},"modified":"2025-06-29T14:37:59","modified_gmt":"2025-06-29T12:37:59","slug":"kosa-klara","status":"publish","type":"product","link":"https:\/\/uj.adatbank.ro\/lexikon\/termek\/kosa-klara\/","title":{"rendered":"K\u00d3SA KL\u00c1RA"},"content":{"rendered":"<p>? + Mv., 2008 dec. 8., k\u00e9miatan\u00e1rn\u0151 a K\u00e9miai L\u00edc.-ban<\/br><\/p>\n","protected":false},"excerpt":{"rendered":"<p>? + Mv., 2008 dec. 8., k\u00e9miatan\u00e1rn\u0151 a K\u00e9miai L\u00edc.-ban<\/p>\n","protected":false},"featured_media":0,"comment_status":"open","ping_status":"closed","template":"","meta":[],"product_brand":[],"product_cat":[137],"product_tag":[],"class_list":{"0":"post-12751","1":"product","2":"type-product","3":"status-publish","5":"product_cat-maros-megyei-eletrajzi-lexikon","7":"first","8":"instock","9":"shipping-taxable","10":"product-type-simple"},"_links":{"self":[{"href":"https:\/\/uj.adatbank.ro\/lexikon\/wp-json\/wp\/v2\/product\/12751","targetHints":{"allow":["GET"]}}],"collection":[{"href":"https:\/\/uj.adatbank.ro\/lexikon\/wp-json\/wp\/v2\/product"}],"about":[{"href":"https:\/\/uj.adatbank.ro\/lexikon\/wp-json\/wp\/v2\/types\/product"}],"replies":[{"embeddable":true,"href":"https:\/\/uj.adatbank.ro\/lexikon\/wp-json\/wp\/v2\/comments?post=12751"}],"wp:attachment":[{"href":"https:\/\/uj.adatbank.ro\/lexikon\/wp-json\/wp\/v2\/media?parent=12751"}],"wp:term":[{"taxonomy":"product_brand","embeddable":true,"href":"https:\/\/uj.adatbank.ro\/lexikon\/wp-json\/wp\/v2\/product_brand?post=12751"},{"taxonomy":"product_cat","embeddable":true,"href":"https:\/\/uj.adatbank.ro\/lexikon\/wp-json\/wp\/v2\/product_cat?post=12751"},{"taxonomy":"product_tag","embeddable":true,"href":"https:\/\/uj.adatbank.ro\/lexikon\/wp-json\/wp\/v2\/product_tag?post=12751"}],"curies":[{"name":"wp","href":"https:\/\/api.w.org\/{rel}","templated":true}]}}