{"id":12753,"date":"2025-06-29T14:38:02","date_gmt":"2025-06-29T12:38:02","guid":{"rendered":"https:\/\/uj.adatbank.ro\/lexikon\/termek\/kosa-mihaly\/"},"modified":"2025-06-29T14:38:02","modified_gmt":"2025-06-29T12:38:02","slug":"kosa-mihaly","status":"publish","type":"product","link":"https:\/\/uj.adatbank.ro\/lexikon\/termek\/kosa-mihaly\/","title":{"rendered":"K\u00d3SA Mih\u00e1ly"},"content":{"rendered":"<p>Cs\u00edkszentmikl\u00f3s, ? \u2020 Cs\u00edkszentmikl\u00f3s, 1743. febr. 24.: r. k. pap. \u2013 Sz\u00e9kelyudvarhelyen \u00e9s Kv.-on tanult. Pl\u00e9b\u00e1nos Ny\u00e1r\u00e1dk\u00f6szv\u00e9nyesen (1730\u201335), marosi esperes (1730\u201335). <br \/><strong>Irod.:<\/strong> Ferenczi S\u00e1ndor 2009<\/br><\/p>\n","protected":false},"excerpt":{"rendered":"<p>Cs\u00edkszentmikl\u00f3s, ? \u2020 Cs\u00edkszentmikl\u00f3s, 1743. febr. 24.: r. k. pap. \u2013 Sz\u00e9kelyudvarhelyen \u00e9s Kv.-on tanult. Pl\u00e9b\u00e1nos Ny\u00e1r\u00e1dk\u00f6szv\u00e9nyesen (1730\u201335), marosi esperes (1730\u201335). Irod.: Ferenczi S\u00e1ndor 2009<\/p>\n","protected":false},"featured_media":0,"comment_status":"open","ping_status":"closed","template":"","meta":[],"product_brand":[],"product_cat":[137],"product_tag":[],"class_list":{"0":"post-12753","1":"product","2":"type-product","3":"status-publish","5":"product_cat-maros-megyei-eletrajzi-lexikon","7":"first","8":"instock","9":"shipping-taxable","10":"product-type-simple"},"_links":{"self":[{"href":"https:\/\/uj.adatbank.ro\/lexikon\/wp-json\/wp\/v2\/product\/12753","targetHints":{"allow":["GET"]}}],"collection":[{"href":"https:\/\/uj.adatbank.ro\/lexikon\/wp-json\/wp\/v2\/product"}],"about":[{"href":"https:\/\/uj.adatbank.ro\/lexikon\/wp-json\/wp\/v2\/types\/product"}],"replies":[{"embeddable":true,"href":"https:\/\/uj.adatbank.ro\/lexikon\/wp-json\/wp\/v2\/comments?post=12753"}],"wp:attachment":[{"href":"https:\/\/uj.adatbank.ro\/lexikon\/wp-json\/wp\/v2\/media?parent=12753"}],"wp:term":[{"taxonomy":"product_brand","embeddable":true,"href":"https:\/\/uj.adatbank.ro\/lexikon\/wp-json\/wp\/v2\/product_brand?post=12753"},{"taxonomy":"product_cat","embeddable":true,"href":"https:\/\/uj.adatbank.ro\/lexikon\/wp-json\/wp\/v2\/product_cat?post=12753"},{"taxonomy":"product_tag","embeddable":true,"href":"https:\/\/uj.adatbank.ro\/lexikon\/wp-json\/wp\/v2\/product_tag?post=12753"}],"curies":[{"name":"wp","href":"https:\/\/api.w.org\/{rel}","templated":true}]}}