{"id":12755,"date":"2025-06-29T14:38:05","date_gmt":"2025-06-29T12:38:05","guid":{"rendered":"https:\/\/uj.adatbank.ro\/lexikon\/termek\/kosa-zsigmond-berekereszturi\/"},"modified":"2025-06-29T14:38:05","modified_gmt":"2025-06-29T12:38:05","slug":"kosa-zsigmond-berekereszturi","status":"publish","type":"product","link":"https:\/\/uj.adatbank.ro\/lexikon\/termek\/kosa-zsigmond-berekereszturi\/","title":{"rendered":"K\u00d3SA Zsigmond, berekereszt\u00fari"},"content":{"rendered":"<p>? \u2020 ? : jegyz\u0151, t\u00e1blab\u00edr\u00f3. \u2013 Az erd\u00e9lyi udvari kancell\u00e1ria esk\u00fcdt jegyz\u0151je, k\u00fck\u00fcll\u0151v\u00e1rmegyei t\u00e1blab\u00edr\u00f3, t\u00f6rt\u00e9n\u00e9sz (1816 k.). \u2013 <strong>F. m.:<\/strong> De publica partium Transsilvanarum administratione civil atque militari apud wayvodas, qui terras illas Ultratransilvanas auspiciis regum Hungariae gubernabant (Viennae, 1816); Egy sz\u00f3 (Mv., 1821). <br \/><strong>Irod.:<\/strong> F\u00fcl\u00f6p\u2013Ferencz; Koncz J\u00f3zsef.; P\u00e1lmay; Rugonfalvi Kiss; Szinnyei<\/br><\/p>\n","protected":false},"excerpt":{"rendered":"<p>? \u2020 ? : jegyz\u0151, t\u00e1blab\u00edr\u00f3. \u2013 Az erd\u00e9lyi udvari kancell\u00e1ria esk\u00fcdt jegyz\u0151je, k\u00fck\u00fcll\u0151v\u00e1rmegyei t\u00e1blab\u00edr\u00f3, t\u00f6rt\u00e9n\u00e9sz (1816 k.). \u2013 F. m.: De publica partium Transsilvanarum administratione civil atque militari apud wayvodas, qui terras illas Ultratransilvanas auspiciis regum Hungariae gubernabant (Viennae, 1816); Egy sz\u00f3 (Mv., 1821). Irod.: F\u00fcl\u00f6p\u2013Ferencz; Koncz J\u00f3zsef.; P\u00e1lmay; Rugonfalvi Kiss; Szinnyei<\/p>\n","protected":false},"featured_media":0,"comment_status":"open","ping_status":"closed","template":"","meta":[],"product_brand":[],"product_cat":[137],"product_tag":[],"class_list":{"0":"post-12755","1":"product","2":"type-product","3":"status-publish","5":"product_cat-maros-megyei-eletrajzi-lexikon","7":"first","8":"instock","9":"shipping-taxable","10":"product-type-simple"},"_links":{"self":[{"href":"https:\/\/uj.adatbank.ro\/lexikon\/wp-json\/wp\/v2\/product\/12755","targetHints":{"allow":["GET"]}}],"collection":[{"href":"https:\/\/uj.adatbank.ro\/lexikon\/wp-json\/wp\/v2\/product"}],"about":[{"href":"https:\/\/uj.adatbank.ro\/lexikon\/wp-json\/wp\/v2\/types\/product"}],"replies":[{"embeddable":true,"href":"https:\/\/uj.adatbank.ro\/lexikon\/wp-json\/wp\/v2\/comments?post=12755"}],"wp:attachment":[{"href":"https:\/\/uj.adatbank.ro\/lexikon\/wp-json\/wp\/v2\/media?parent=12755"}],"wp:term":[{"taxonomy":"product_brand","embeddable":true,"href":"https:\/\/uj.adatbank.ro\/lexikon\/wp-json\/wp\/v2\/product_brand?post=12755"},{"taxonomy":"product_cat","embeddable":true,"href":"https:\/\/uj.adatbank.ro\/lexikon\/wp-json\/wp\/v2\/product_cat?post=12755"},{"taxonomy":"product_tag","embeddable":true,"href":"https:\/\/uj.adatbank.ro\/lexikon\/wp-json\/wp\/v2\/product_tag?post=12755"}],"curies":[{"name":"wp","href":"https:\/\/api.w.org\/{rel}","templated":true}]}}