{"id":12756,"date":"2025-06-29T14:38:07","date_gmt":"2025-06-29T12:38:07","guid":{"rendered":"https:\/\/uj.adatbank.ro\/lexikon\/termek\/kosa-berekereszturi\/"},"modified":"2025-06-29T14:38:07","modified_gmt":"2025-06-29T12:38:07","slug":"kosa-berekereszturi","status":"publish","type":"product","link":"https:\/\/uj.adatbank.ro\/lexikon\/termek\/kosa-berekereszturi\/","title":{"rendered":"K\u00d3SA, berekereszt\u00fari"},"content":{"rendered":"<p>a csal\u00e1db\u00f3l K. Istv\u00e1n, mint primipilus lustr\u00e1lt. K\u00f3sa Andr\u00e1s \u00e9s fia Andr\u00e1s kinek fiai Andr\u00e1s \u00e9s Gy\u00f6rgy Tord\u00e1n \u00e9ltek <br \/><strong>Irod.:<\/strong> K\u00f6vendi Weress S\u00e1ndor : Torda \u0151scsal\u00e1dai (Kv., 1891); P\u00e1lmay<\/br><\/p>\n","protected":false},"excerpt":{"rendered":"<p>a csal\u00e1db\u00f3l K. Istv\u00e1n, mint primipilus lustr\u00e1lt. K\u00f3sa Andr\u00e1s \u00e9s fia Andr\u00e1s kinek fiai Andr\u00e1s \u00e9s Gy\u00f6rgy Tord\u00e1n \u00e9ltek Irod.: K\u00f6vendi Weress S\u00e1ndor : Torda \u0151scsal\u00e1dai (Kv., 1891); P\u00e1lmay<\/p>\n","protected":false},"featured_media":0,"comment_status":"open","ping_status":"closed","template":"","meta":[],"product_brand":[],"product_cat":[137],"product_tag":[],"class_list":{"0":"post-12756","1":"product","2":"type-product","3":"status-publish","5":"product_cat-maros-megyei-eletrajzi-lexikon","7":"first","8":"instock","9":"shipping-taxable","10":"product-type-simple"},"_links":{"self":[{"href":"https:\/\/uj.adatbank.ro\/lexikon\/wp-json\/wp\/v2\/product\/12756","targetHints":{"allow":["GET"]}}],"collection":[{"href":"https:\/\/uj.adatbank.ro\/lexikon\/wp-json\/wp\/v2\/product"}],"about":[{"href":"https:\/\/uj.adatbank.ro\/lexikon\/wp-json\/wp\/v2\/types\/product"}],"replies":[{"embeddable":true,"href":"https:\/\/uj.adatbank.ro\/lexikon\/wp-json\/wp\/v2\/comments?post=12756"}],"wp:attachment":[{"href":"https:\/\/uj.adatbank.ro\/lexikon\/wp-json\/wp\/v2\/media?parent=12756"}],"wp:term":[{"taxonomy":"product_brand","embeddable":true,"href":"https:\/\/uj.adatbank.ro\/lexikon\/wp-json\/wp\/v2\/product_brand?post=12756"},{"taxonomy":"product_cat","embeddable":true,"href":"https:\/\/uj.adatbank.ro\/lexikon\/wp-json\/wp\/v2\/product_cat?post=12756"},{"taxonomy":"product_tag","embeddable":true,"href":"https:\/\/uj.adatbank.ro\/lexikon\/wp-json\/wp\/v2\/product_tag?post=12756"}],"curies":[{"name":"wp","href":"https:\/\/api.w.org\/{rel}","templated":true}]}}