{"id":12758,"date":"2025-06-29T14:38:11","date_gmt":"2025-06-29T12:38:11","guid":{"rendered":"https:\/\/uj.adatbank.ro\/lexikon\/termek\/kosch-emil-%c2%a7\/"},"modified":"2025-06-29T14:38:11","modified_gmt":"2025-06-29T12:38:11","slug":"kosch-emil-%c2%a7","status":"publish","type":"product","link":"https:\/\/uj.adatbank.ro\/lexikon\/termek\/kosch-emil-%c2%a7\/","title":{"rendered":"KOSCH Emil, \u00a7"},"content":{"rendered":"<p>Sz\u00e1szr\u00e9gen, 1881, \u2020 ? : erd\u0151igazgat\u00f3 Sz\u00e1szr\u00e9genben. \u2013 R\u00e9szt vett az I. vh.-ban (1914\u201318), a szerb, olasz \u00e9s rom\u00e1n fronton harcolt. F\u0151hadnagyi rangban szerelt le kit\u00fcntet\u00e9sekkel. <br \/><strong>Irod.:<\/strong> Erd\u00e9lyi ezredek<\/br><\/p>\n","protected":false},"excerpt":{"rendered":"<p>Sz\u00e1szr\u00e9gen, 1881, \u2020 ? : erd\u0151igazgat\u00f3 Sz\u00e1szr\u00e9genben. \u2013 R\u00e9szt vett az I. vh.-ban (1914\u201318), a szerb, olasz \u00e9s rom\u00e1n fronton harcolt. F\u0151hadnagyi rangban szerelt le kit\u00fcntet\u00e9sekkel. Irod.: Erd\u00e9lyi ezredek<\/p>\n","protected":false},"featured_media":0,"comment_status":"open","ping_status":"closed","template":"","meta":[],"product_brand":[],"product_cat":[137],"product_tag":[],"class_list":{"0":"post-12758","1":"product","2":"type-product","3":"status-publish","5":"product_cat-maros-megyei-eletrajzi-lexikon","7":"first","8":"instock","9":"shipping-taxable","10":"product-type-simple"},"_links":{"self":[{"href":"https:\/\/uj.adatbank.ro\/lexikon\/wp-json\/wp\/v2\/product\/12758","targetHints":{"allow":["GET"]}}],"collection":[{"href":"https:\/\/uj.adatbank.ro\/lexikon\/wp-json\/wp\/v2\/product"}],"about":[{"href":"https:\/\/uj.adatbank.ro\/lexikon\/wp-json\/wp\/v2\/types\/product"}],"replies":[{"embeddable":true,"href":"https:\/\/uj.adatbank.ro\/lexikon\/wp-json\/wp\/v2\/comments?post=12758"}],"wp:attachment":[{"href":"https:\/\/uj.adatbank.ro\/lexikon\/wp-json\/wp\/v2\/media?parent=12758"}],"wp:term":[{"taxonomy":"product_brand","embeddable":true,"href":"https:\/\/uj.adatbank.ro\/lexikon\/wp-json\/wp\/v2\/product_brand?post=12758"},{"taxonomy":"product_cat","embeddable":true,"href":"https:\/\/uj.adatbank.ro\/lexikon\/wp-json\/wp\/v2\/product_cat?post=12758"},{"taxonomy":"product_tag","embeddable":true,"href":"https:\/\/uj.adatbank.ro\/lexikon\/wp-json\/wp\/v2\/product_tag?post=12758"}],"curies":[{"name":"wp","href":"https:\/\/api.w.org\/{rel}","templated":true}]}}