{"id":12759,"date":"2025-06-29T14:38:12","date_gmt":"2025-06-29T12:38:12","guid":{"rendered":"https:\/\/uj.adatbank.ro\/lexikon\/termek\/kosch-ervin\/"},"modified":"2025-06-29T14:38:12","modified_gmt":"2025-06-29T12:38:12","slug":"kosch-ervin","status":"publish","type":"product","link":"https:\/\/uj.adatbank.ro\/lexikon\/termek\/kosch-ervin\/","title":{"rendered":"KOSCH Ervin"},"content":{"rendered":"<p>Sz\u00e1szr\u00e9gen, 1898, \u2020 ? : \u00fcgyv\u00e9d. \u2013 Sz\u00e1szr\u00e9genben volt \u00fcgyv\u00e9d. R\u00e9szt vett az I. vh.-ban (1916\u201318). A tiszti iskola elv\u00e9gz\u00e9se ut\u00e1n az orosz fronton harcolt, megsebes\u00fclt, felgy\u00f3gyul\u00e1sa ut\u00e1n az olasz frontra vez\u00e9nyelt\u00e9k, az isonz\u00f3i csat\u00e1ban elfogt\u00e1k de megsz\u00f6k\u00f6tt, majd a francia fronton volt tankelh\u00e1r\u00edt\u00f3 tiszt. Hadnagyi rangban szerelt le kit\u00fcntet\u00e9sekkel. <br \/><strong>Irod.:<\/strong> Erd\u00e9lyi ezredek<\/br><\/p>\n","protected":false},"excerpt":{"rendered":"<p>Sz\u00e1szr\u00e9gen, 1898, \u2020 ? : \u00fcgyv\u00e9d. \u2013 Sz\u00e1szr\u00e9genben volt \u00fcgyv\u00e9d. R\u00e9szt vett az I. vh.-ban (1916\u201318). A tiszti iskola elv\u00e9gz\u00e9se ut\u00e1n az orosz fronton harcolt, megsebes\u00fclt, felgy\u00f3gyul\u00e1sa ut\u00e1n az olasz frontra vez\u00e9nyelt\u00e9k, az isonz\u00f3i csat\u00e1ban elfogt\u00e1k de megsz\u00f6k\u00f6tt, majd a francia fronton volt tankelh\u00e1r\u00edt\u00f3 tiszt. Hadnagyi rangban szerelt le kit\u00fcntet\u00e9sekkel. Irod.: Erd\u00e9lyi ezredek<\/p>\n","protected":false},"featured_media":0,"comment_status":"open","ping_status":"closed","template":"","meta":[],"product_brand":[],"product_cat":[137],"product_tag":[],"class_list":{"0":"post-12759","1":"product","2":"type-product","3":"status-publish","5":"product_cat-maros-megyei-eletrajzi-lexikon","7":"first","8":"instock","9":"shipping-taxable","10":"product-type-simple"},"_links":{"self":[{"href":"https:\/\/uj.adatbank.ro\/lexikon\/wp-json\/wp\/v2\/product\/12759","targetHints":{"allow":["GET"]}}],"collection":[{"href":"https:\/\/uj.adatbank.ro\/lexikon\/wp-json\/wp\/v2\/product"}],"about":[{"href":"https:\/\/uj.adatbank.ro\/lexikon\/wp-json\/wp\/v2\/types\/product"}],"replies":[{"embeddable":true,"href":"https:\/\/uj.adatbank.ro\/lexikon\/wp-json\/wp\/v2\/comments?post=12759"}],"wp:attachment":[{"href":"https:\/\/uj.adatbank.ro\/lexikon\/wp-json\/wp\/v2\/media?parent=12759"}],"wp:term":[{"taxonomy":"product_brand","embeddable":true,"href":"https:\/\/uj.adatbank.ro\/lexikon\/wp-json\/wp\/v2\/product_brand?post=12759"},{"taxonomy":"product_cat","embeddable":true,"href":"https:\/\/uj.adatbank.ro\/lexikon\/wp-json\/wp\/v2\/product_cat?post=12759"},{"taxonomy":"product_tag","embeddable":true,"href":"https:\/\/uj.adatbank.ro\/lexikon\/wp-json\/wp\/v2\/product_tag?post=12759"}],"curies":[{"name":"wp","href":"https:\/\/api.w.org\/{rel}","templated":true}]}}