{"id":12761,"date":"2025-06-29T14:38:15","date_gmt":"2025-06-29T12:38:15","guid":{"rendered":"https:\/\/uj.adatbank.ro\/lexikon\/termek\/kosch-carl\/"},"modified":"2025-06-29T14:38:15","modified_gmt":"2025-06-29T12:38:15","slug":"kosch-carl","status":"publish","type":"product","link":"https:\/\/uj.adatbank.ro\/lexikon\/termek\/kosch-carl\/","title":{"rendered":"KOSCH, Carl"},"content":{"rendered":"<p>Sz\u00e1szr\u00e9gen, 1845., \u2020 ?: katonatiszt. \u2013 Gimn\u00e1ziumot \u00e9s l\u00edc.-ot a sz\u00fcl\u0151v\u00e1ros\u00e1ban v\u00e9gzett (16 \u00e9vesen \u00e9retts\u00e9gizett), majd Kv.-on a Jogi Akad. hallgat\u00f3ja lett. Katonas\u00e1got Pr\u00e1g\u00e1ban, a 28. honv\u00e9dezredben teljes\u00edtett (1869. nov. 30. \u2013). A jogi egyetem abszolv\u00e1l\u00e1sa ut\u00e1n ugyanabban az egys\u00e9gben, amelybe bevonult, szakaszvezet\u0151 katonai apr\u00f3d lett (1872\u2013), azut\u00e1n hadnagy (1873\u2013), majd \u00e1thelyezt\u00e9k a 24. ezredbe. \u00d6nk\u00e9nt mondott le, \u00e9s hadnagyk\u00e9nt visszavonult (1881. dec. 31. \u2013). <br \/><strong>Irod.:<\/strong> Reghin, militari<\/br><\/p>\n","protected":false},"excerpt":{"rendered":"<p>Sz\u00e1szr\u00e9gen, 1845., \u2020 ?: katonatiszt. \u2013 Gimn\u00e1ziumot \u00e9s l\u00edc.-ot a sz\u00fcl\u0151v\u00e1ros\u00e1ban v\u00e9gzett (16 \u00e9vesen \u00e9retts\u00e9gizett), majd Kv.-on a Jogi Akad. hallgat\u00f3ja lett. Katonas\u00e1got Pr\u00e1g\u00e1ban, a 28. honv\u00e9dezredben teljes\u00edtett (1869. nov. 30. \u2013). A jogi egyetem abszolv\u00e1l\u00e1sa ut\u00e1n ugyanabban az egys\u00e9gben, amelybe bevonult, szakaszvezet\u0151 katonai apr\u00f3d lett (1872\u2013), azut\u00e1n hadnagy (1873\u2013), majd \u00e1thelyezt\u00e9k a 24. ezredbe. [&hellip;]<\/p>\n","protected":false},"featured_media":0,"comment_status":"open","ping_status":"closed","template":"","meta":[],"product_brand":[],"product_cat":[137],"product_tag":[],"class_list":{"0":"post-12761","1":"product","2":"type-product","3":"status-publish","5":"product_cat-maros-megyei-eletrajzi-lexikon","7":"first","8":"instock","9":"shipping-taxable","10":"product-type-simple"},"_links":{"self":[{"href":"https:\/\/uj.adatbank.ro\/lexikon\/wp-json\/wp\/v2\/product\/12761","targetHints":{"allow":["GET"]}}],"collection":[{"href":"https:\/\/uj.adatbank.ro\/lexikon\/wp-json\/wp\/v2\/product"}],"about":[{"href":"https:\/\/uj.adatbank.ro\/lexikon\/wp-json\/wp\/v2\/types\/product"}],"replies":[{"embeddable":true,"href":"https:\/\/uj.adatbank.ro\/lexikon\/wp-json\/wp\/v2\/comments?post=12761"}],"wp:attachment":[{"href":"https:\/\/uj.adatbank.ro\/lexikon\/wp-json\/wp\/v2\/media?parent=12761"}],"wp:term":[{"taxonomy":"product_brand","embeddable":true,"href":"https:\/\/uj.adatbank.ro\/lexikon\/wp-json\/wp\/v2\/product_brand?post=12761"},{"taxonomy":"product_cat","embeddable":true,"href":"https:\/\/uj.adatbank.ro\/lexikon\/wp-json\/wp\/v2\/product_cat?post=12761"},{"taxonomy":"product_tag","embeddable":true,"href":"https:\/\/uj.adatbank.ro\/lexikon\/wp-json\/wp\/v2\/product_tag?post=12761"}],"curies":[{"name":"wp","href":"https:\/\/api.w.org\/{rel}","templated":true}]}}