{"id":12762,"date":"2025-06-29T14:38:17","date_gmt":"2025-06-29T12:38:17","guid":{"rendered":"https:\/\/uj.adatbank.ro\/lexikon\/termek\/kosch-traugott\/"},"modified":"2025-06-29T14:38:17","modified_gmt":"2025-06-29T12:38:17","slug":"kosch-traugott","status":"publish","type":"product","link":"https:\/\/uj.adatbank.ro\/lexikon\/termek\/kosch-traugott\/","title":{"rendered":"KOSCH, Traugott"},"content":{"rendered":"<p>? \u2020 ? : gy\u00e1ros. \u2013 Kosch \u00e9s Schobel szeszgy\u00e1ra Sz\u00e1szr\u00e9gen (1897, 1898, 1915); Kosch T. gy\u00e1r Segesv\u00e1ron (1914). <br \/><strong>Irod.:<\/strong> B\u00edr\u00f3 D\u00f3n\u00e1t; F\u00fcl\u00f6p-Ferenc; A M. Korona orsz\u00e1gainak kivitelk\u00e9pes ipartelepei (Bp., 1897); A M. K\u00f6zgazdas\u00e1g \u00e9s az Orsz\u00e1gos M. Kereskedelmi Egyes\u00fcl\u00e9s tev\u00e9kenys\u00e9ge (Bp., 1914); Rugonfalvi Kiss; Szter\u00e9nyi<\/br><\/p>\n","protected":false},"excerpt":{"rendered":"<p>? \u2020 ? : gy\u00e1ros. \u2013 Kosch \u00e9s Schobel szeszgy\u00e1ra Sz\u00e1szr\u00e9gen (1897, 1898, 1915); Kosch T. gy\u00e1r Segesv\u00e1ron (1914). Irod.: B\u00edr\u00f3 D\u00f3n\u00e1t; F\u00fcl\u00f6p-Ferenc; A M. Korona orsz\u00e1gainak kivitelk\u00e9pes ipartelepei (Bp., 1897); A M. K\u00f6zgazdas\u00e1g \u00e9s az Orsz\u00e1gos M. Kereskedelmi Egyes\u00fcl\u00e9s tev\u00e9kenys\u00e9ge (Bp., 1914); Rugonfalvi Kiss; Szter\u00e9nyi<\/p>\n","protected":false},"featured_media":0,"comment_status":"open","ping_status":"closed","template":"","meta":[],"product_brand":[],"product_cat":[137],"product_tag":[],"class_list":{"0":"post-12762","1":"product","2":"type-product","3":"status-publish","5":"product_cat-maros-megyei-eletrajzi-lexikon","7":"first","8":"instock","9":"shipping-taxable","10":"product-type-simple"},"_links":{"self":[{"href":"https:\/\/uj.adatbank.ro\/lexikon\/wp-json\/wp\/v2\/product\/12762","targetHints":{"allow":["GET"]}}],"collection":[{"href":"https:\/\/uj.adatbank.ro\/lexikon\/wp-json\/wp\/v2\/product"}],"about":[{"href":"https:\/\/uj.adatbank.ro\/lexikon\/wp-json\/wp\/v2\/types\/product"}],"replies":[{"embeddable":true,"href":"https:\/\/uj.adatbank.ro\/lexikon\/wp-json\/wp\/v2\/comments?post=12762"}],"wp:attachment":[{"href":"https:\/\/uj.adatbank.ro\/lexikon\/wp-json\/wp\/v2\/media?parent=12762"}],"wp:term":[{"taxonomy":"product_brand","embeddable":true,"href":"https:\/\/uj.adatbank.ro\/lexikon\/wp-json\/wp\/v2\/product_brand?post=12762"},{"taxonomy":"product_cat","embeddable":true,"href":"https:\/\/uj.adatbank.ro\/lexikon\/wp-json\/wp\/v2\/product_cat?post=12762"},{"taxonomy":"product_tag","embeddable":true,"href":"https:\/\/uj.adatbank.ro\/lexikon\/wp-json\/wp\/v2\/product_tag?post=12762"}],"curies":[{"name":"wp","href":"https:\/\/api.w.org\/{rel}","templated":true}]}}