{"id":12764,"date":"2025-06-29T14:38:22","date_gmt":"2025-06-29T12:38:22","guid":{"rendered":"https:\/\/uj.adatbank.ro\/lexikon\/termek\/kossuth-ferenc\/"},"modified":"2025-06-29T14:38:22","modified_gmt":"2025-06-29T12:38:22","slug":"kossuth-ferenc","status":"publish","type":"product","link":"https:\/\/uj.adatbank.ro\/lexikon\/termek\/kossuth-ferenc\/","title":{"rendered":"KOSSUTH Ferenc"},"content":{"rendered":"<p>Pest, 1841. nov. 16., \u2020 Bp., 1914. m\u00e1j. 25.: politikus, miniszter. \u2013 K. Lajos fia. R\u00e9szt vett a mv.-i Kossuth szobor lelplez\u00e9s\u00e9n (1899); Mv. v\u00e1ros t\u00f6rv\u00e9nyhat\u00f3s\u00e1gi bizotts\u00e1ga d\u00edszpolg\u00e1r\u00e1v\u00e1 v\u00e1lasztotta (1905. okt.). <br \/><strong>Irod.:<\/strong> [Bern\u00e1dy Gy\u00f6rgy t\u00e1v\u00edrata] (F\u00fcggetlen Sz\u00e9kelys\u00e9g, 1905. okt. 8.)<\/br><\/p>\n","protected":false},"excerpt":{"rendered":"<p>Pest, 1841. nov. 16., \u2020 Bp., 1914. m\u00e1j. 25.: politikus, miniszter. \u2013 K. Lajos fia. R\u00e9szt vett a mv.-i Kossuth szobor lelplez\u00e9s\u00e9n (1899); Mv. v\u00e1ros t\u00f6rv\u00e9nyhat\u00f3s\u00e1gi bizotts\u00e1ga d\u00edszpolg\u00e1r\u00e1v\u00e1 v\u00e1lasztotta (1905. okt.). Irod.: [Bern\u00e1dy Gy\u00f6rgy t\u00e1v\u00edrata] (F\u00fcggetlen Sz\u00e9kelys\u00e9g, 1905. okt. 8.)<\/p>\n","protected":false},"featured_media":0,"comment_status":"open","ping_status":"closed","template":"","meta":[],"product_brand":[],"product_cat":[137],"product_tag":[],"class_list":{"0":"post-12764","1":"product","2":"type-product","3":"status-publish","5":"product_cat-maros-megyei-eletrajzi-lexikon","7":"first","8":"instock","9":"shipping-taxable","10":"product-type-simple"},"_links":{"self":[{"href":"https:\/\/uj.adatbank.ro\/lexikon\/wp-json\/wp\/v2\/product\/12764","targetHints":{"allow":["GET"]}}],"collection":[{"href":"https:\/\/uj.adatbank.ro\/lexikon\/wp-json\/wp\/v2\/product"}],"about":[{"href":"https:\/\/uj.adatbank.ro\/lexikon\/wp-json\/wp\/v2\/types\/product"}],"replies":[{"embeddable":true,"href":"https:\/\/uj.adatbank.ro\/lexikon\/wp-json\/wp\/v2\/comments?post=12764"}],"wp:attachment":[{"href":"https:\/\/uj.adatbank.ro\/lexikon\/wp-json\/wp\/v2\/media?parent=12764"}],"wp:term":[{"taxonomy":"product_brand","embeddable":true,"href":"https:\/\/uj.adatbank.ro\/lexikon\/wp-json\/wp\/v2\/product_brand?post=12764"},{"taxonomy":"product_cat","embeddable":true,"href":"https:\/\/uj.adatbank.ro\/lexikon\/wp-json\/wp\/v2\/product_cat?post=12764"},{"taxonomy":"product_tag","embeddable":true,"href":"https:\/\/uj.adatbank.ro\/lexikon\/wp-json\/wp\/v2\/product_tag?post=12764"}],"curies":[{"name":"wp","href":"https:\/\/api.w.org\/{rel}","templated":true}]}}