{"id":12765,"date":"2025-06-29T14:38:24","date_gmt":"2025-06-29T12:38:24","guid":{"rendered":"https:\/\/uj.adatbank.ro\/lexikon\/termek\/kossuth-lajos\/"},"modified":"2025-06-29T14:38:24","modified_gmt":"2025-06-29T12:38:24","slug":"kossuth-lajos","status":"publish","type":"product","link":"https:\/\/uj.adatbank.ro\/lexikon\/termek\/kossuth-lajos\/","title":{"rendered":"KOSSUTH Lajos"},"content":{"rendered":"<p>Monok, 1802. szept. 19., \u2020 Torino, 1894. m\u00e1rc. 20.: \u00e1llamf\u00e9rfi, korm\u00e1nyz\u00f3 eln\u00f6k. \u2013 \u00c9letnagys\u00e1g\u00fa k\u00e9p\u00e9t Barab\u00e1s Mikl\u00f3s alkot\u00e1s\u00e1t a megyei k\u00f6zgy\u0171l\u00e9s \u00fcl\u00e9sterm\u00e9ben f\u00fcggesztett\u00e9k ki (1885); Mv. d\u00edszpolg\u00e1ra (1888); A mv.-i iparosok d\u00edszoklevelet adom\u00e1nyoztak K. L. -nak, akit az Iparos \u00d6nk\u00e9pz\u0151 \u00e9s Betegseg\u00e9lyz\u0151 Egylet d\u00edszeln\u00f6k\u00e9v\u00e9 v\u00e1lasztottak. Az oklevelet (un. Kossuth albumot) Turinba vitte egy v\u00e1rosi k\u00fcld\u00f6tts\u00e9g (1889); Temet\u00e9s\u00e9re k\u00fcld\u00f6tts\u00e9g ment Bp. -re (Ger\u00e9b B\u00e9la polg\u00e1rmester \u00e9s Bern\u00e1dy Gy\u00f6rgy tan\u00e1csos) egy mar\u00e9k f\u00f6ldet vittek a Bem szobor talapzat\u00e1t\u00f3l \u00e9s a Sz\u00e9kely V\u00e9rtan\u00fak eml\u00e9khely\u00e9r\u0151l (1864) Utc\u00e1n neveztek el r\u00f3la (1893). Bern\u00e1dy Gy\u00f6rgy javaslat\u00e1ra Mv.-en Kossuth-szobor bizotts\u00e1g alakult (1894. \u00e1pr. 25.). K\u00f6ll\u0151 Mikl\u00f3s alkotta eml\u00e9km\u0171vet \u00fcnnep\u00e9lyesen leplezt\u00e9k le a f\u0151t\u00e9r fels\u0151 r\u00e9sz\u00e9n, ami a g\u00f6r\u00f6gkeleti nagytemplom hely\u00e9n \u00e1llt (1899. j\u00fan. 11.) Nagy pomp\u00e1val \u00fcnnepelt\u00e9k meg Mv.-en sz\u00fclet\u00e9s\u00e9nek sz\u00e1zadik \u00e9vfordul\u00f3j\u00e1t (1902). K\u00f6ll\u0151 Mikl\u00f3s alkot\u00e1s\u00e1t, led\u00f6nt\u00f6tt\u00e9k \u00e9s \u00f6ssszet\u00f6rt\u00e9k (1919. m\u00e1rc. 28-ra virrad\u00f3 \u00e9jjel). Ma a szobor Csomafalv\u00e1n l\u00e1that\u00f3. Jakab Elek kezdte meg a Kossuth-k\u00e9ziratok feldolgoz\u00e1s\u00e1t. A Kossuth Lajos nev\u00e9t visel\u0151 utca zavartalanul visehette nev\u00e9t (1893\u20131920; 1941\u20131986-ig), napjainkban C\u0103l\u0103ra\u0219ilor a hivatalos neve. <br \/><strong>Irod.:<\/strong> B. Z.: Leleplezt\u00e9k a Kossuth-szobrot Mv.-en. (1899. j\u00fan. 11.) (V\u00e1s\u00e1rhelyi H\u00edrlap, 2008. j\u00fan. 11.); Csepreghy; Csepreghy 2010; Csepreghy A. &#8211; Cs. H; Egyed \u00c1. 2013; Erd\u00e9lyi Ref. Kal.; Id\u0151t\u00e1r 2; Kem\u00e9ny Zs.; Keresztes Gyula: A Nagypiac d\u00edszt\u00e1rgyair\u00f3l (1991. j\u00fan. 22.); Mur\u00e1din; A mv.-i K. szobor felt\u00e1mad\u00e1sa Gyergy\u00f3csomafalv\u00e1n (\u00daj Kezdet, 3. sz., 2004. m\u00e1rc.); Mv. t\u00f6rt. 2.; Orb\u00e1n \u2013 Oniga Egy efeledett Mv.-i h\u00e1zsor t\u00f6rt\u00e9net\u00e9b\u0151l. \u00c9p\u00edtkez\u00e9sek a sz\u00e1zadfordul\u00f3n a Kossuth Lajos utca k\u00fcls\u0151 szakasz\u00e1n; Paget; P\u00e1l-Antal S\u00e1ndor: Kossuth a mv.-iek eml\u00e9kezet\u00e9ben (N\u00fa., 2002. nov. 5.); RMIL; Szak\u00e1cs J\u00e1nos: Mv.-i szobrok a r\u00e9gi sajt\u00f3ban (Erd\u00e9lyi Napl\u00f3, 51\u201352. sz., 2004. dec. 21.); Dolgozatok; Szentgy\u00f6rgyi; \u00daM\u00c1L<\/br><\/p>\n","protected":false},"excerpt":{"rendered":"<p>Monok, 1802. szept. 19., \u2020 Torino, 1894. m\u00e1rc. 20.: \u00e1llamf\u00e9rfi, korm\u00e1nyz\u00f3 eln\u00f6k. \u2013 \u00c9letnagys\u00e1g\u00fa k\u00e9p\u00e9t Barab\u00e1s Mikl\u00f3s alkot\u00e1s\u00e1t a megyei k\u00f6zgy\u0171l\u00e9s \u00fcl\u00e9sterm\u00e9ben f\u00fcggesztett\u00e9k ki (1885); Mv. d\u00edszpolg\u00e1ra (1888); A mv.-i iparosok d\u00edszoklevelet adom\u00e1nyoztak K. L. -nak, akit az Iparos \u00d6nk\u00e9pz\u0151 \u00e9s Betegseg\u00e9lyz\u0151 Egylet d\u00edszeln\u00f6k\u00e9v\u00e9 v\u00e1lasztottak. Az oklevelet (un. Kossuth albumot) Turinba vitte egy v\u00e1rosi k\u00fcld\u00f6tts\u00e9g [&hellip;]<\/p>\n","protected":false},"featured_media":0,"comment_status":"open","ping_status":"closed","template":"","meta":[],"product_brand":[],"product_cat":[137],"product_tag":[],"class_list":{"0":"post-12765","1":"product","2":"type-product","3":"status-publish","5":"product_cat-maros-megyei-eletrajzi-lexikon","7":"first","8":"instock","9":"shipping-taxable","10":"product-type-simple"},"_links":{"self":[{"href":"https:\/\/uj.adatbank.ro\/lexikon\/wp-json\/wp\/v2\/product\/12765","targetHints":{"allow":["GET"]}}],"collection":[{"href":"https:\/\/uj.adatbank.ro\/lexikon\/wp-json\/wp\/v2\/product"}],"about":[{"href":"https:\/\/uj.adatbank.ro\/lexikon\/wp-json\/wp\/v2\/types\/product"}],"replies":[{"embeddable":true,"href":"https:\/\/uj.adatbank.ro\/lexikon\/wp-json\/wp\/v2\/comments?post=12765"}],"wp:attachment":[{"href":"https:\/\/uj.adatbank.ro\/lexikon\/wp-json\/wp\/v2\/media?parent=12765"}],"wp:term":[{"taxonomy":"product_brand","embeddable":true,"href":"https:\/\/uj.adatbank.ro\/lexikon\/wp-json\/wp\/v2\/product_brand?post=12765"},{"taxonomy":"product_cat","embeddable":true,"href":"https:\/\/uj.adatbank.ro\/lexikon\/wp-json\/wp\/v2\/product_cat?post=12765"},{"taxonomy":"product_tag","embeddable":true,"href":"https:\/\/uj.adatbank.ro\/lexikon\/wp-json\/wp\/v2\/product_tag?post=12765"}],"curies":[{"name":"wp","href":"https:\/\/api.w.org\/{rel}","templated":true}]}}