{"id":12767,"date":"2025-06-29T14:38:27","date_gmt":"2025-06-29T12:38:27","guid":{"rendered":"https:\/\/uj.adatbank.ro\/lexikon\/termek\/kosza-vilmos\/"},"modified":"2025-07-16T14:04:00","modified_gmt":"2025-07-16T12:04:00","slug":"kosza-vilmos","status":"publish","type":"product","link":"https:\/\/uj.adatbank.ro\/lexikon\/termek\/kosza-vilmos\/","title":{"rendered":"KOSZA Vilmos"},"content":{"rendered":"<p>Cs\u00edkszenttam\u00e1s, 1929. jan. 13., \u2020 ? : r. k. pl\u00e9b\u00e1nos. \u2013 Sz\u00e9kelyk\u00e1lon pl\u00e9b\u00e1nos (1963\u201367).<br \/>\n<strong>Irod.:<\/strong> Ferenczi S\u00e1ndor 2009; Maros-k\u00fck\u00fcll\u0151i f\u0151esp.; Sz\u00e9kelyk\u00e1l<\/p>\n","protected":false},"excerpt":{"rendered":"<p>Cs\u00edkszenttam\u00e1s, 1929. jan. 13., \u2020 ? : r. k. pl\u00e9b\u00e1nos. \u2013 Sz\u00e9kelyk\u00e1lon pl\u00e9b\u00e1nos (1963\u201367). Irod.: Ferenczi S\u00e1ndor 2009; Maros-k\u00fck\u00fcll\u0151i f\u0151esp.; Sz\u00e9kelyk\u00e1l<\/p>\n","protected":false},"featured_media":0,"comment_status":"open","ping_status":"closed","template":"","meta":[],"product_brand":[],"product_cat":[137],"product_tag":[],"class_list":{"0":"post-12767","1":"product","2":"type-product","3":"status-publish","5":"product_cat-maros-megyei-eletrajzi-lexikon","7":"first","8":"instock","9":"shipping-taxable","10":"product-type-simple"},"_links":{"self":[{"href":"https:\/\/uj.adatbank.ro\/lexikon\/wp-json\/wp\/v2\/product\/12767","targetHints":{"allow":["GET"]}}],"collection":[{"href":"https:\/\/uj.adatbank.ro\/lexikon\/wp-json\/wp\/v2\/product"}],"about":[{"href":"https:\/\/uj.adatbank.ro\/lexikon\/wp-json\/wp\/v2\/types\/product"}],"replies":[{"embeddable":true,"href":"https:\/\/uj.adatbank.ro\/lexikon\/wp-json\/wp\/v2\/comments?post=12767"}],"wp:attachment":[{"href":"https:\/\/uj.adatbank.ro\/lexikon\/wp-json\/wp\/v2\/media?parent=12767"}],"wp:term":[{"taxonomy":"product_brand","embeddable":true,"href":"https:\/\/uj.adatbank.ro\/lexikon\/wp-json\/wp\/v2\/product_brand?post=12767"},{"taxonomy":"product_cat","embeddable":true,"href":"https:\/\/uj.adatbank.ro\/lexikon\/wp-json\/wp\/v2\/product_cat?post=12767"},{"taxonomy":"product_tag","embeddable":true,"href":"https:\/\/uj.adatbank.ro\/lexikon\/wp-json\/wp\/v2\/product_tag?post=12767"}],"curies":[{"name":"wp","href":"https:\/\/api.w.org\/{rel}","templated":true}]}}