{"id":12769,"date":"2025-06-29T14:38:32","date_gmt":"2025-06-29T12:38:32","guid":{"rendered":"https:\/\/uj.adatbank.ro\/lexikon\/termek\/koszegi-dusu-%c2%a7-anna\/"},"modified":"2025-06-29T14:38:32","modified_gmt":"2025-06-29T12:38:32","slug":"koszegi-dusu-%c2%a7-anna","status":"publish","type":"product","link":"https:\/\/uj.adatbank.ro\/lexikon\/termek\/koszegi-dusu-%c2%a7-anna\/","title":{"rendered":"K\u0150SZEGI Dusu, \u00a7 Anna"},"content":{"rendered":"<p>M\u00e1ramarossziget, 1908. j\u00fal. 25., \u2020 Mv., 1952. febr. 24.: sz\u00edn\u00e9szn\u0151, Margit testv\u00e9re. \u2013 Izs\u00f3 Mikl\u00f3s sz\u00edniiskol\u00e1j\u00e1t v\u00e9gezte, p\u00e1ly\u00e1j\u00e1t Kv.-on kezdte (1927) m\u00e1sodik szubrettk\u00e9nt \u00e9s vid\u00e9ki t\u00e1rsulatokn\u00e1l folytatta: G\u00e1sp\u00e1r Mikl\u00f3s sz\u00e9kelyf\u00f6ldi t\u00e1rsulat\u00e1ban j\u00e1tszott. Fell\u00e9pett: D\u00e9s, Nagyb\u00e1nya, Segesv\u00e1r, Nagyenyed, Sz\u00e9kelykereszt\u00far, Mv., Arad, Nagyszeben, Csehszlov\u00e1kia, Szatm\u00e1r, Dics\u0151szentm\u00e1rton, Sz\u00e1szr\u00e9genben (1927\u201340); V\u00edg Ern\u0151 sz\u00ednt\u00e1rsulat\u00e1val Mv.-en Leh\u00e9r Ferenc: a Mosoly orsz\u00e1ga c. nagyoperettben l\u00e9pett fel (1932). Kom\u00e1rom, Sz\u00e9kesfeh\u00e9rv\u00e1r, Bp.-en az Operettsz\u00ednh\u00e1z, Arad-on. A h\u00e1bor\u00fa ut\u00e1n Szatm\u00e1ron kezdte (1945), majd Aradon folytatta (\u20131948), Az aradi t\u00e1rsulat megsz\u00fcn\u00e9se ut\u00e1n a mv. \u2013i Sz\u00e9kely Sz\u00ednh\u00e1z tagja volt \u00f6ngyilkoss\u00e1g\u00e1ig (1948\u20131952). P\u00e1ly\u00e1ja kezdet\u00e9n f\u0151leg szubretteket alak\u00edtott operettekben, k\u00e9s\u0151bb pr\u00f3zai szerepeket is j\u00e1tszott. <strong>F. sz.:<\/strong> Lucy (Haj\u00f3s J\u00f3zsef: \u00c1prilisi v\u0151leg\u00e9ny), Primadonna (Krasznai Krausz Mih\u00e1ly: S\u00e1rga liliom); Dorine, Marianna t\u00e1rsalkod\u00f3n\u0151je (Moliere: Tartuffe); Daisy Parker (\u00c1brah\u00e1m P\u00e1l: B\u00e1l a Savoyban); Lili (Mirande: P\u00e1rizsi expressz); Szonja (Csajkovszkij: Diadalmas asszony); Jeney-Schreiber: Dalol a Volga; Fodor L\u00e1szl\u00f3: B\u00f6lcs\u0151dal; G\u00e1rdonyi G\u00e9za: Ida reg\u00e9nye; \u00c1brah\u00e1m P\u00e1l: Vikt\u00f3ria; Lesty\u00e1n S\u00e1ndor: Potyautas; Canona, kurtiz\u00e1n (Ben Jonson: Volpone); Kszenyija (Gorkij: Jegor Buliucsov \u00e9s a t\u00f6bbiek); Piroska (Miksz\u00e1th : K\u00fcl\u00f6n\u00f6s h\u00e1zass\u00e1g); Dudkinn\u00e9 (Katajev: Bolondos vas\u00e1rnap), Madame Milda (Tur testv\u00e9rek- Seinin: Kinek kedvez az id\u0151); L\u00e9ni hal\u00e1szasszony (H. Heyermans : Rem\u00e9ny); Ilona (M. Davidoglu : B\u00e1ny\u00e1szok); Szab\u00f3 Ern\u0151 : Vid\u00e1m vak\u00e1ci\u00f3  =  Vid\u00e1m ny\u00e1ri m\u0171sor (1950). <br \/><strong>Irod.:<\/strong> B\u00e9rczes; Enyedi; A H\u00e9t \u00e9vk. (1982); Horv\u00e1th Bea; Id\u0151t\u00e1r 3; Katona Szab\u00f3 Istv\u00e1n: Az \u00daj \u00c9let lexikona, 94. (\u00daj \u00c9let, 10. sz. 1974.), Kov\u00e1cs Levente; K\u00f6t\u0151<\/br><\/p>\n","protected":false},"excerpt":{"rendered":"<p>M\u00e1ramarossziget, 1908. j\u00fal. 25., \u2020 Mv., 1952. febr. 24.: sz\u00edn\u00e9szn\u0151, Margit testv\u00e9re. \u2013 Izs\u00f3 Mikl\u00f3s sz\u00edniiskol\u00e1j\u00e1t v\u00e9gezte, p\u00e1ly\u00e1j\u00e1t Kv.-on kezdte (1927) m\u00e1sodik szubrettk\u00e9nt \u00e9s vid\u00e9ki t\u00e1rsulatokn\u00e1l folytatta: G\u00e1sp\u00e1r Mikl\u00f3s sz\u00e9kelyf\u00f6ldi t\u00e1rsulat\u00e1ban j\u00e1tszott. Fell\u00e9pett: D\u00e9s, Nagyb\u00e1nya, Segesv\u00e1r, Nagyenyed, Sz\u00e9kelykereszt\u00far, Mv., Arad, Nagyszeben, Csehszlov\u00e1kia, Szatm\u00e1r, Dics\u0151szentm\u00e1rton, Sz\u00e1szr\u00e9genben (1927\u201340); V\u00edg Ern\u0151 sz\u00ednt\u00e1rsulat\u00e1val Mv.-en Leh\u00e9r Ferenc: a Mosoly orsz\u00e1ga [&hellip;]<\/p>\n","protected":false},"featured_media":0,"comment_status":"open","ping_status":"closed","template":"","meta":[],"product_brand":[],"product_cat":[137],"product_tag":[],"class_list":{"0":"post-12769","1":"product","2":"type-product","3":"status-publish","5":"product_cat-maros-megyei-eletrajzi-lexikon","7":"first","8":"instock","9":"shipping-taxable","10":"product-type-simple"},"_links":{"self":[{"href":"https:\/\/uj.adatbank.ro\/lexikon\/wp-json\/wp\/v2\/product\/12769","targetHints":{"allow":["GET"]}}],"collection":[{"href":"https:\/\/uj.adatbank.ro\/lexikon\/wp-json\/wp\/v2\/product"}],"about":[{"href":"https:\/\/uj.adatbank.ro\/lexikon\/wp-json\/wp\/v2\/types\/product"}],"replies":[{"embeddable":true,"href":"https:\/\/uj.adatbank.ro\/lexikon\/wp-json\/wp\/v2\/comments?post=12769"}],"wp:attachment":[{"href":"https:\/\/uj.adatbank.ro\/lexikon\/wp-json\/wp\/v2\/media?parent=12769"}],"wp:term":[{"taxonomy":"product_brand","embeddable":true,"href":"https:\/\/uj.adatbank.ro\/lexikon\/wp-json\/wp\/v2\/product_brand?post=12769"},{"taxonomy":"product_cat","embeddable":true,"href":"https:\/\/uj.adatbank.ro\/lexikon\/wp-json\/wp\/v2\/product_cat?post=12769"},{"taxonomy":"product_tag","embeddable":true,"href":"https:\/\/uj.adatbank.ro\/lexikon\/wp-json\/wp\/v2\/product_tag?post=12769"}],"curies":[{"name":"wp","href":"https:\/\/api.w.org\/{rel}","templated":true}]}}