{"id":12770,"date":"2025-06-29T14:38:34","date_gmt":"2025-06-29T12:38:34","guid":{"rendered":"https:\/\/uj.adatbank.ro\/lexikon\/termek\/koszegi-margit-%c2%a7\/"},"modified":"2025-06-29T14:38:34","modified_gmt":"2025-06-29T12:38:34","slug":"koszegi-margit-%c2%a7","status":"publish","type":"product","link":"https:\/\/uj.adatbank.ro\/lexikon\/termek\/koszegi-margit-%c2%a7\/","title":{"rendered":"K\u0150SZEGI Margit, \u00a7"},"content":{"rendered":"<p>M\u00e1ramarossziget, 1902. m\u00e1rc. 11., \u2020 Mv., 1988. jan. 31.: sz\u00edn\u00e9szn\u0151, \u00e9nekesn\u0151. \u2013 Zilahon \u00e9retts\u00e9gizett, azut\u00e1n orvostanhallgat\u00f3 volt Kv.-on, majd jogot v\u00e9gzett (1924). M\u00f3csra helyezt\u00e9k, de nem maradt ott sok\u00e1ig hamarosan elfogadta Janovics Jen\u0151 szerz\u0151d\u00e9si aj\u00e1nlat\u00e1t. K\u00f6z\u00adben \u00e9nekelni tanult \u00e9s Izs\u00f3 Mikl\u00f3s sz\u00edniisk. -j\u00e1t l\u00e1togatta. Mint opera\u00e9nekesn\u0151 mutatkozott be Kv-on Janovcs Jen\u0151 sz\u00ednt\u00e1rsulat\u00e1ban (Biz\u00e9t Carmen. -j\u00e9ben), s r\u00f6videsen a huszas-harmincas \u00e9vek k\u00f6zkedvelt operett primadonn\u00e1ja ; Vid\u00e9ki t\u00e1rsulatok tagjak\u00e9nt j\u00e1rta az orsz\u00e1got. Fell\u00e9pett: Kv. (1924\u201330); Mv., Szil\u00e1gysomly\u00f3 (1930\u201331), ahol megismerkedett Borovszky Oszk\u00e1rral \u00e9s feles\u00e9g\u00fcl is ment hozz\u00e1 ezut\u00e1n egy\u00fctt szerepeltek: Arad, Dics\u0151szentm\u00e1rton, Oravicab\u00e1nya, Nagyszeben- ben V\u00edgh Ern\u0151 t\u00e1rsulat\u00e1ban (1930\u201333), Nagyenyeden, Dics\u0151szentm\u00e1rtonban Sarkadi Guszt\u00e1v t\u00e1rsulat\u00e1val (1933); visszker\u00fclt Kv.-ra a Th\u00e1lia (1933\u2013), majd a Nem\u00adzeti Sz\u00ednh\u00e1z (1940\u201344), a kv.-i \u00c1llami M. Sz\u00ednh\u00e1z (1944\u201346) tagja volt, ahol f\u0151leg operettek\u00adben \u00e9s n\u00e9psz\u00ednm\u0171vekben l\u00e9pett fel. A mv.-i Sz\u00e9kely Sz\u00ednh\u00e1z alap\u00edt\u00f3 tagja Kem\u00e9ny J\u00e1nos \u00e9s Tompa Mikl\u00f3s megh\u00edv\u00e1s\u00e1ra nyugalomba vonul\u00e1s\u00e1ig (1946\u201368). H\u00edres rendez\u0151k (Tompa Mikl\u00f3s, Dely Ferenc, Szab\u00f3 Ern\u0151) keze alatt v\u00e1lt dr\u00e1mai sz\u00edn\u00e9szn\u0151v\u00e9 \u00e9s pr\u00f3zai szerepek sor\u00e1t j\u00e1tszotta el kiemelked\u0151 sikerrel. Nyugd\u00edjba vonul\u00e1sa ut\u00e1n (1961) m\u00e9g t\u00f6bbsz\u00f6r fell\u00e9pett (utolj\u00e1ra 1984). T\u00f6bb mint 500 szerepet alak\u00edtott, a mv.-i sz\u00ednj\u00e1tsz\u00e1s Nagyasszonya, tot\u00e1lis sz\u00edn\u00e9sz volt. \u00c9rdemes m\u0171v\u00e9sz (1957). \u2013 <strong>F. sz.:<\/strong> Frasquita (Bizet: Carmen); Gilda (Verdi: Rigoletto); Ad\u00e9l, Rosalinda (ifj. J. Strauss: A denev\u00e9r); Szaffi (Strauss: A cig\u00e1nyb\u00e1r\u00f3); M\u00e9di, Tsch\u00f6ll-n\u00e9 (Schubert-Bert\u00e9: H\u00e1rom a kisl\u00e1ny); F\u00e9nyes Szabolcs-Harmath Imre: Maya; Regina (Tam\u00e1si \u00c1.: \u00c9nekes mad\u00e1r); Beatrix (Heltai Jen\u0151: A n\u00e9ma levente); Kamilla (Csiky G.: Ingyen\u00e9l\u0151k); Vasza Zseleznova (Gorkij); Ap\u00e1tn\u0151 (Gorkij: Jegor Bulicsov \u00e9s a t\u00f6bbiek); B\u00edr\u00f3n\u00e9 (M\u00f3ricz: S\u00e1ri b\u00edr\u00f3); M\u00e1ria Lujza ( Rostand: Sasfi\u00f3k); Margit ( N\u00e9meth L\u00e1szl\u00f3: Vill\u00e1mf\u00e9nyn\u00e9l); Lina (Kisfaludy: Csal\u00f3d\u00e1sok); Anya (Wilder: A mi kis v\u00e1rosunk); Vaszilisza (Gorkij: \u00c9jjeli mened\u00e9khely); \u00d6reg Nagyn\u00e9 (Br\u00f3dy: A tan\u00edt\u00f3n\u0151, 1956); Anfisza (Csehov: A h\u00e1rom n\u0151v\u00e9r); Nanny (Zindel: A gammasugarak hat\u00e1sa a sz\u00e1zszor-sz\u00e9pekre); A. Skvarkin: Ifj\u00fas\u00e1g (1948); Szergej Mihalkov: A v\u00f6r\u00f6s nyakkend\u0151 (1950); K Szimonov: Leg\u00e9ny a talp\u00e1n (1951); B. Gorbatov: Ap\u00e1k ifj\u00fas\u00e1ga (1953); B. Lavrenyov: Lesz\u00e1mol\u00e1s (1953); Csiky Gergely: Ingyen\u00e9l\u0151k (1953); B. Nusics: A kegyelmes asszony (1954); Br\u00f3dy S\u00e1ndor: A tan\u00edt\u00f3n\u0151 (1956); H. Lovinescu: A lerombolt fellegv\u00e1r (1958); Cecile (Paul Laurent: Szerelmes di\u00e1kok); Musk\u00e1tn\u00e9 (Moln\u00e1r Ferenc: Liliom); Dr. Sch\u00f6n Toni (Eisemann Mih\u00e1ly: Egy cs\u00f3k \u00e9s m\u00e1s semmi); Lefebren\u00e9 (Eisemann Mih\u00e1ly: Fekete P\u00e9ter); Igazgat\u00f3n\u0151 (M. Sebastian: N\u00e9vtelen csillag); Finum R\u00f3zsi (T\u00f3th Ede: A falu rossza); Beatrix (Heltai Jen\u0151: A n\u00e9ma levente); Mariska (B\u00e9keffy Istv\u00e1n: Janika); Mira (Kov\u00e1ts Dezs\u0151: Egyiptomi legenda); Vikt\u00f3ria (Losonczy Dezs\u0151: Egyetlen \u00e9jszak\u00e1ra); \u00d6zv. Szikszain\u00e9 (F\u00e9nyes Szabolcs: V\u00e9n di\u00f3fa); M\u00e1ria Ivanovna (L. Rachmanov: Viharos alkonyat); G\u00e1thyn\u00e9, Erzsi ( F\u00e9nyes Szabolcs: Az utols\u00f3 Vereb\u00e9ly l\u00e1ny); Lilien (Carlo de Fries: Ilyenek a f\u00e9rfiak); Asszisztensn\u0151 (M\u00e1rai S\u00e1ndor: Kaland); Matrjona (Lev Tolsztoj: A s\u00f6t\u00e9ts\u00e9g hatalma); Parker Jenningsn\u00e9 (Sommerset Maugam: Fens\u00e9g, fizetek!); A nemzetes asszony (K\u00e1lm\u00e1n Imre: Az obsitos); Jol\u00e1n (Vaszary G\u00e1bor: Bubus); Sybil Birling (J. B. Priestley: V\u00e1ratlan vend\u00e9g), Klementina, az \u00e9desanya (Eisemann Mih\u00e1ly: Vadvir\u00e1g); Richenaun\u00e9 (John Knittel: Via Mala); Lina, elv\u00e1lt feles\u00e9g (Komj\u00e1thy K\u00e1roly: Harap\u00f3s f\u00e9rj); M\u00f3nika, h\u00e1zvezet\u0151n\u0151 (Gy\u00f6ngy P\u00e1l: H\u00e1rom ember a h\u00f3ban); Missis Jacobs (Evgenij Petrov: A b\u00e9ke sziget\u00e9n); Bella Charles, h\u00e1zvezet\u0151n\u0151 (James Gow- Arnaud D\u2019usseau: M\u00e9lyek a gy\u00f6kerek); Nagys\u00e1d (Tomcsa S\u00e1ndor: Nagy dolog kicsiben); Olga Petrovna (A. Skvarkin: Ifj\u00fas\u00e1g); Canina, kurtiz\u00e1n (Ben Jonson: Volpone); Matild (Herman Heyermans: Rem\u00e9ny); \u00d6zv. Karvassyn\u00e9 (Szigligeti Ede: A csik\u00f3s); Fjolka szak\u00e1csn\u0151 (P. Karatigan: Az elcser\u00e9lt kab\u00e1t); Pernelle asszony (Moliere: Tartuffe); V\u00e9nasszony (M\u00f3ricz Zsigmond: Uri muri); Kapitolina Petrovna (Sz. Mihalkov: A v\u00f6r\u00f6s nyakkend\u0151); Klesztova (A. Gribojedov: Az \u00e9sz bajjal j\u00e1r); Zaharescu Aneta (Aurel Baranga: Dudva); A mama (Szab\u00f3 Ern\u0151: A vez\u00e9r); Mrs. Kidd (Borisz Lavrenyov: Amerika hangja); Frau Schmelz (Tur testv\u00e9rek \u00e9s Seinin: Kinek kedvez az id\u0151); Ana Ivanovna (K. Szimonov: Leg\u00e9ny a talp\u00e1n); Anna Andrejevna (Gogoly: A revizor); Bokorn\u00e9, Vas Lina (Urb\u00e1n Ern\u0151: T\u0171zkereszts\u00e9g); Maret Miart, tan\u00e1rn\u0151 (August Jakobson: K\u00e9t t\u00e1bor); Nasztja (Ivan Franco: Az ellopott boldogs\u00e1g); T\u00f6r\u00f6kn\u00e9 (Metz Istv\u00e1n: Esztike \u00e9s a kult\u00farforradalom); Kirpicsnyikova (K. Iszajev \u00e9s A. Galics: Nem mag\u00e1n\u00fcgy); Zulejka, Leila nevel\u0151je (Huszka Jen\u0151: G\u00fcl-Baba); Kucser\u00e1n\u00e9 (Aki m\u00e1snak vermet \u00e1s); M\u00e1ria (Tiberiu Vornuc- Ioana Postelnicu: Felsz\u00e1ll a k\u00f6d), Maros-k\u00fck\u00fcll\u0151i f\u0151esp.; Sostrata (Niccolo Machiavelli: Mandrag\u00f3ra); Nardella, a kir\u00e1lyn\u0151 dajk\u00e1ja (Heltai Jen\u0151: A n\u00e9ma levente); \u00d6reg J\u00f3sk\u00e1n\u00e9 (Szirmai Albert: M\u00e9zeskal\u00e1cs), Warrenn\u00e9 (G. B. Shaw: Warrenn\u00e9 mesters\u00e9ge); V\u00e1ssz\u00e1 Boriszova (M. Gorkij: V\u00e1ssz\u00e1 Zselezova); Valeria Zapan (Aurel Baranga: Diadal\u00edv); Bernarda \u00e9s La Poncia, szolg\u00e1l\u00f3 (Frederico Garcia Lorca: Bernarda Alba h\u00e1za). A sz\u00ednh\u00e1z rom\u00e1n tagozat\u00e1n is szerepelt: Doamna Doyle (Frank D. Gilroy: Cine-l salveaz\u0103 pe Albert Cobb?). \u2013 <strong>F. m.:<\/strong> \u00c9letem a sz\u00ednh\u00e1z (eml\u00e9k\u00adirat; \u00daj \u00c9let, 1973); f. film.: Castelanii (1966). <br \/><strong>Irod.:<\/strong> B. K. M. [Nekrol\u00f3g] (V. Z., 1988. febr. 3.); B\u00e9rczes; Bokor Andr\u00e1s: Negyven \u00e9ve a sz\u00ednpadon (V. Z., 1964. m\u00e1rc. 8.); Chereji Peris; Chereji Peris Ter\u00e9z: K. M. (N\u00fa., M\u00fazsa, 233. sz., 1996. febr. 23.; 234. sz., 1996. m\u00e1rc. 1.; 235. sz., 1996. m\u00e1rc. 8.); Csekme; Csif\u00f3; Dud\u00e1s K\u00e1roly: K. M. \u2013 70 \u00e9ves (V. Z., 1972, m\u00e1rc. 12.); Eml\u00e9keznek az alap\u00edt\u00f3 tagok (V. Z., 1957. jan. 12.); Fodor Zeno; Gergely G\u00e9za: \u00c9letem: A sz\u00ednh\u00e1z. K. M. eml\u00e9kezik. 1\u20135. (\u00daj \u00c9let, 10., 11., 12., 13., 14. sz. 1973); Gy\u00e1rf\u00e1s Mikl\u00f3s: K. M. (V. Z., 1979. m\u00e1rc. 18.); Gy\u00e1rf\u00e1s l. 2013; Horv\u00e1th Bea; Hunyadi Andr\u00e1s: B\u00facs\u00fa K. M. -t\u00f3l (V. Z., 1988. febr. 6.); J\u00e1nosh\u00e1zy Gy\u00f6rgy: K. M. k\u00f6sz\u00f6nt\u00e9se (Utunk, 1982); J\u00e1szber\u00e9nyi Emese: K. M. \u00fajb\u00f3l sz\u00ednpadon (V. Z., 1983. nov. 5.); K\u00e1ntor-K\u00f6t\u0151; Kem\u00e9ny J\u00e1nos: K. M. k\u00f6sz\u00f6nt\u00e9se (\u00daj \u00c9let, 24. sz., 1962); Koch M\u00e1ria: Elsuhant \u00f6tven esztend\u0151 (V. Z., 1975. dec. 13.); Kov\u00e1cs Levente; K\u00f6t\u0151; Maros-k\u00fck\u00fcll\u0151i f\u0151esp; Marosi Ildik\u00f3: Am\u00edg be\u00e9rik az alkot\u00e1s (V. Z., 1962. okt. 28.); Marosi Ildik\u00f3: A meg\u00adid\u00e9zett \u00f6tven \u00e9v (Utunk, 1976); MSZL; Nagyjaink; N\u00fa (2002. m\u00e1rc. 9); Ol\u00e1h Tibor: Megszak\u00edtatlan \u00e9let\u00fat (A H\u00e9t, 1988); Ol\u00e1h Tibor 1996, Polg\u00e1r Istv\u00e1n: K. M. (Igaz Sz\u00f3, 1962); Szab\u00f3 Lajos: K. M. 40. \u00e9ves sz\u00edn\u00e9szi jubileum\u00e1ra (V. Z., 1965. okt. 17.); Sz\u00e9pr\u00e9ti Lilla: K\u0151szegi Margit (\u00daj \u00c9let, 19 sz. 1985); T. P\u00e1ll \u00c1rp\u00e1d: A tehets\u00e9g foka: Eml\u00e9kez\u00e9s K. M.-ra (\u00daj \u00c9let, 8. sz., 1988); \u00daM\u00c9L; V\u00e1ri Attila: Margit n\u00e9ni (Film, Sz\u00edn\u00adh\u00e1z, Muzsika, 1988. m\u00e1j.); Todea 2013; Vir\u00e1g Gy\u00f6rgy: Egy gyermeksz\u00edn\u00e9sz eml\u00e9kei a mv.-i Sz\u00e9kely Sz\u00ednh\u00e1zr\u00f3l (N\u00fa., 2016. m\u00e1rc. 21.)<\/br><\/p>\n","protected":false},"excerpt":{"rendered":"<p>M\u00e1ramarossziget, 1902. m\u00e1rc. 11., \u2020 Mv., 1988. jan. 31.: sz\u00edn\u00e9szn\u0151, \u00e9nekesn\u0151. \u2013 Zilahon \u00e9retts\u00e9gizett, azut\u00e1n orvostanhallgat\u00f3 volt Kv.-on, majd jogot v\u00e9gzett (1924). M\u00f3csra helyezt\u00e9k, de nem maradt ott sok\u00e1ig hamarosan elfogadta Janovics Jen\u0151 szerz\u0151d\u00e9si aj\u00e1nlat\u00e1t. K\u00f6z\u00adben \u00e9nekelni tanult \u00e9s Izs\u00f3 Mikl\u00f3s sz\u00edniisk. -j\u00e1t l\u00e1togatta. Mint opera\u00e9nekesn\u0151 mutatkozott be Kv-on Janovcs Jen\u0151 sz\u00ednt\u00e1rsulat\u00e1ban (Biz\u00e9t Carmen. -j\u00e9ben), [&hellip;]<\/p>\n","protected":false},"featured_media":0,"comment_status":"open","ping_status":"closed","template":"","meta":[],"product_brand":[],"product_cat":[137],"product_tag":[],"class_list":{"0":"post-12770","1":"product","2":"type-product","3":"status-publish","5":"product_cat-maros-megyei-eletrajzi-lexikon","7":"first","8":"instock","9":"shipping-taxable","10":"product-type-simple"},"_links":{"self":[{"href":"https:\/\/uj.adatbank.ro\/lexikon\/wp-json\/wp\/v2\/product\/12770","targetHints":{"allow":["GET"]}}],"collection":[{"href":"https:\/\/uj.adatbank.ro\/lexikon\/wp-json\/wp\/v2\/product"}],"about":[{"href":"https:\/\/uj.adatbank.ro\/lexikon\/wp-json\/wp\/v2\/types\/product"}],"replies":[{"embeddable":true,"href":"https:\/\/uj.adatbank.ro\/lexikon\/wp-json\/wp\/v2\/comments?post=12770"}],"wp:attachment":[{"href":"https:\/\/uj.adatbank.ro\/lexikon\/wp-json\/wp\/v2\/media?parent=12770"}],"wp:term":[{"taxonomy":"product_brand","embeddable":true,"href":"https:\/\/uj.adatbank.ro\/lexikon\/wp-json\/wp\/v2\/product_brand?post=12770"},{"taxonomy":"product_cat","embeddable":true,"href":"https:\/\/uj.adatbank.ro\/lexikon\/wp-json\/wp\/v2\/product_cat?post=12770"},{"taxonomy":"product_tag","embeddable":true,"href":"https:\/\/uj.adatbank.ro\/lexikon\/wp-json\/wp\/v2\/product_tag?post=12770"}],"curies":[{"name":"wp","href":"https:\/\/api.w.org\/{rel}","templated":true}]}}