{"id":12771,"date":"2025-06-29T14:38:36","date_gmt":"2025-06-29T12:38:36","guid":{"rendered":"https:\/\/uj.adatbank.ro\/lexikon\/termek\/koszegi-maria-manyi\/"},"modified":"2025-06-29T14:38:36","modified_gmt":"2025-06-29T12:38:36","slug":"koszegi-maria-manyi","status":"publish","type":"product","link":"https:\/\/uj.adatbank.ro\/lexikon\/termek\/koszegi-maria-manyi\/","title":{"rendered":"K\u0150SZEGI M\u00e1ria; Manyi"},"content":{"rendered":"<p>M\u00e1ramarossziget, 1911., \u2020 Mv., 1980 : sz\u00edn\u00e9szn\u0151. \u2013 Izs\u00f3 Mikl\u00f3s sz\u00edniiskol\u00e1j\u00e1ban j\u00e1rt Kv. -on. Sz\u00ednpadra l\u00e9pett Zsuska szerep\u00e9ben Leh\u00e1r Ferenc: Dr\u00f3tos t\u00f3t c. operettj\u00e9ben. (1926). J\u00e1tszott: Mv.-en h\u00e1rom hetet (1932 \u00e1pr.), Temesv\u00e1ron, Kv.-on, Buk.-ben, turn\u00e9zott Erd\u00e9lyszerte (1939\u201340); majd k\u00fclf\u00f6ldi sz\u00ednh\u00e1zakban szerepelt: Kom\u00e1rom, \u00c9rsek\u00fajv\u00e1r, Sz\u00e9kesfeh\u00e9rv\u00e1r, Esztergom, bp.-i Operettsz\u00ednh\u00e1z (1941\u201344). A h\u00e1bor\u00fa ut\u00e1n a Szatm\u00e1rn\u00e9meti sz\u00ednh\u00e1z tagja volt (1945\u201361). Operett- \u00e9s dr\u00e1mai szerepeket egyar\u00e1nt j\u00e1tszott. \u2013 <strong>F. sz.:<\/strong> Mogyor\u00f3ssy \u00f6nk\u00e9ntes (K\u00e1lm\u00e1n Imre : Tat\u00e1rj\u00e1r\u00e1s); S\u00e1ri (K\u00e1lm\u00e1n Imre : Cig\u00e1nypr\u00edm\u00e1s); G\u00e1bor di\u00e1k (Huszka : G\u00fcl Baba); Ilona (Leh\u00e1r : Cig\u00e1nyszerelem); Arz\u00e9na (J. Strauss : A cig\u00e1nyb\u00e1r\u00f3); \u00c1svayn\u00e9 (Hars\u00e1nyi Zsolt: A bolond \u00c1svayn\u00e9); Dzsombi (Kell\u00e9r-Kardos-M\u00e1rkus : Csodahaj\u00f3), Bob herceg (Huszka Jen\u0151: Bob herceg); K\u00f6r\u00f6sh\u00e1zy Ilona (Leh\u00e1r Ferenc : Cig\u00e1nyszerelem; Vasza Zseleznova (Gorkij), Zoitica (Caragiale: Az elveszett lev\u00e9l). <br \/><strong>Irod.:<\/strong> Enyedi; A H\u00e9t \u00c9vk. (1982); Katona Szab\u00f3 Istv\u00e1n: Az \u00daj \u00c9let lexikona, 94. (\u00daj \u00c9let, 10. sz. 1974.); K\u00f6t\u0151; R\u00daL<\/br><\/p>\n","protected":false},"excerpt":{"rendered":"<p>M\u00e1ramarossziget, 1911., \u2020 Mv., 1980 : sz\u00edn\u00e9szn\u0151. \u2013 Izs\u00f3 Mikl\u00f3s sz\u00edniiskol\u00e1j\u00e1ban j\u00e1rt Kv. -on. Sz\u00ednpadra l\u00e9pett Zsuska szerep\u00e9ben Leh\u00e1r Ferenc: Dr\u00f3tos t\u00f3t c. operettj\u00e9ben. (1926). J\u00e1tszott: Mv.-en h\u00e1rom hetet (1932 \u00e1pr.), Temesv\u00e1ron, Kv.-on, Buk.-ben, turn\u00e9zott Erd\u00e9lyszerte (1939\u201340); majd k\u00fclf\u00f6ldi sz\u00ednh\u00e1zakban szerepelt: Kom\u00e1rom, \u00c9rsek\u00fajv\u00e1r, Sz\u00e9kesfeh\u00e9rv\u00e1r, Esztergom, bp.-i Operettsz\u00ednh\u00e1z (1941\u201344). A h\u00e1bor\u00fa ut\u00e1n a Szatm\u00e1rn\u00e9meti sz\u00ednh\u00e1z tagja [&hellip;]<\/p>\n","protected":false},"featured_media":0,"comment_status":"open","ping_status":"closed","template":"","meta":[],"product_brand":[],"product_cat":[137],"product_tag":[],"class_list":{"0":"post-12771","1":"product","2":"type-product","3":"status-publish","5":"product_cat-maros-megyei-eletrajzi-lexikon","7":"first","8":"instock","9":"shipping-taxable","10":"product-type-simple"},"_links":{"self":[{"href":"https:\/\/uj.adatbank.ro\/lexikon\/wp-json\/wp\/v2\/product\/12771","targetHints":{"allow":["GET"]}}],"collection":[{"href":"https:\/\/uj.adatbank.ro\/lexikon\/wp-json\/wp\/v2\/product"}],"about":[{"href":"https:\/\/uj.adatbank.ro\/lexikon\/wp-json\/wp\/v2\/types\/product"}],"replies":[{"embeddable":true,"href":"https:\/\/uj.adatbank.ro\/lexikon\/wp-json\/wp\/v2\/comments?post=12771"}],"wp:attachment":[{"href":"https:\/\/uj.adatbank.ro\/lexikon\/wp-json\/wp\/v2\/media?parent=12771"}],"wp:term":[{"taxonomy":"product_brand","embeddable":true,"href":"https:\/\/uj.adatbank.ro\/lexikon\/wp-json\/wp\/v2\/product_brand?post=12771"},{"taxonomy":"product_cat","embeddable":true,"href":"https:\/\/uj.adatbank.ro\/lexikon\/wp-json\/wp\/v2\/product_cat?post=12771"},{"taxonomy":"product_tag","embeddable":true,"href":"https:\/\/uj.adatbank.ro\/lexikon\/wp-json\/wp\/v2\/product_tag?post=12771"}],"curies":[{"name":"wp","href":"https:\/\/api.w.org\/{rel}","templated":true}]}}