{"id":12773,"date":"2025-06-29T14:38:40","date_gmt":"2025-06-29T12:38:40","guid":{"rendered":"https:\/\/uj.adatbank.ro\/lexikon\/termek\/koszta-istvan-belenyesi\/"},"modified":"2025-06-29T14:38:40","modified_gmt":"2025-06-29T12:38:40","slug":"koszta-istvan-belenyesi","status":"publish","type":"product","link":"https:\/\/uj.adatbank.ro\/lexikon\/termek\/koszta-istvan-belenyesi\/","title":{"rendered":"KOSZTA Istv\u00e1n, bel\u00e9nyesi"},"content":{"rendered":"<p>1748.? \u2020 Mv., 1817. m\u00e1j. 11.? : gubernalis consili\u00e1rius. \u2013 Feles\u00e9ge: kishalm\u00e1gyi Hollaki Ros\u00e1lia (1752.?- Mv., 1813. szept. 11. a Minorit\u00e1k kript\u00e1j\u00e1ba temett\u00e9k). \u2013 A Leopold Cs\u00e1sz\u00e1ri jeles Rend Keresztes Vit\u00e9ze, az Erd\u00e9lyi Nagy Fejedelems\u00e9g Kir. F\u0151 Korm\u00e1ny v. b. t. t., a tartom\u00e1nyi Kancell\u00e1ria munkat\u00e1rsa 50 \u00e9vig. <br \/><strong>Irod.:<\/strong> Lev\u00e9lt\u00e1ri gy\u00e1szj.<\/br><\/p>\n","protected":false},"excerpt":{"rendered":"<p>1748.? \u2020 Mv., 1817. m\u00e1j. 11.? : gubernalis consili\u00e1rius. \u2013 Feles\u00e9ge: kishalm\u00e1gyi Hollaki Ros\u00e1lia (1752.?- Mv., 1813. szept. 11. a Minorit\u00e1k kript\u00e1j\u00e1ba temett\u00e9k). \u2013 A Leopold Cs\u00e1sz\u00e1ri jeles Rend Keresztes Vit\u00e9ze, az Erd\u00e9lyi Nagy Fejedelems\u00e9g Kir. F\u0151 Korm\u00e1ny v. b. t. t., a tartom\u00e1nyi Kancell\u00e1ria munkat\u00e1rsa 50 \u00e9vig. Irod.: Lev\u00e9lt\u00e1ri gy\u00e1szj.<\/p>\n","protected":false},"featured_media":0,"comment_status":"open","ping_status":"closed","template":"","meta":[],"product_brand":[],"product_cat":[137],"product_tag":[],"class_list":{"0":"post-12773","1":"product","2":"type-product","3":"status-publish","5":"product_cat-maros-megyei-eletrajzi-lexikon","7":"first","8":"instock","9":"shipping-taxable","10":"product-type-simple"},"_links":{"self":[{"href":"https:\/\/uj.adatbank.ro\/lexikon\/wp-json\/wp\/v2\/product\/12773","targetHints":{"allow":["GET"]}}],"collection":[{"href":"https:\/\/uj.adatbank.ro\/lexikon\/wp-json\/wp\/v2\/product"}],"about":[{"href":"https:\/\/uj.adatbank.ro\/lexikon\/wp-json\/wp\/v2\/types\/product"}],"replies":[{"embeddable":true,"href":"https:\/\/uj.adatbank.ro\/lexikon\/wp-json\/wp\/v2\/comments?post=12773"}],"wp:attachment":[{"href":"https:\/\/uj.adatbank.ro\/lexikon\/wp-json\/wp\/v2\/media?parent=12773"}],"wp:term":[{"taxonomy":"product_brand","embeddable":true,"href":"https:\/\/uj.adatbank.ro\/lexikon\/wp-json\/wp\/v2\/product_brand?post=12773"},{"taxonomy":"product_cat","embeddable":true,"href":"https:\/\/uj.adatbank.ro\/lexikon\/wp-json\/wp\/v2\/product_cat?post=12773"},{"taxonomy":"product_tag","embeddable":true,"href":"https:\/\/uj.adatbank.ro\/lexikon\/wp-json\/wp\/v2\/product_tag?post=12773"}],"curies":[{"name":"wp","href":"https:\/\/api.w.org\/{rel}","templated":true}]}}