{"id":12774,"date":"2025-06-29T14:38:44","date_gmt":"2025-06-29T12:38:44","guid":{"rendered":"https:\/\/uj.adatbank.ro\/lexikon\/termek\/koszta-istvan-belenyesi-2\/"},"modified":"2025-06-29T14:38:44","modified_gmt":"2025-06-29T12:38:44","slug":"koszta-istvan-belenyesi-2","status":"publish","type":"product","link":"https:\/\/uj.adatbank.ro\/lexikon\/termek\/koszta-istvan-belenyesi-2\/","title":{"rendered":"KOSZTA Istv\u00e1n, bel\u00e9nyesi"},"content":{"rendered":"<p>? \u2020 ?: ref. lelk\u00e9sz. \u2013 Bel\u00e9nyesi K. J\u00e1nos, a kir. t\u00e1bla \u00fcln\u00f6ke \u00e9s Nagy Julianna (1792 \u2013 Mv., 1860. m\u00e1rc. 12. Kebel\u00e9n temett\u00e9k) fia. \u2013 A magyarr\u00e9geni egyh\u00e1zk\u00f6zs\u00e9g lelk\u00e9sze, jav\u00edt\u00e1sokat v\u00e9geztetett a ref. templomon (1939) \u00e9s megtal\u00e1lt\u00e1k az \u0151si templom falait. \u2013 <strong>F. m.:<\/strong> Magyarr\u00e9gen eredete \u00e9s a magyarr\u00e9geni reform\u00e1tus egyh\u00e1zk\u00f6zs\u00e9g \u00e1ttekint\u0151 t\u00f6rt\u00e9nete (Mv., 1941). <br \/><strong>Irod.:<\/strong> B\u00edr\u00f3 D\u00f3n\u00e1t; B\u00f6jthe Andor: A G\u00f6rg\u00e9nyi ev. ref. egyh\u00e1zmegye t\u00f6rt\u00e9nete [k\u00e9zirat]; F\u00fcl\u00f6p\u2013Ferencz; Gy\u00e1szjelent\u0151<\/br><\/p>\n","protected":false},"excerpt":{"rendered":"<p>? \u2020 ?: ref. lelk\u00e9sz. \u2013 Bel\u00e9nyesi K. J\u00e1nos, a kir. t\u00e1bla \u00fcln\u00f6ke \u00e9s Nagy Julianna (1792 \u2013 Mv., 1860. m\u00e1rc. 12. Kebel\u00e9n temett\u00e9k) fia. \u2013 A magyarr\u00e9geni egyh\u00e1zk\u00f6zs\u00e9g lelk\u00e9sze, jav\u00edt\u00e1sokat v\u00e9geztetett a ref. templomon (1939) \u00e9s megtal\u00e1lt\u00e1k az \u0151si templom falait. \u2013 F. m.: Magyarr\u00e9gen eredete \u00e9s a magyarr\u00e9geni reform\u00e1tus egyh\u00e1zk\u00f6zs\u00e9g \u00e1ttekint\u0151 t\u00f6rt\u00e9nete (Mv., [&hellip;]<\/p>\n","protected":false},"featured_media":0,"comment_status":"open","ping_status":"closed","template":"","meta":[],"product_brand":[],"product_cat":[137],"product_tag":[],"class_list":{"0":"post-12774","1":"product","2":"type-product","3":"status-publish","5":"product_cat-maros-megyei-eletrajzi-lexikon","7":"first","8":"instock","9":"shipping-taxable","10":"product-type-simple"},"_links":{"self":[{"href":"https:\/\/uj.adatbank.ro\/lexikon\/wp-json\/wp\/v2\/product\/12774","targetHints":{"allow":["GET"]}}],"collection":[{"href":"https:\/\/uj.adatbank.ro\/lexikon\/wp-json\/wp\/v2\/product"}],"about":[{"href":"https:\/\/uj.adatbank.ro\/lexikon\/wp-json\/wp\/v2\/types\/product"}],"replies":[{"embeddable":true,"href":"https:\/\/uj.adatbank.ro\/lexikon\/wp-json\/wp\/v2\/comments?post=12774"}],"wp:attachment":[{"href":"https:\/\/uj.adatbank.ro\/lexikon\/wp-json\/wp\/v2\/media?parent=12774"}],"wp:term":[{"taxonomy":"product_brand","embeddable":true,"href":"https:\/\/uj.adatbank.ro\/lexikon\/wp-json\/wp\/v2\/product_brand?post=12774"},{"taxonomy":"product_cat","embeddable":true,"href":"https:\/\/uj.adatbank.ro\/lexikon\/wp-json\/wp\/v2\/product_cat?post=12774"},{"taxonomy":"product_tag","embeddable":true,"href":"https:\/\/uj.adatbank.ro\/lexikon\/wp-json\/wp\/v2\/product_tag?post=12774"}],"curies":[{"name":"wp","href":"https:\/\/api.w.org\/{rel}","templated":true}]}}