{"id":12776,"date":"2025-06-29T14:38:47","date_gmt":"2025-06-29T12:38:47","guid":{"rendered":"https:\/\/uj.adatbank.ro\/lexikon\/termek\/koszta-jozsef\/"},"modified":"2025-06-29T14:38:47","modified_gmt":"2025-06-29T12:38:47","slug":"koszta-jozsef","status":"publish","type":"product","link":"https:\/\/uj.adatbank.ro\/lexikon\/termek\/koszta-jozsef\/","title":{"rendered":"KOSZTA J\u00f3zsef"},"content":{"rendered":"<p>? \u2020 Halm\u00e1gy, 1879 : ref. lelk\u00e9sz. \u2013 Jogot tanult Mv.-en (1842\u201343); El\u0151bb Brass\u00f3ban volt pap; majd Halm\u00e1gyra ment. \u2013 <strong>F. m.:<\/strong> A kereszt\u00e9ny vall\u00e1studom\u00e1ny katechizmusa. A b\u00e1deni f\u0151hercegs\u00e9g evang. Egyh\u00e1z kerszt\u00e9nytudom\u00e1nyi katechizmusa nyom\u00e1n. Luther kis Katechizmus\u00e1val egy\u00fctt az evang. magyar oskol\u00e1k \u00e9s csal\u00e1dok sz\u00e1m\u00e1ra (Brass\u00f3, 1846, 1848). <br \/><strong>Irod.:<\/strong> Szinnyei<\/br><\/p>\n","protected":false},"excerpt":{"rendered":"<p>? \u2020 Halm\u00e1gy, 1879 : ref. lelk\u00e9sz. \u2013 Jogot tanult Mv.-en (1842\u201343); El\u0151bb Brass\u00f3ban volt pap; majd Halm\u00e1gyra ment. \u2013 F. m.: A kereszt\u00e9ny vall\u00e1studom\u00e1ny katechizmusa. A b\u00e1deni f\u0151hercegs\u00e9g evang. Egyh\u00e1z kerszt\u00e9nytudom\u00e1nyi katechizmusa nyom\u00e1n. Luther kis Katechizmus\u00e1val egy\u00fctt az evang. magyar oskol\u00e1k \u00e9s csal\u00e1dok sz\u00e1m\u00e1ra (Brass\u00f3, 1846, 1848). Irod.: Szinnyei<\/p>\n","protected":false},"featured_media":0,"comment_status":"open","ping_status":"closed","template":"","meta":[],"product_brand":[],"product_cat":[137],"product_tag":[],"class_list":{"0":"post-12776","1":"product","2":"type-product","3":"status-publish","5":"product_cat-maros-megyei-eletrajzi-lexikon","7":"first","8":"instock","9":"shipping-taxable","10":"product-type-simple"},"_links":{"self":[{"href":"https:\/\/uj.adatbank.ro\/lexikon\/wp-json\/wp\/v2\/product\/12776","targetHints":{"allow":["GET"]}}],"collection":[{"href":"https:\/\/uj.adatbank.ro\/lexikon\/wp-json\/wp\/v2\/product"}],"about":[{"href":"https:\/\/uj.adatbank.ro\/lexikon\/wp-json\/wp\/v2\/types\/product"}],"replies":[{"embeddable":true,"href":"https:\/\/uj.adatbank.ro\/lexikon\/wp-json\/wp\/v2\/comments?post=12776"}],"wp:attachment":[{"href":"https:\/\/uj.adatbank.ro\/lexikon\/wp-json\/wp\/v2\/media?parent=12776"}],"wp:term":[{"taxonomy":"product_brand","embeddable":true,"href":"https:\/\/uj.adatbank.ro\/lexikon\/wp-json\/wp\/v2\/product_brand?post=12776"},{"taxonomy":"product_cat","embeddable":true,"href":"https:\/\/uj.adatbank.ro\/lexikon\/wp-json\/wp\/v2\/product_cat?post=12776"},{"taxonomy":"product_tag","embeddable":true,"href":"https:\/\/uj.adatbank.ro\/lexikon\/wp-json\/wp\/v2\/product_tag?post=12776"}],"curies":[{"name":"wp","href":"https:\/\/api.w.org\/{rel}","templated":true}]}}