{"id":12780,"date":"2025-06-29T14:38:55","date_gmt":"2025-06-29T12:38:55","guid":{"rendered":"https:\/\/uj.adatbank.ro\/lexikon\/termek\/koszti-istvan-miklos\/"},"modified":"2025-06-29T14:38:55","modified_gmt":"2025-06-29T12:38:55","slug":"koszti-istvan-miklos","status":"publish","type":"product","link":"https:\/\/uj.adatbank.ro\/lexikon\/termek\/koszti-istvan-miklos\/","title":{"rendered":"KOSZTI Istv\u00e1n Mikl\u00f3s"},"content":{"rendered":"<p>Mv., 1961 \u2020 ?: grafikus. \u2013 A kv.-i K\u00e9pz\u0151m\u0171v\u00e9szeti F\u0151iskol\u00e1n v\u00e9gzett. M\u00e9g di\u00e1kk\u00e9nt arany\u00e9rmet nyert az olaszorsz\u00e1gi Barmiolban rendezett ex libris-p\u00e1ly\u00e1zaton. A cs\u00edkszeredai Zene- \u00e9s K\u00e9pz\u0151m\u0171v\u00e9szeti L\u00edc. tan\u00e1ra. K\u00fclf\u00f6ld\u00f6n ki\u00e1ll\u00edtott: Franciao., Belgium, Olaszo., Lengyelorsz\u00e1g, Budapest, Oroszorsz\u00e1g, Mak\u00f3, Sz\u00e9kes-feh\u00e9rv\u00e1r. D\u00edjak: Moszkva II. rekl\u00e1mgrafikai d\u00edj\u20131984. \u2014Irod.: Szab\u00f3\u2013K\u00e1llai.<\/br><\/p>\n","protected":false},"excerpt":{"rendered":"<p>Mv., 1961 \u2020 ?: grafikus. \u2013 A kv.-i K\u00e9pz\u0151m\u0171v\u00e9szeti F\u0151iskol\u00e1n v\u00e9gzett. M\u00e9g di\u00e1kk\u00e9nt arany\u00e9rmet nyert az olaszorsz\u00e1gi Barmiolban rendezett ex libris-p\u00e1ly\u00e1zaton. A cs\u00edkszeredai Zene- \u00e9s K\u00e9pz\u0151m\u0171v\u00e9szeti L\u00edc. tan\u00e1ra. K\u00fclf\u00f6ld\u00f6n ki\u00e1ll\u00edtott: Franciao., Belgium, Olaszo., Lengyelorsz\u00e1g, Budapest, Oroszorsz\u00e1g, Mak\u00f3, Sz\u00e9kes-feh\u00e9rv\u00e1r. D\u00edjak: Moszkva II. rekl\u00e1mgrafikai d\u00edj\u20131984. \u2014Irod.: Szab\u00f3\u2013K\u00e1llai.<\/p>\n","protected":false},"featured_media":0,"comment_status":"open","ping_status":"closed","template":"","meta":[],"product_brand":[],"product_cat":[137],"product_tag":[],"class_list":{"0":"post-12780","1":"product","2":"type-product","3":"status-publish","5":"product_cat-maros-megyei-eletrajzi-lexikon","7":"first","8":"instock","9":"shipping-taxable","10":"product-type-simple"},"_links":{"self":[{"href":"https:\/\/uj.adatbank.ro\/lexikon\/wp-json\/wp\/v2\/product\/12780","targetHints":{"allow":["GET"]}}],"collection":[{"href":"https:\/\/uj.adatbank.ro\/lexikon\/wp-json\/wp\/v2\/product"}],"about":[{"href":"https:\/\/uj.adatbank.ro\/lexikon\/wp-json\/wp\/v2\/types\/product"}],"replies":[{"embeddable":true,"href":"https:\/\/uj.adatbank.ro\/lexikon\/wp-json\/wp\/v2\/comments?post=12780"}],"wp:attachment":[{"href":"https:\/\/uj.adatbank.ro\/lexikon\/wp-json\/wp\/v2\/media?parent=12780"}],"wp:term":[{"taxonomy":"product_brand","embeddable":true,"href":"https:\/\/uj.adatbank.ro\/lexikon\/wp-json\/wp\/v2\/product_brand?post=12780"},{"taxonomy":"product_cat","embeddable":true,"href":"https:\/\/uj.adatbank.ro\/lexikon\/wp-json\/wp\/v2\/product_cat?post=12780"},{"taxonomy":"product_tag","embeddable":true,"href":"https:\/\/uj.adatbank.ro\/lexikon\/wp-json\/wp\/v2\/product_tag?post=12780"}],"curies":[{"name":"wp","href":"https:\/\/api.w.org\/{rel}","templated":true}]}}