{"id":12781,"date":"2025-06-29T14:38:57","date_gmt":"2025-06-29T12:38:57","guid":{"rendered":"https:\/\/uj.adatbank.ro\/lexikon\/termek\/kosztolanyi-dezso\/"},"modified":"2025-06-29T14:38:57","modified_gmt":"2025-06-29T12:38:57","slug":"kosztolanyi-dezso","status":"publish","type":"product","link":"https:\/\/uj.adatbank.ro\/lexikon\/termek\/kosztolanyi-dezso\/","title":{"rendered":"KOSZTOL\u00c1NYI Dezs\u0151"},"content":{"rendered":"<p>Szabadka, 1885. m\u00e1rc. 29., \u2020 Bp., 1936. nov. 3.: \u00edr\u00f3, k\u00f6lt\u0151, m\u0171ford\u00edt\u00f3, kritikus. \u2013 \u00c9let\u00e9ben el\u0151sz\u00f6r, a KZST megh\u00edvottjak\u00e9nt l\u00e1togatott Erd\u00e9lybe, ill. Mv. -re (1934. \u00e1pr. 8- 9), Molter K\u00e1roly v\u00e1rta, S\u00e9nyi L\u00e1szl\u00f3 a KZST f\u0151titk\u00e1ra \u00fcdv\u00f6z\u00f6lte, dr. Czak\u00f3 J\u00f3zsef igazgat\u00f3-f\u0151orvos vend\u00e9ge volt a szanat\u00f3rium\u00e1ban. A k\u00f6z\u00f6ns\u00e9ggel a Ref. Koll. d\u00edszerm\u00e9ben tal\u00e1lkozott, ahol Erkel Sarolta \u00e9s Kozma G\u00e9za zongor\u00e1zott, Kosztol\u00e1nyi, mint l\u00edrikus \u00e9s mint pr\u00f3za\u00edr\u00f3 szerepelt, n\u00e9gy vers\u00e9t mondta el: Eur\u00f3pa, Ilona, Halotti besz\u00e9d, Utols\u00f3 szavak c. -eket. A verseit Z. Szentgy\u00f6rgyi M\u00e1ria szavalta. Megl\u00e1togatta a Kult\u00farpalot\u00e1t, itt tisztelet\u00e9re Chov\u00e1nn\u00e9 Metz Piroska j\u00e1tszott r\u00f6gt\u00f6nz\u00f6tt hangversenyen az orgon\u00e1n, a t\u00fck\u00f6rtermet \u00e9s a Teleki T\u00e9k\u00e1t, ahol Guly\u00e1s K\u00e1roly mutatta be a k\u00f6nyvt\u00e1r leg\u00e9rt\u00e9kesebb darabjait. S\u00e1romberk\u00e9n gr. Teleki K\u00e1roly vend\u00e9ge volt. Czak\u00f3 J\u00f3zsef dr. szanat\u00f3ium\u00e1ban megvizsg\u00e1lta \u00e9s meg\u00e1llap\u00edtotta s\u00falyos betegs\u00e9g\u00e9t, a szark\u00f3m\u00e1t, \u00e9s Kv.-on Kolesz\u00e1r dr. meg is m\u0171t\u00f6tte. Mv.-en utca viselte a nev\u00e9t (1946\u20131965), ma Beszterce u. <br \/><strong>Irod.:<\/strong> Bustya Endre: Adatok Kosztol\u00e1nyi mv.-i el\u0151ad\u00f3\u00fatj\u00e1hoz (ItK, 1967, 4. sz.); = Marosi-KZST; Marosvid\u00e9k (1934. \u00e1pr. 11); Adamovits S\u00e1ndor: Kosztol\u00e1nyi V\u00e1s\u00e1rhelyen (N\u00fa., M\u00fazsa, 329. sz., 1998. jan. 30.); Molter 3.; Orb\u00e1n-Oniga; Szeml\u00e9r Ferenc: Kosztol\u00e1nyi V\u00e1s\u00e1rhelyen (N\u00fa., M\u00fazsa, 348. sz., 1998. j\u00fan. 13.)<\/br><\/p>\n","protected":false},"excerpt":{"rendered":"<p>Szabadka, 1885. m\u00e1rc. 29., \u2020 Bp., 1936. nov. 3.: \u00edr\u00f3, k\u00f6lt\u0151, m\u0171ford\u00edt\u00f3, kritikus. \u2013 \u00c9let\u00e9ben el\u0151sz\u00f6r, a KZST megh\u00edvottjak\u00e9nt l\u00e1togatott Erd\u00e9lybe, ill. Mv. -re (1934. \u00e1pr. 8- 9), Molter K\u00e1roly v\u00e1rta, S\u00e9nyi L\u00e1szl\u00f3 a KZST f\u0151titk\u00e1ra \u00fcdv\u00f6z\u00f6lte, dr. Czak\u00f3 J\u00f3zsef igazgat\u00f3-f\u0151orvos vend\u00e9ge volt a szanat\u00f3rium\u00e1ban. A k\u00f6z\u00f6ns\u00e9ggel a Ref. Koll. d\u00edszerm\u00e9ben tal\u00e1lkozott, ahol Erkel Sarolta [&hellip;]<\/p>\n","protected":false},"featured_media":0,"comment_status":"open","ping_status":"closed","template":"","meta":[],"product_brand":[],"product_cat":[137],"product_tag":[],"class_list":{"0":"post-12781","1":"product","2":"type-product","3":"status-publish","5":"product_cat-maros-megyei-eletrajzi-lexikon","7":"first","8":"instock","9":"shipping-taxable","10":"product-type-simple"},"_links":{"self":[{"href":"https:\/\/uj.adatbank.ro\/lexikon\/wp-json\/wp\/v2\/product\/12781","targetHints":{"allow":["GET"]}}],"collection":[{"href":"https:\/\/uj.adatbank.ro\/lexikon\/wp-json\/wp\/v2\/product"}],"about":[{"href":"https:\/\/uj.adatbank.ro\/lexikon\/wp-json\/wp\/v2\/types\/product"}],"replies":[{"embeddable":true,"href":"https:\/\/uj.adatbank.ro\/lexikon\/wp-json\/wp\/v2\/comments?post=12781"}],"wp:attachment":[{"href":"https:\/\/uj.adatbank.ro\/lexikon\/wp-json\/wp\/v2\/media?parent=12781"}],"wp:term":[{"taxonomy":"product_brand","embeddable":true,"href":"https:\/\/uj.adatbank.ro\/lexikon\/wp-json\/wp\/v2\/product_brand?post=12781"},{"taxonomy":"product_cat","embeddable":true,"href":"https:\/\/uj.adatbank.ro\/lexikon\/wp-json\/wp\/v2\/product_cat?post=12781"},{"taxonomy":"product_tag","embeddable":true,"href":"https:\/\/uj.adatbank.ro\/lexikon\/wp-json\/wp\/v2\/product_tag?post=12781"}],"curies":[{"name":"wp","href":"https:\/\/api.w.org\/{rel}","templated":true}]}}