{"id":12782,"date":"2025-06-29T14:38:58","date_gmt":"2025-06-29T12:38:58","guid":{"rendered":"https:\/\/uj.adatbank.ro\/lexikon\/termek\/kotay-lakatos-eva-polixenia-kotay-palne\/"},"modified":"2025-06-29T14:38:58","modified_gmt":"2025-06-29T12:38:58","slug":"kotay-lakatos-eva-polixenia-kotay-palne","status":"publish","type":"product","link":"https:\/\/uj.adatbank.ro\/lexikon\/termek\/kotay-lakatos-eva-polixenia-kotay-palne\/","title":{"rendered":"K\u00d3TAY LAKATOS \u00c9va Polix\u00e9nia; K\u00f3tay P\u00e1ln\u00e9"},"content":{"rendered":"<p>1923 ? \u2020 V\u00e1c, 2007. dec. 20 : biok\u00e9mikus. <br \/><strong>Irod.:<\/strong> Genersich<\/br><\/p>\n","protected":false},"excerpt":{"rendered":"<p>1923 ? \u2020 V\u00e1c, 2007. dec. 20 : biok\u00e9mikus. Irod.: Genersich<\/p>\n","protected":false},"featured_media":0,"comment_status":"open","ping_status":"closed","template":"","meta":[],"product_brand":[],"product_cat":[137],"product_tag":[],"class_list":{"0":"post-12782","1":"product","2":"type-product","3":"status-publish","5":"product_cat-maros-megyei-eletrajzi-lexikon","7":"first","8":"instock","9":"shipping-taxable","10":"product-type-simple"},"_links":{"self":[{"href":"https:\/\/uj.adatbank.ro\/lexikon\/wp-json\/wp\/v2\/product\/12782","targetHints":{"allow":["GET"]}}],"collection":[{"href":"https:\/\/uj.adatbank.ro\/lexikon\/wp-json\/wp\/v2\/product"}],"about":[{"href":"https:\/\/uj.adatbank.ro\/lexikon\/wp-json\/wp\/v2\/types\/product"}],"replies":[{"embeddable":true,"href":"https:\/\/uj.adatbank.ro\/lexikon\/wp-json\/wp\/v2\/comments?post=12782"}],"wp:attachment":[{"href":"https:\/\/uj.adatbank.ro\/lexikon\/wp-json\/wp\/v2\/media?parent=12782"}],"wp:term":[{"taxonomy":"product_brand","embeddable":true,"href":"https:\/\/uj.adatbank.ro\/lexikon\/wp-json\/wp\/v2\/product_brand?post=12782"},{"taxonomy":"product_cat","embeddable":true,"href":"https:\/\/uj.adatbank.ro\/lexikon\/wp-json\/wp\/v2\/product_cat?post=12782"},{"taxonomy":"product_tag","embeddable":true,"href":"https:\/\/uj.adatbank.ro\/lexikon\/wp-json\/wp\/v2\/product_tag?post=12782"}],"curies":[{"name":"wp","href":"https:\/\/api.w.org\/{rel}","templated":true}]}}