{"id":12783,"date":"2025-06-29T14:39:01","date_gmt":"2025-06-29T12:39:01","guid":{"rendered":"https:\/\/uj.adatbank.ro\/lexikon\/termek\/kotay-pal\/"},"modified":"2025-06-29T14:39:01","modified_gmt":"2025-06-29T12:39:01","slug":"kotay-pal","status":"publish","type":"product","link":"https:\/\/uj.adatbank.ro\/lexikon\/termek\/kotay-pal\/","title":{"rendered":"K\u00d3TAY P\u00e1l"},"content":{"rendered":"<p>Halmi, 1910. szept. 21., \u2020 Mv., 1986. dec. 25.: orvos, egyetemi tan\u00e1r, az urol\u00f3gia prof.; orvost\u00f6rt\u00e9n\u00e9sz, \u00edr\u00f3. \u2013 Feles\u00e9ge hamvait Mv.-en temett\u00e9k (2008. m\u00e1j. 16.). \u2013 A szatm\u00e1ri Ref. F\u0151gimn. elv\u00e9gz\u00e9se ut\u00e1n (1928) a bp.-i P\u00e1zm\u00e1ny P\u00e9ter TE-en szerzett orvosi diplom\u00e1t (1934. nov. 8.). P\u00e1ly\u00e1j\u00e1t a bp.-i Szent J\u00e1nos K\u00f3rh\u00e1z seb\u00e9szeti, k\u00e9s\u0151bb urol\u00f3giai oszt\u00e1ly\u00e1n beosztott orvosk\u00e9nt kezdte (1934\u201338), f\u00e9l\u00e9ves \u00f6szt\u00f6nd\u00edjjal Helsinkiben (1938), Rostockban kieg\u00e9sz\u00edt\u0151 tanulm\u00e1nyo\u00adkat folytatott (1939). Seb\u00e9sz-urol\u00f3gus szakvizsg\u00e1t tett Illy\u00e9s G\u00e9za prof. -n\u00e1l (1940). Seb\u00e9sz-tan\u00e1rseg\u00e9d lett a kv.-i egyetem 1. sz. Seb\u00e9szeti Klinik\u00e1j\u00e1n, Klimk\u00f3 Dezs\u0151 prof. igazgat\u00e1sa alatt (1940\u201345). Az egy. Mv.-en l\u00e9tes\u00edtett seb\u00e9szeti klinik\u00e1j\u00e1n az urol\u00f3giai oszt\u00e1ly vezet\u0151je, az urol\u00f3giai klinika igazgat\u00f3ja (1946\u201376), az egy.-en az urol\u00f3gia el\u0151ad\u00f3ja (1946\u201348); a mv.-i OGYI el\u0151ad\u00f3tan\u00e1ra (1948\u201371), majd a Seb\u00e9szet-Urol\u00f3gia Tansz\u00e9k professzora nyugalomba vonul\u00e1s\u00e1ig (1971\u201377). Szakter\u00fclete: az urol\u00f3giai seb\u00e9szet. R\u00e9szt vett a bp.-i (1962), amsterdami (1973) Nemzetk\u00f6zi Urol\u00f3giai Kongrtesszuson. T\u00f6bb mint 100 szaktudom\u00e1nyi dolgozata jelent meg m., rom\u00e1n, n\u00e9met, francia \u00e9s angol nyelveken a : M. Urol\u00f3gia, Acta Urologica, Urologia Internationalis, Chirurgia, Revista Med. &#8211; Orvosi Szemle \u00e9s m\u00e1s foly\u00f3iratokban. R\u00e9szt vett az egys\u00e9ges rom\u00e1n nyelv\u0171 urol\u00f3giai tank\u00f6nyv szerkeszt\u00e9s\u00e9ben s a rom\u00e1n egyetemi jegyzetek m. nyelvre ford\u00edt\u00e1s\u00e1ban; novell\u00e1kkal, essz\u00e9kkel, kritik\u00e1kkal az irodalmi \u00e9letben is jelen volt az Erd\u00e9lyi Helikon, Igaz Sz\u00f3, \u00daj \u00c9let, El\u0151re, Korunk, Communicationes ex Bibliotheca Historiae Hungarica has\u00e1bjain. Orvost\u00f6rt\u00e9neti kutat\u00e1sai kiterjedtek P\u00e1pai P\u00e1riz Ferenc, R\u00e1cz S\u00e1muel, Weszpr\u00e9mi Istv\u00e1n tev\u00e9kenys\u00e9g\u00e9nek tanulm\u00e1nyoz\u00e1s\u00e1ra. A M. Orvost\u00f6rt\u00e9neti T\u00e1rsas\u00e1g, a Rom\u00e1n Urol\u00f3giai T\u00e1rsas\u00e1g, a Nemzetk\u00f6zi Urol\u00f3giai T\u00e1rsas\u00e1g, a KZST (1946\u2013) tagja. A Weszpr\u00e9mi Ist\u00adv\u00e1n-eml\u00e9k\u00e9rem (1978) birtokosa. \u2013 <strong>F. m.:<\/strong> R\u00e1cz S\u00e1muel (A magyar orvosi oktat\u00e1s hajnal\u00e1n), portr\u00e9, = Erd\u00e9lyi csillagok 1942; Az urol\u00f3giai seb\u00e9szet alapvonalai (Mv., 1951); <strong>t\u00e1rssz.:<\/strong> Seb\u00e9szeti jegyzet (Mv., 1953); Nicolaescu Done \u2013 R\u00e1kos J\u00e1nos Urol\u00f3giai jegyzet (ford. Bakos J\u00e1nos \u00e9s M\u00e1rtha Ivorral, Mv., 1981); <strong>antol\u00f3g.:<\/strong> Erd\u00e9lyi csillagok (Kv., 1942); Erd\u00e9lyi elbesz\u00e9l\u0151k v\u00e1logatott munk\u00e1i (Bp., s. a.); <strong>szerk.:<\/strong> Weszpr\u00e9mi Ist\u00adv\u00e1n: Magyaro. \u00e9s Erd\u00e9ly orvosainak r\u00f6vid \u00e9letrajza (bevezet\u0151 n\u00e9v n\u00e9lk\u00fcl K. P.; Bp., Medicina, 1960). <br \/><strong>Irod.:<\/strong> Csekme; Dezs\u0151 Istv\u00e1n; Genersich; M\u00c9L; Dr. K. P. [Nekrol\u00f3g] (V. Z., 1986. dec. 26.); Kiss\u2013P\u00e9terffy\u2013P\u00e9terffy; Marosi-Helikon; Marosi-KZST; M\u00e1rtha Ivor, Bakos J\u00e1nos: K. P. (1910\u20131986) (N\u00fa., 1996. dec. 20.); N\u00fa (1998. j\u00fan. 12.); Barab\u00e1s-P\u00e9ter M.\u2013P\u00e9ter H. M.; P\u00e9terffy \u00c1. &#8211; P. P.; RMIL; \u00daM\u00c9L; Viharban<\/br><\/p>\n","protected":false},"excerpt":{"rendered":"<p>Halmi, 1910. szept. 21., \u2020 Mv., 1986. dec. 25.: orvos, egyetemi tan\u00e1r, az urol\u00f3gia prof.; orvost\u00f6rt\u00e9n\u00e9sz, \u00edr\u00f3. \u2013 Feles\u00e9ge hamvait Mv.-en temett\u00e9k (2008. m\u00e1j. 16.). \u2013 A szatm\u00e1ri Ref. F\u0151gimn. elv\u00e9gz\u00e9se ut\u00e1n (1928) a bp.-i P\u00e1zm\u00e1ny P\u00e9ter TE-en szerzett orvosi diplom\u00e1t (1934. nov. 8.). P\u00e1ly\u00e1j\u00e1t a bp.-i Szent J\u00e1nos K\u00f3rh\u00e1z seb\u00e9szeti, k\u00e9s\u0151bb urol\u00f3giai oszt\u00e1ly\u00e1n beosztott [&hellip;]<\/p>\n","protected":false},"featured_media":0,"comment_status":"open","ping_status":"closed","template":"","meta":[],"product_brand":[],"product_cat":[137],"product_tag":[],"class_list":{"0":"post-12783","1":"product","2":"type-product","3":"status-publish","5":"product_cat-maros-megyei-eletrajzi-lexikon","7":"first","8":"instock","9":"shipping-taxable","10":"product-type-simple"},"_links":{"self":[{"href":"https:\/\/uj.adatbank.ro\/lexikon\/wp-json\/wp\/v2\/product\/12783","targetHints":{"allow":["GET"]}}],"collection":[{"href":"https:\/\/uj.adatbank.ro\/lexikon\/wp-json\/wp\/v2\/product"}],"about":[{"href":"https:\/\/uj.adatbank.ro\/lexikon\/wp-json\/wp\/v2\/types\/product"}],"replies":[{"embeddable":true,"href":"https:\/\/uj.adatbank.ro\/lexikon\/wp-json\/wp\/v2\/comments?post=12783"}],"wp:attachment":[{"href":"https:\/\/uj.adatbank.ro\/lexikon\/wp-json\/wp\/v2\/media?parent=12783"}],"wp:term":[{"taxonomy":"product_brand","embeddable":true,"href":"https:\/\/uj.adatbank.ro\/lexikon\/wp-json\/wp\/v2\/product_brand?post=12783"},{"taxonomy":"product_cat","embeddable":true,"href":"https:\/\/uj.adatbank.ro\/lexikon\/wp-json\/wp\/v2\/product_cat?post=12783"},{"taxonomy":"product_tag","embeddable":true,"href":"https:\/\/uj.adatbank.ro\/lexikon\/wp-json\/wp\/v2\/product_tag?post=12783"}],"curies":[{"name":"wp","href":"https:\/\/api.w.org\/{rel}","templated":true}]}}