{"id":12788,"date":"2025-06-29T14:39:12","date_gmt":"2025-06-29T12:39:12","guid":{"rendered":"https:\/\/uj.adatbank.ro\/lexikon\/termek\/koteles-gyorgy\/"},"modified":"2025-06-29T14:39:12","modified_gmt":"2025-06-29T12:39:12","slug":"koteles-gyorgy","status":"publish","type":"product","link":"https:\/\/uj.adatbank.ro\/lexikon\/termek\/koteles-gyorgy\/","title":{"rendered":"K\u00d6TELES Gy\u00f6rgy"},"content":{"rendered":"<p>Marosszentkir\u00e1ly (Maros), 1887., \u2020 ?: gazd\u00e1lkod\u00f3. \u2013 Iskol\u00e1i elv\u00e9gz\u00e9se ut\u00e1n a sz\u00fcl\u0151i h\u00e1zn\u00e1l tanult gazd\u00e1lkosni. Az els\u0151 vh.-ban az 5. h. t\u0171z\u00e9rezredben az orosz fronton harcolt, tizedesi rangban szerelt le. <br \/><strong>Irod.:<\/strong> Sz\u00e9kelyf\u00f6ld \u00ed. k.<\/br><\/p>\n","protected":false},"excerpt":{"rendered":"<p>Marosszentkir\u00e1ly (Maros), 1887., \u2020 ?: gazd\u00e1lkod\u00f3. \u2013 Iskol\u00e1i elv\u00e9gz\u00e9se ut\u00e1n a sz\u00fcl\u0151i h\u00e1zn\u00e1l tanult gazd\u00e1lkosni. Az els\u0151 vh.-ban az 5. h. t\u0171z\u00e9rezredben az orosz fronton harcolt, tizedesi rangban szerelt le. Irod.: Sz\u00e9kelyf\u00f6ld \u00ed. k.<\/p>\n","protected":false},"featured_media":0,"comment_status":"open","ping_status":"closed","template":"","meta":[],"product_brand":[],"product_cat":[137],"product_tag":[],"class_list":{"0":"post-12788","1":"product","2":"type-product","3":"status-publish","5":"product_cat-maros-megyei-eletrajzi-lexikon","7":"first","8":"instock","9":"shipping-taxable","10":"product-type-simple"},"_links":{"self":[{"href":"https:\/\/uj.adatbank.ro\/lexikon\/wp-json\/wp\/v2\/product\/12788","targetHints":{"allow":["GET"]}}],"collection":[{"href":"https:\/\/uj.adatbank.ro\/lexikon\/wp-json\/wp\/v2\/product"}],"about":[{"href":"https:\/\/uj.adatbank.ro\/lexikon\/wp-json\/wp\/v2\/types\/product"}],"replies":[{"embeddable":true,"href":"https:\/\/uj.adatbank.ro\/lexikon\/wp-json\/wp\/v2\/comments?post=12788"}],"wp:attachment":[{"href":"https:\/\/uj.adatbank.ro\/lexikon\/wp-json\/wp\/v2\/media?parent=12788"}],"wp:term":[{"taxonomy":"product_brand","embeddable":true,"href":"https:\/\/uj.adatbank.ro\/lexikon\/wp-json\/wp\/v2\/product_brand?post=12788"},{"taxonomy":"product_cat","embeddable":true,"href":"https:\/\/uj.adatbank.ro\/lexikon\/wp-json\/wp\/v2\/product_cat?post=12788"},{"taxonomy":"product_tag","embeddable":true,"href":"https:\/\/uj.adatbank.ro\/lexikon\/wp-json\/wp\/v2\/product_tag?post=12788"}],"curies":[{"name":"wp","href":"https:\/\/api.w.org\/{rel}","templated":true}]}}