{"id":12790,"date":"2025-06-29T14:39:16","date_gmt":"2025-06-29T12:39:16","guid":{"rendered":"https:\/\/uj.adatbank.ro\/lexikon\/termek\/koteles-samuel\/"},"modified":"2025-06-29T14:39:16","modified_gmt":"2025-06-29T12:39:16","slug":"koteles-samuel","status":"publish","type":"product","link":"https:\/\/uj.adatbank.ro\/lexikon\/termek\/koteles-samuel\/","title":{"rendered":"K\u00d6TELES S\u00e1muel"},"content":{"rendered":"<p>\u00dajtorda, 1770. jan. 30., \u2020 Nagyenyed, 1831. m\u00e1j. 17.: filoz\u00f3fus, tan\u00e1r, a m. filoz\u00f3fiai szaknyelv megteremt\u0151je. \u2013 Feles\u00e9ge: G\u00e1l Rebeka. + gyermek\u00fck volt. &#8211; Tanulm\u00e1nyait Nagyenyeden v\u00e9gezte (1781\u2013), ahol a fels\u0151 oszt\u00e1lyba m\u00e1r oszt\u00e1lytan\u00edt\u00f3 is volt az oratoriumban \u00e9s rendkiv\u00fcli praeses a filoz\u00f3fi\u00e1ban (1788\u2013). J\u00e9n\u00e1ban folytatta teol\u00f3giai egyetemi tanulm\u00e1nyait, a kanti filoz\u00f3fia ismertet\u00e9s\u00e9nek sz\u00e9khely\u00e9n, ahol Fichte el\u0151ad\u00e1sait is hallgatta (1796\u201398). Hazat\u00e9rve egy \u00e9vig udvari papja volt \u00f6zv. Vargyasi br. D\u00e1niel Istv\u00e1nn\u00e9nak (1798\u201399). Megv\u00e1lasztott\u00e1k a mv.-i Koll. tan\u00e1r\u00e1nak (1799. j\u00fan. 16. \u2013 1818) filoz\u00f3fi\u00e1t, statisztik\u00e1t, politik\u00e1t \u00e9s f\u00f6ldrajzot tan\u00edtott; a koll. rektora (1808\u201311). Benne odaad\u00f3 szaktan\u00e1rt nyert a koll\u00e9gium, mivel lelkes \u00e9s odaad\u00f3 el\u0151ad\u00e1saival annyira megkedveltette tant\u00e1rgy\u00e1t tan\u00edtv\u00e1nyaivak, hogy val\u00f3s\u00e1ggal rajongtak \u00e9rte, \u00e9s lelkesedtek el\u0151ad\u00e1sai\u00e9rt. Ennek az a magyar\u00e1zata, hogy tant\u00e1rgy\u00e1t egy\u00e9nis\u00e9g\u00e9nek szeretetrem\u00e9lt\u00f3s\u00e1g\u00e1val \u00e9s f\u0151leg m. nyelven adta el\u0151, mert mint mondotta: \u2019\u2019Mi\u00e9rt m\u00edvelj\u00fcnk idegen mez\u0151ket \u00e9s f\u00f6ldeket, mid\u0151n tulajdon sz\u00e1nt\u00f3f\u00f6ldeinket m\u00edvelhetj\u00fck ? \u2019\u2019 \u00c9rdemeit id. Sz\u00e1sz K\u00e1roly \u201eA der\u00e9k ember \u00e9s ritka \u00e9rdem\u0171 tan\u00edt\u00f3\u201d (Kv., 1831) c. \u00edr\u00e1s\u00e1ban m\u00e9ltatta. Tan\u00e1rs\u00e1ga mellett, az el\u0151lj\u00e1r\u00f3s\u00e1gi gy\u0171l\u00e9sek jegyz\u0151k\u00f6nyv\u00e9t 9 \u00e9vig (1799\u20131808) vezete; a Ref. Koll. tan\u00e1rainak (1718\u20131808) r\u00f6vid \u00e9letrajzi adatait \u0151 \u00edrta meg \u00e9s jegyezte be az anyak\u00f6nyvbe, ahov\u00e1 m\u00e9g folytat\u00f3lag a gondnokok n\u00e9vsor\u00e1t, majd a gyulafeh\u00e9rv\u00e1r-mv.-i Koll.-ban v\u00e9gzett tan\u00e1rok \u00e9s orvosok n\u00e9vjegyz\u00e9k\u00e9t is \u00f6ssze\u00e1ll\u00edtotta. Akt\u00edv tagja volt az Erd\u00e9lyi M. Nyelvm\u00edvel\u0151 T\u00e1rsas\u00e1gnak, annak megsz\u00fcn\u00e9s\u00e9ig (1801\u20131806), \u00f6sszej\u00f6veteleiken el\u0151ad\u00e1sokat tartott, r\u00e9szt vett a vit\u00e1kon. Megn\u0151s\u00fclt (1801), feles\u00e9ge G\u00e1l Rebeka mv.-i \u00fcgyv\u00e9d le\u00e1nya, 3 l\u00e9\u00e1nya volt \u00c1gnes, M\u00e1ria, Juli\u00e1nna \u00e9s egy fia, aki meghalt (1817). Val\u00f3sz\u00edn\u0171, ez\u00e9rt fogadta el a nagyenyedi koll. megh\u00edv\u00e1s\u00e1t, 18 \u00e9vi mv.-i tan\u00e1rs\u00e1ga ut\u00e1n a f\u0151egyh\u00e1ztan\u00e1cs a nagyenyedi f\u0151iskol\u00e1hoz helyezte (1818- ), ahol 13 \u00e9vet m\u0171k\u00f6d\u00f6tt b\u00f6lcseletet, \u00e1llamismeretet tan\u00edtott, Kant eszm\u00e9inek lelkes hirdet\u0151jek\u00e9nt, Kem\u00e9ny Zsigmond \u00e9s Bolyai J\u00e1nos is tan\u00edtv\u00e1nya volt; az enyedi Ref. Koll. rektora (1830\u2013) \u00e9s Enyed k\u00f6nyvcenzora. A m. filoz\u00f3fiai m\u0171nyelv egyik megterem\u00adt\u0151je. Mint nemzeti nyelv\u00fcnk egyik \u00fatt\u00f6r\u0151 harcos\u00e1t \u00e9s kiv\u00e1l\u00f3 szak\u00edr\u00f3j\u00e1t a M. Tud\u00f3s T\u00e1rsas\u00e1g (az MTA el\u0151dje) rendes tagj\u00e1v\u00e1 v\u00e1lasztotta (1830. nov. 17.). 31 \u00e9vi tan\u00e1ri p\u00e1lya ut\u00e1n hirtelen meghalt. Az enyedi temet\u0151 legmagasabb tetej\u00e9n temett\u00e9k el s\u00edrja felett d\u00edszes eml\u00e9koszlopon 1849 el\u0151tt ez volt olvashat\u00f3: \u201eEml\u00e9kezet\u00e9re, hogy sz\u00edvb\u0151l tisztelt\u00e9k, H\u00e1l\u00e1s tan\u00edtv\u00e1nyi k\u00f6nnyek k\u00f6zt emelt\u00e9k\u201d. Ez megrong\u00e1l\u00f3dott az 1848\u201349-es esem\u00e9nyk idej\u00e9n, tan\u00edtv\u00e1nyai \u00fajat \u00e9p\u00edtettek hely\u00e9be, ez is megrong\u00e1l\u00f3dott \u00e9s restaur\u00e1lt\u00e1k (2009. szept.). Cikkei : Tud. Gy\u0171jten\u00e9ny-ben. Mv.-en utca viseli a nev\u00e9t (1912\u20131920, 1941\u2013). \u2013 <strong>F. m.:<\/strong> Logika, vagy az \u00e9rtelem tudom\u00e1nya: 1. r\u00e9sz: Tiszta k\u00f6z\u00f6ns\u00e9ges logika; 2. r\u00e9sz: Alkalmazott logika (Mv., 1808; Kv., 1815; Nagyenyed, 1830); A mag\u00e1t nemes\u00edtni t\u00f6reked\u0151 b\u00f6lcs ifj\u00fa : halotti besz\u00e9d Sombori \u00c1d\u00e1m felett (Mv., 1813); A nagy embernek rajzolatja: halotti besz\u00e9d Szentp\u00e1li Elek felett (Kv., 1814); K\u00f6z\u00f6ns\u00e9ges logika (Kv., 1815; Nagyenyed, 1830); Az \u00e9rdemes asszony: Halotti besz\u00e9d gr. Bethlen M\u00e1ria felett, 1817. m\u00e1j. 3., 1817. m\u00e1j. 15. (Mv., 1817); Az erk\u00f6ltsi filoz\u00f3fi\u00e1nak eleji. 1. r\u00e9sz : Tiszta erk\u00f6lcsi filoz\u00f3fia; 2. r\u00e9sz: Erk\u00f6lcsi antropol\u00f3gia vagy alkalmazott erk\u00f6lcsi tudom\u00e1ny. (Mv., 1817); A szimp\u00e1tia. (Tudom\u00e1nyos gy\u0171jtem\u00e9ny, 1826 XII. 28\u201367); A filoz\u00f3fiaia encikl\u00f3p\u00e9di\u00e1ja (Nagyenyed, 1829); K\u00f6z\u00f6ns\u00e9ges logika vagy az \u00e9rtelem tudom\u00e1nya (1930); Philosophiai anthropol\u00f3gia (Buda, 1839); Haj\u00f3s J\u00f3zsef: K\u00f6teles S\u00e1muel (Buk., 1969; <strong>K\u00e9ziratban:<\/strong> Az \u00fagynevezett classisokban val\u00f3 tan\u00edt\u00e1snak \u00e9s tanul\u00e1snak m\u00f3dja (Mv., 1801); Politika. 1\u20132 r\u00e9sz (Mv., 1803); Logica universalis pura. (Mv., 1803), Compendium historiae philosophiae; (Mv., 1803), Theoria statistices. Statistica Regni Transilvaniae (1802\u201303), Statisztika. Theoretika r\u00e9sze a statisztik\u00e1nak. Anglia statisztik\u00e1ja. (Mv., 1805); Jegyzetek a theoretika statisztik\u00e1ra. Erd\u00e9lyorsz\u00e1g statisztik\u00e1ja (Mv., 1807); Historia philosophiae (Mv., 1807); Introductio in philosophiam moralem (1807); Compendium logices (Mv., 1807); Introduvtio in philosophiam mor\u00e1lem (Mv., 1807, 1808); A mv.-i. Koll. hist\u00f3ri\u00e1ja (Mv., 1807); Bevezet\u00e9s az erk\u00f6lcsi filoz\u00f3fi\u00e1ba (Mv., 1809); Synopsis cursus logici (1809); Metaphysica critica (1812); B\u00facs\u00faz\u00f3 besz\u00e9d mellyel a Mv.-i Rf. Koll. -b\u00f3l 18 \u00e9s f\u00e9l esztend\u0151kig folytatott professzori hivatalnak bev\u00e9gz\u00e9se alkalmatoss\u00e1g\u00e1val b\u00facs\u00fatott (Mv., 1818. m\u00e1rc. 4.); A tan\u00edt\u00f3i hivatal becse (Nagyenyed, 1820); Jus naturae. Pars prima: Jus naturae purum. sectio 1.: Jus privatum (1820-as \u00e9vek), Anthropologia philosophica quaestonibus et responsibus comprehensa (1823); Anthropologia, psychologica (Nagyenyed, 1824); Methaphysica (Nagyenyed, 1824); G\u00f6r\u00f6go.-i tud\u00f3s\u00edt\u00e1sok (1830); P\u00e9terfi Albert beiktat\u00e1sakor mondott besz\u00e9d (1830. nov. 27); Antropologia vagy embertudom\u00e1ny (1834); Psychologia empirica vagy a tapaszta\u00e1son \u00e9p\u00fclt tudom\u00e1ny a l\u00e9lekr\u0151l. <br \/><strong>Irod.:<\/strong> \u00c1d\u00e1m Zsigmond: K. S. (Szabad Sz\u00f3, 1947. m\u00e1j. 8.); Apa \u00e9s fi\u00fa k\u00fczdelme a k\u00f3rokkal: Ol\u00e1h Anna: Bolyai Farkas gy\u00f3gy\u00e1szati munk\u00e1ss\u00e1ga; Vofkori J\u00f3zsef: Bolyai J\u00e1nos betegs\u00e9gei kordokumentumok \u00e9s a modern orvostudom\u00e1ny t\u00fckr\u00e9ben (Mv., 2005); Bart\u00f3k Gy\u00f6rgy: K. S. \u00e9lete \u00e9s philosophi\u00e1ja (Bp.,., 1910.), Bolyai Farkas; Bota, Sorina; Czirj\u00e1k; Erd\u00e9lyi panteon; Er\u0151s v\u00e1runk; Ferenczy Jakab: Magyar \u00edr\u00f3k (Pest, 1856\u201358), F\u00fcl\u00f6p\u2013Ferencz; Gy\u00e1szjelent\u0151; Haj\u00f3s J\u00f3zsef: K. S. (Buk., 1969); Haj\u00f3s J\u00f3zsef: Az igazs\u00e1gnak nemcsak vert, hanem t\u00f6retlen \u00fatjain (A H\u00e9t \u00e9vk., 1979); Halotti besz\u00e9dek; H\u00edres polg\u00e1rok; Id\u0151t\u00e1r 1; Jancs\u00f3 Elem\u00e9r: K. S.  =  Mv. \u00e9s V\u00e1rtemploma; Ki kicsoda a filoz\u00f3fi\u00e1ban; Koczi\u00e1ny; Koczi\u00e1ny L\u00e1szl\u00f3: K. S. (V. Z., 1971. m\u00e1j. 16.); Koncz; Kozma; Kr\u00f3n F\u00fcz. (1939. 4\/7); L\u0151rincz L\u00e1szl\u00f3: AZ el\u0151d\u00f6k tisztelete (N\u00fa., Sz\u00ednes Vil\u00e1g, 2009. okt. 24.); Magda S\u00e1ndor: A magyar egyezm\u00e9nyes philosophia (1914.); M\u00e1th\u00e9 M\u00e1rta-Haller B\u00e9la: A mv.-i Ref. Koll. alap\u00edt\u00e1s\u00e1nak 450. \u00e9vfordul\u00f3j\u00e1ra (Magiszter, 3\u20134. sz., 2007); M\u00c9L; MIIB; P\u00e1l-Antal 2009; Profiluri mure\u015fene. 2.; R\u00e1cz 2009; RNL; Szab\u00f3\u2013Sz\u00f6gi; Sz\u00e1sz K\u00e1roly: A der\u00e9k ember \u00e9s ritka \u00e9rdem\u0171 tan\u00edt\u00f3 k\u00e9pe: Halotti besz\u00e9d K. S. felett, 1831. j\u00fan. 27. (Kv., 1831); Szentgy\u00f6rgyi; Szinnyei; Todea 2013; \u00daM\u00c9L; \u00daMIL; Vigh; Zov\u00e1nyi<\/br><\/p>\n","protected":false},"excerpt":{"rendered":"<p>\u00dajtorda, 1770. jan. 30., \u2020 Nagyenyed, 1831. m\u00e1j. 17.: filoz\u00f3fus, tan\u00e1r, a m. filoz\u00f3fiai szaknyelv megteremt\u0151je. \u2013 Feles\u00e9ge: G\u00e1l Rebeka. + gyermek\u00fck volt. &#8211; Tanulm\u00e1nyait Nagyenyeden v\u00e9gezte (1781\u2013), ahol a fels\u0151 oszt\u00e1lyba m\u00e1r oszt\u00e1lytan\u00edt\u00f3 is volt az oratoriumban \u00e9s rendkiv\u00fcli praeses a filoz\u00f3fi\u00e1ban (1788\u2013). J\u00e9n\u00e1ban folytatta teol\u00f3giai egyetemi tanulm\u00e1nyait, a kanti filoz\u00f3fia ismertet\u00e9s\u00e9nek sz\u00e9khely\u00e9n, ahol [&hellip;]<\/p>\n","protected":false},"featured_media":0,"comment_status":"open","ping_status":"closed","template":"","meta":[],"product_brand":[],"product_cat":[137],"product_tag":[],"class_list":{"0":"post-12790","1":"product","2":"type-product","3":"status-publish","5":"product_cat-maros-megyei-eletrajzi-lexikon","7":"first","8":"instock","9":"shipping-taxable","10":"product-type-simple"},"_links":{"self":[{"href":"https:\/\/uj.adatbank.ro\/lexikon\/wp-json\/wp\/v2\/product\/12790","targetHints":{"allow":["GET"]}}],"collection":[{"href":"https:\/\/uj.adatbank.ro\/lexikon\/wp-json\/wp\/v2\/product"}],"about":[{"href":"https:\/\/uj.adatbank.ro\/lexikon\/wp-json\/wp\/v2\/types\/product"}],"replies":[{"embeddable":true,"href":"https:\/\/uj.adatbank.ro\/lexikon\/wp-json\/wp\/v2\/comments?post=12790"}],"wp:attachment":[{"href":"https:\/\/uj.adatbank.ro\/lexikon\/wp-json\/wp\/v2\/media?parent=12790"}],"wp:term":[{"taxonomy":"product_brand","embeddable":true,"href":"https:\/\/uj.adatbank.ro\/lexikon\/wp-json\/wp\/v2\/product_brand?post=12790"},{"taxonomy":"product_cat","embeddable":true,"href":"https:\/\/uj.adatbank.ro\/lexikon\/wp-json\/wp\/v2\/product_cat?post=12790"},{"taxonomy":"product_tag","embeddable":true,"href":"https:\/\/uj.adatbank.ro\/lexikon\/wp-json\/wp\/v2\/product_tag?post=12790"}],"curies":[{"name":"wp","href":"https:\/\/api.w.org\/{rel}","templated":true}]}}